{"id":27532,"date":"2025-01-06T22:24:27","date_gmt":"2025-01-06T22:24:27","guid":{"rendered":"https:\/\/avesaguiar.ch\/produit\/nido-de-plastico\/"},"modified":"2025-01-06T22:24:27","modified_gmt":"2025-01-06T22:24:27","slug":"nido-de-plastico","status":"publish","type":"product","link":"https:\/\/avesaguiar.ch\/es\/produit\/nido-de-plastico\/","title":{"rendered":"Nido de pl\u00e1stico"},"content":{"rendered":"<p>Caja nido de pl\u00e1stico para aves ex\u00f3ticas.<\/p>\n<p>Presenta una percha extra\u00edble en la parte delantera y 2 ganchos para colgar el nido dentro o fuera de la jaula.<\/p>\n<p>Una abertura en la parte superior de la caja nido permite acceder f\u00e1cilmente al nido.<\/p>\n<p>Dimensiones: 13 x 10 x 9,5 cm<\/p>\n","protected":false},"excerpt":{"rendered":"<p>Caja nido de pl\u00e1stico para aves ex\u00f3ticas. Presenta una percha extra\u00edble en la parte delantera y 2 ganchos para colgar el nido dentro o fuera de la jaula. Una abertura en la parte superior de la caja nido permite acceder f\u00e1cilmente al nido. Dimensiones: 13 x 10 x 9,5 cm<\/p>\n","protected":false},"featured_media":23355,"comment_status":"open","ping_status":"closed","template":"","meta":[],"product_brand":[61],"product_cat":[299,250],"product_tag":[],"class_list":{"0":"post-27532","1":"product","2":"type-product","3":"status-publish","4":"has-post-thumbnail","6":"product_brand-2gr","7":"product_cat-nidos-y-materiales","8":"product_cat-pajaros","9":"product_shipping_class-postpac-economia-900g","12":"first","13":"instock","14":"shipping-taxable","15":"purchasable","16":"product-type-simple"},"jetpack_sharing_enabled":true,"_links":{"self":[{"href":"https:\/\/avesaguiar.ch\/es\/wp-json\/wp\/v2\/product\/27532","targetHints":{"allow":["GET"]}}],"collection":[{"href":"https:\/\/avesaguiar.ch\/es\/wp-json\/wp\/v2\/product"}],"about":[{"href":"https:\/\/avesaguiar.ch\/es\/wp-json\/wp\/v2\/types\/product"}],"replies":[{"embeddable":true,"href":"https:\/\/avesaguiar.ch\/es\/wp-json\/wp\/v2\/comments?post=27532"}],"wp:featuredmedia":[{"embeddable":true,"href":"https:\/\/avesaguiar.ch\/es\/wp-json\/wp\/v2\/media\/23355"}],"wp:attachment":[{"href":"https:\/\/avesaguiar.ch\/es\/wp-json\/wp\/v2\/media?parent=27532"}],"wp:term":[{"taxonomy":"product_brand","embeddable":true,"href":"https:\/\/avesaguiar.ch\/es\/wp-json\/wp\/v2\/product_brand?post=27532"},{"taxonomy":"product_cat","embeddable":true,"href":"https:\/\/avesaguiar.ch\/es\/wp-json\/wp\/v2\/product_cat?post=27532"},{"taxonomy":"product_tag","embeddable":true,"href":"https:\/\/avesaguiar.ch\/es\/wp-json\/wp\/v2\/product_tag?post=27532"}],"curies":[{"name":"wp","href":"https:\/\/api.w.org\/{rel}","templated":true}]}}