{"id":27567,"date":"2025-01-09T11:31:11","date_gmt":"2025-01-09T11:31:11","guid":{"rendered":"https:\/\/avesaguiar.ch\/produit\/euro-premium-digestion-adulto\/"},"modified":"2025-01-09T11:31:11","modified_gmt":"2025-01-09T11:31:11","slug":"euro-premium-digestion-adulto","status":"publish","type":"product","link":"https:\/\/avesaguiar.ch\/es\/produit\/euro-premium-digestion-adulto\/","title":{"rendered":"Euro Premium- Digesti\u00f3n+ Adulto"},"content":{"rendered":"<p>Euro-Premium Digestion + (Pato) Adulto Razas Grandes y Medianas<\/p>\n<p><strong>Prote\u00ednas animales: 79<\/strong><\/p>\n<p>Funcional es el alimento sin cereales perfecto para perros adultos con necesidades especiales, ya sean \u00e9stas consecuencia de una digesti\u00f3n dif\u00edcil, problemas de piel y pelo o esterilizaci\u00f3n\/castraci\u00f3n.<\/p>\n<p>Como sugiere el nombre de nuestra gama, los alimentos Functionnal contienen ingredientes funcionales que tratan determinados problemas y mejoran la salud general de tu perro. Por tanto, estos alimentos tambi\u00e9n pueden administrarse a tu mascota como medida preventiva. <\/p>\n<p>Los productos Functionnal contienen antioxidantes naturales y una mezcla \u00fanica de extractos de plantas. Estos antioxidantes, derivados de la c\u00farcuma, el romero, el clavo, la vid y los c\u00edtricos, ayudan a equilibrar y reforzar el sistema inmunitario de tu perro. <\/p>\n<p>La gama Funcional tambi\u00e9n contiene una potente mezcla de probi\u00f3ticos como FOS, MOS y XOS. Esta mezcla de fibras solubles e insolubles garantiza una digesti\u00f3n \u00f3ptima de los alimentos. <\/p>\n<p>\u00bfEl ingrediente principal de los productos funcionales? Carne o pescado, fuentes importantes de amino\u00e1cidos que tambi\u00e9n facilitan la digesti\u00f3n. <\/p>\n<p>Por \u00faltimo, los alimentos funcionales no contienen cereales. \u00c9stos se sustituyen por patatas y verduras, que aportan una cantidad equivalente de energ\u00eda. \u00bfPor qu\u00e9 eliminar los cereales de la alimentaci\u00f3n? Porque algunos perros son intolerantes a ellos, mientras que las patatas y las verduras no suponen un riesgo comparable. Adem\u00e1s, estos sustitutos de los cereales son naturalmente ricos en vitamina C.    <\/p>\n<p>\u00bfTu perro tiene el est\u00f3mago sensible o problemas digestivos? Elige Digestion+. <\/p>\n<p>Las fibras diet\u00e9ticas probi\u00f3ticas, como FOS, MOS y XOS, ayudan a garantizar una flora intestinal equilibrada. Los alimentos Digestion+ tambi\u00e9n contienen fibra de psilio, que se combina con el agua para absorber el exceso de humedad en las heces. Las fibras de pulpa de remolacha ayudan a ralentizar la digesti\u00f3n y mejoran la absorci\u00f3n de nutrientes. Digestion+ es rico en carne de venado y patatas para satisfacer ampliamente las necesidades prote\u00ednicas y energ\u00e9ticas de tu perro.   <\/p>\n<p>Alimento completo superpremium con carne de venado y patatas para perros adultos (&gt;1 a\u00f1o) de razas medianas y grandes (&gt;10kg) &#8211; recomendado para perros con reacciones al\u00e9rgicas, como v\u00f3mitos o diarrea. Algunos perros sufren problemas estomacales, digestivos y\/o cut\u00e1neos porque son sensibles a determinados ingredientes. Esta selecci\u00f3n \u00fanica de ingredientes naturales, carne de caza y patatas minimiza el riesgo de reacciones al\u00e9rgicas. La adici\u00f3n de pulpa de remolacha y prebi\u00f3ticos (FOS, MOS y XOS) favorece el desarrollo de un sistema digestivo \u00f3ptimo. Este alimento completo de alta calidad est\u00e1 enriquecido con extractos de plantas para favorecer el desarrollo del sistema inmunitario natural. La proporci\u00f3n ideal de \u00e1cidos grasos omega-3 y omega-6 devuelve el brillo al pelaje y refuerza el sistema inmunitario.     <\/p>\n<p>Harina de carne de ave (rehidratada 45%), patatas, carne de venado (deshidratada 14%), guisantes, grasa de pollo, hidrolizado de h\u00edgado de ave, pulpa de remolacha, cloruro s\u00f3dico, carbonato c\u00e1lcico, fosfato dic\u00e1lcico, aceite de pescado refinado, yuca, psilio, glucosamina, condroit\u00edn sulfato, FOS, MOS, XOS, lecitina, extractos de plantas (Citrus sp. Syzygium sp, Curcuma sp., Romero sp. y Vitis sp.).<\/p>\n<p>Prote\u00edna bruta: 24,5% &#8211; contenido en grasa: 15% &#8211; fibra bruta: 2,5% &#8211; ceniza bruta: 7,5% &#8211; calcio: 1,50% &#8211; f\u00f3sforo: 0,9%.<\/p>\n<p><strong>DISPONIBLE EN 10kg<\/strong><\/p>\n","protected":false},"excerpt":{"rendered":"<p>Por \u00faltimo, los alimentos funcionales no contienen cereales. \u00c9stos se sustituyen por patatas y verduras, que aportan una cantidad equivalente de energ\u00eda. <\/p>\n","protected":false},"featured_media":23650,"comment_status":"open","ping_status":"closed","template":"","meta":[],"product_brand":[182],"product_cat":[335,258],"product_tag":[],"class_list":{"0":"post-27567","1":"product","2":"type-product","3":"status-publish","4":"has-post-thumbnail","6":"product_brand-beyers","7":"product_cat-fuente-de-alimentacion-3","8":"product_cat-perro","11":"first","12":"onbackorder","13":"shipping-taxable","14":"purchasable","15":"product-type-simple"},"jetpack_sharing_enabled":true,"_links":{"self":[{"href":"https:\/\/avesaguiar.ch\/es\/wp-json\/wp\/v2\/product\/27567","targetHints":{"allow":["GET"]}}],"collection":[{"href":"https:\/\/avesaguiar.ch\/es\/wp-json\/wp\/v2\/product"}],"about":[{"href":"https:\/\/avesaguiar.ch\/es\/wp-json\/wp\/v2\/types\/product"}],"replies":[{"embeddable":true,"href":"https:\/\/avesaguiar.ch\/es\/wp-json\/wp\/v2\/comments?post=27567"}],"wp:featuredmedia":[{"embeddable":true,"href":"https:\/\/avesaguiar.ch\/es\/wp-json\/wp\/v2\/media\/23650"}],"wp:attachment":[{"href":"https:\/\/avesaguiar.ch\/es\/wp-json\/wp\/v2\/media?parent=27567"}],"wp:term":[{"taxonomy":"product_brand","embeddable":true,"href":"https:\/\/avesaguiar.ch\/es\/wp-json\/wp\/v2\/product_brand?post=27567"},{"taxonomy":"product_cat","embeddable":true,"href":"https:\/\/avesaguiar.ch\/es\/wp-json\/wp\/v2\/product_cat?post=27567"},{"taxonomy":"product_tag","embeddable":true,"href":"https:\/\/avesaguiar.ch\/es\/wp-json\/wp\/v2\/product_tag?post=27567"}],"curies":[{"name":"wp","href":"https:\/\/api.w.org\/{rel}","templated":true}]}}