{"id":27574,"date":"2025-01-09T11:39:10","date_gmt":"2025-01-09T11:39:10","guid":{"rendered":"https:\/\/avesaguiar.ch\/produit\/arbol-para-gatos-azalea-natural\/"},"modified":"2025-01-09T11:39:10","modified_gmt":"2025-01-09T11:39:10","slug":"arbol-para-gatos-azalea-natural","status":"publish","type":"product","link":"https:\/\/avesaguiar.ch\/es\/produit\/arbol-para-gatos-azalea-natural\/","title":{"rendered":"\u00c1rbol para gatos Azalea natural"},"content":{"rendered":"<p>\u00c1rbol para gatos Azalea natural 50x50x95,5 cm<\/p>\n<ul>\n<li>  \u00c1rbol para gatos<\/li>\n<li>Permite a los gatos dom\u00e9sticos ara\u00f1ar como lo har\u00edan en la naturaleza<\/li>\n<li>Materiales trenzados naturales (sisal, yute, jacinto de agua, hojas de pl\u00e1tano)<\/li>\n<li>C\u00f3modos cojines y estantes .<\/li>\n<\/ul>\n","protected":false},"excerpt":{"rendered":"<p>C\u00f3modos cojines y estantes .<\/p>\n","protected":false},"featured_media":23661,"comment_status":"open","ping_status":"closed","template":"","meta":[],"product_brand":[60,63],"product_cat":[271,270],"product_tag":[],"class_list":{"0":"post-27574","1":"product","2":"type-product","3":"status-publish","4":"has-post-thumbnail","6":"product_brand-raggio-di-sole","7":"product_brand-roehnfried","8":"product_cat-accesorios-2","9":"product_cat-gatos","12":"first","13":"instock","14":"sale","15":"shipping-taxable","16":"purchasable","17":"product-type-simple"},"jetpack_sharing_enabled":true,"_links":{"self":[{"href":"https:\/\/avesaguiar.ch\/es\/wp-json\/wp\/v2\/product\/27574","targetHints":{"allow":["GET"]}}],"collection":[{"href":"https:\/\/avesaguiar.ch\/es\/wp-json\/wp\/v2\/product"}],"about":[{"href":"https:\/\/avesaguiar.ch\/es\/wp-json\/wp\/v2\/types\/product"}],"replies":[{"embeddable":true,"href":"https:\/\/avesaguiar.ch\/es\/wp-json\/wp\/v2\/comments?post=27574"}],"wp:featuredmedia":[{"embeddable":true,"href":"https:\/\/avesaguiar.ch\/es\/wp-json\/wp\/v2\/media\/23661"}],"wp:attachment":[{"href":"https:\/\/avesaguiar.ch\/es\/wp-json\/wp\/v2\/media?parent=27574"}],"wp:term":[{"taxonomy":"product_brand","embeddable":true,"href":"https:\/\/avesaguiar.ch\/es\/wp-json\/wp\/v2\/product_brand?post=27574"},{"taxonomy":"product_cat","embeddable":true,"href":"https:\/\/avesaguiar.ch\/es\/wp-json\/wp\/v2\/product_cat?post=27574"},{"taxonomy":"product_tag","embeddable":true,"href":"https:\/\/avesaguiar.ch\/es\/wp-json\/wp\/v2\/product_tag?post=27574"}],"curies":[{"name":"wp","href":"https:\/\/api.w.org\/{rel}","templated":true}]}}