{"id":27583,"date":"2025-01-09T11:49:27","date_gmt":"2025-01-09T11:49:27","guid":{"rendered":"https:\/\/avesaguiar.ch\/produit\/rascadores-para-gatos-arbol-de-compras-paris\/"},"modified":"2025-01-09T11:49:27","modified_gmt":"2025-01-09T11:49:27","slug":"rascadores-para-gatos-arbol-de-compras-paris","status":"publish","type":"product","link":"https:\/\/avesaguiar.ch\/es\/produit\/rascadores-para-gatos-arbol-de-compras-paris\/","title":{"rendered":"Rascadores para gatos \u00c1rbol de compras Par\u00eds"},"content":{"rendered":"<p>\u00c1rbol para gatos Paris Rascador para gatos, 103 x 50 x 240-260 cm<\/p>\n<p>Este \u00e1rbol de juegos para gatos es un gran ahorro de espacio y una soluci\u00f3n divertida.<br \/>\nCon su dise\u00f1o cl\u00e1sico y lujoso, ofrece muchas formas y mucho espacio para que tu gato salte, juegue, haga ejercicio o se eche una siesta.<br \/>\nUn \u00e1rbol para gatos es el pasatiempo favorito de todo gato.<br \/>\nUn \u00e1rbol para gatos permite a los gatos rascarse las u\u00f1as y mantiene tus muebles intactos.<br \/>\nTambi\u00e9n es perfecto como lugar para dormir o como acogedor escondite.<\/p>\n","protected":false},"excerpt":{"rendered":"<p>El \u00e1rbol para gatos es el pasatiempo favorito de todo gato.<\/p>\n","protected":false},"featured_media":23668,"comment_status":"open","ping_status":"closed","template":"","meta":[],"product_brand":[60],"product_cat":[271,270],"product_tag":[],"class_list":{"0":"post-27583","1":"product","2":"type-product","3":"status-publish","4":"has-post-thumbnail","6":"product_brand-raggio-di-sole","7":"product_cat-accesorios-2","8":"product_cat-gatos","11":"first","12":"instock","13":"sale","14":"shipping-taxable","15":"purchasable","16":"product-type-simple"},"jetpack_sharing_enabled":true,"_links":{"self":[{"href":"https:\/\/avesaguiar.ch\/es\/wp-json\/wp\/v2\/product\/27583","targetHints":{"allow":["GET"]}}],"collection":[{"href":"https:\/\/avesaguiar.ch\/es\/wp-json\/wp\/v2\/product"}],"about":[{"href":"https:\/\/avesaguiar.ch\/es\/wp-json\/wp\/v2\/types\/product"}],"replies":[{"embeddable":true,"href":"https:\/\/avesaguiar.ch\/es\/wp-json\/wp\/v2\/comments?post=27583"}],"wp:featuredmedia":[{"embeddable":true,"href":"https:\/\/avesaguiar.ch\/es\/wp-json\/wp\/v2\/media\/23668"}],"wp:attachment":[{"href":"https:\/\/avesaguiar.ch\/es\/wp-json\/wp\/v2\/media?parent=27583"}],"wp:term":[{"taxonomy":"product_brand","embeddable":true,"href":"https:\/\/avesaguiar.ch\/es\/wp-json\/wp\/v2\/product_brand?post=27583"},{"taxonomy":"product_cat","embeddable":true,"href":"https:\/\/avesaguiar.ch\/es\/wp-json\/wp\/v2\/product_cat?post=27583"},{"taxonomy":"product_tag","embeddable":true,"href":"https:\/\/avesaguiar.ch\/es\/wp-json\/wp\/v2\/product_tag?post=27583"}],"curies":[{"name":"wp","href":"https:\/\/api.w.org\/{rel}","templated":true}]}}