{"id":27593,"date":"2025-01-09T21:40:18","date_gmt":"2025-01-09T21:40:18","guid":{"rendered":"https:\/\/avesaguiar.ch\/produit\/conchas-de-ostra-finas\/"},"modified":"2025-01-09T21:40:18","modified_gmt":"2025-01-09T21:40:18","slug":"conchas-de-ostra-finas","status":"publish","type":"product","link":"https:\/\/avesaguiar.ch\/es\/produit\/conchas-de-ostra-finas\/","title":{"rendered":"CONCHAS DE OSTRA FINAS"},"content":{"rendered":"<h3 style=\"font-weight: 400;\">Descripci\u00f3n<\/h3>\n<p style=\"font-weight: 400;\">Las conchas finas de ostra son ideales como cobertura del suelo para las aves ornamentales o como alimento complementario para los animales.<\/p>\n<p style=\"font-weight: 400;\">Este producto de alta calidad est\u00e1 especialmente dise\u00f1ado para satisfacer las necesidades de calcio de tu p\u00e1jaro.<\/p>\n<p style=\"font-weight: 400;\">Con un peso de 5 kg, este lecho es una soluci\u00f3n sostenible para mantener limpio el entorno de tus p\u00e1jaros ornamentales. Las conchas de ostra se han seleccionado y procesado cuidadosamente para garantizar la textura y calidad adecuadas, contribuyendo al bienestar de tus amigos alados. <\/p>\n<p style=\"font-weight: 400;\">Gracias a la composici\u00f3n natural de las conchas de ostra, contribuyen al desgaste del pico de las aves y satisfacen sus necesidades de calcio. Esto las convierte no s\u00f3lo en una opci\u00f3n pr\u00e1ctica, sino tambi\u00e9n en una adici\u00f3n nutritiva a su dieta. <\/p>\n<p style=\"font-weight: 400;\">Las semillas de ostra garantizan un desarrollo positivo de la estructura \u00f3sea de tu ave ornamental.<\/p>\n<p style=\"font-weight: 400;\">Ofrece a tus aves ornamentales lo mejor con conchas de ostra finas y crea un entorno sano y confortable en el que puedan prosperar.<\/p>\n<p style=\"font-weight: 400;\">\u00a1Prueba hoy mismo las conchas de ostra y proporciona a tus aves ornamentales el entorno vital \u00f3ptimo que se merecen!<\/p>\n","protected":false},"excerpt":{"rendered":"<p>Ofrece a tus aves ornamentales lo mejor con conchas de ostra finas y crea un entorno sano y confortable en el que puedan prosperar.<\/p>\n","protected":false},"featured_media":23825,"comment_status":"open","ping_status":"closed","template":"","meta":[],"product_brand":[187],"product_cat":[247,321,250],"product_tag":[],"class_list":{"0":"post-27593","1":"product","2":"type-product","3":"status-publish","4":"has-post-thumbnail","6":"product_brand-kinlys","7":"product_cat-complementos-alimenticios-2","8":"product_cat-limpieza-higiene-2","9":"product_cat-pajaros","12":"first","13":"instock","14":"shipping-taxable","15":"purchasable","16":"product-type-simple"},"jetpack_sharing_enabled":true,"_links":{"self":[{"href":"https:\/\/avesaguiar.ch\/es\/wp-json\/wp\/v2\/product\/27593","targetHints":{"allow":["GET"]}}],"collection":[{"href":"https:\/\/avesaguiar.ch\/es\/wp-json\/wp\/v2\/product"}],"about":[{"href":"https:\/\/avesaguiar.ch\/es\/wp-json\/wp\/v2\/types\/product"}],"replies":[{"embeddable":true,"href":"https:\/\/avesaguiar.ch\/es\/wp-json\/wp\/v2\/comments?post=27593"}],"wp:featuredmedia":[{"embeddable":true,"href":"https:\/\/avesaguiar.ch\/es\/wp-json\/wp\/v2\/media\/23825"}],"wp:attachment":[{"href":"https:\/\/avesaguiar.ch\/es\/wp-json\/wp\/v2\/media?parent=27593"}],"wp:term":[{"taxonomy":"product_brand","embeddable":true,"href":"https:\/\/avesaguiar.ch\/es\/wp-json\/wp\/v2\/product_brand?post=27593"},{"taxonomy":"product_cat","embeddable":true,"href":"https:\/\/avesaguiar.ch\/es\/wp-json\/wp\/v2\/product_cat?post=27593"},{"taxonomy":"product_tag","embeddable":true,"href":"https:\/\/avesaguiar.ch\/es\/wp-json\/wp\/v2\/product_tag?post=27593"}],"curies":[{"name":"wp","href":"https:\/\/api.w.org\/{rel}","templated":true}]}}