{"id":27615,"date":"2025-01-06T19:42:45","date_gmt":"2025-01-06T19:42:45","guid":{"rendered":"https:\/\/avesaguiar.ch\/produit\/fertibol\/"},"modified":"2025-01-06T19:42:45","modified_gmt":"2025-01-06T19:42:45","slug":"fertibol","status":"publish","type":"product","link":"https:\/\/avesaguiar.ch\/es\/produit\/fertibol\/","title":{"rendered":"Fertibol"},"content":{"rendered":"<h1 class=\"product-details-product-title\">Paloma Fertibol\/P\u00e1jaros<\/h1>\n<div class=\"product-description product-details--form-wrapper---below rte\">\n<div class=\"easytabs-text\">\n<p><strong>Una base s\u00f3lida para la vida.  <\/strong><\/p>\n<p>Con nuestra mezcla especial de calcio, f\u00f3sforo y vitaminas A, D y E, puedes dar a tus palomas y p\u00e1jaros el mejor comienzo. Esto garantiza c\u00e1scaras de huevo m\u00e1s fuertes y permite a las palomas j\u00f3venes eclosionar sin problemas. Las palomas j\u00f3venes se benefician de unos huesos sanos y un desarrollo \u00f3ptimo.  <\/p>\n<p>Beneficios<\/p>\n<ul>\n<li>C\u00e1scaras de huevo m\u00e1s fuertes<\/li>\n<li>M\u00e1s f\u00e1cil de incubar<\/li>\n<li>Favorece el desarrollo \u00f3ptimo del esqueleto<\/li>\n<li>Ingesta nutricional \u00f3ptima para una descendencia sana y vital<\/li>\n<\/ul>\n<\/div>\n<div id=\"6012700852384\" class=\"easytabs-container tab-widget-6012700852384 easytabs-inited\" data-et-min-width=\"0\" data-et-auto-accordion=\"0\" data-et-cbw=\"1\" data-et-cbr=\"3\" data-et-sta=\"1\" data-et-amp=\"0\" data-et-flx=\"0\" data-et-wt=\"0\" data-et-ao=\"1\" data-et-tabs-width=\"178\">\n<div class=\"easytabs-holder easytabs-accordion\">\n<ul class=\"easytabs-tabs\" role=\"tablist\">\n<li class=\"easytabs-tab-item easytabs-active\" tabindex=\"0\" role=\"tab\" data-et-marker=\"tabs-fertibol-pigeon-2\" data-et-handle=\"tabs-usage\" aria-labelledby=\"easytabs-tab-label-6012700852384-0\" aria-selected=\"true\">\n<\/li>\n<\/ul>\n<div class=\"easytabs-contents\" role=\"tablist\">\n<div class=\"easytabs-content-item easytabs-active\" data-et-marker=\"tabs-fertibol-pigeon-2\" data-et-handle=\"tabs-usage\">\n<div class=\"easytabs-accordion-item\" tabindex=\"0\" role=\"tab\" aria-labelledby=\"easytabs-slide-label-6012700852384-0\" aria-selected=\"true\"><span id=\"easytabs-slide-label-6012700852384-0\" class=\"easytabs-header-text ui-tabs-anchor js-no-transition\">Utilizaci\u00f3n<\/span><\/div>\n<div class=\"easytabs-content-holder\" role=\"tabpanel\" aria-labelledby=\"easytabs-slide-label-6012700852384-0\" aria-expanded=\"true\" aria-hidden=\"false\">\n<p>30 ml por kg de alimento (2 cucharadas soperas)<\/p>\n<p>Administrar diariamente a partir de 3 semanas antes del apareamiento.<\/p>\n<p>Agitar antes de usar.<\/p>\n<p><b>Nunca en el agua de bebida.<\/b><\/p>\n<\/div>\n<\/div>\n<\/div>\n<\/div>\n<\/div>\n<\/div>\n","protected":false},"excerpt":{"rendered":"<div class=\"easytabs-text\">\n<p>Beneficios<\/p>\n<ul>\n<li>C\u00e1scaras de huevo m\u00e1s fuertes<\/li>\n<li>M\u00e1s f\u00e1cil de incubar<\/li>\n<li>Favorece el desarrollo \u00f3ptimo del esqueleto<\/li>\n<li>Ingesta nutricional \u00f3ptima para una descendencia sana y vital<\/li>\n<\/ul>\n<\/div>\n<div id=\"6012700852384\" class=\"easytabs-container tab-widget-6012700852384 easytabs-inited\" data-et-min-width=\"0\" data-et-auto-accordion=\"0\" data-et-cbw=\"1\" data-et-cbr=\"3\" data-et-sta=\"1\" data-et-amp=\"0\" data-et-flx=\"0\" data-et-wt=\"0\" data-et-ao=\"1\" data-et-tabs-width=\"178\">\n<div class=\"easytabs-holder easytabs-accordion\">\n<ul class=\"easytabs-tabs\" role=\"tablist\">\n<li class=\"easytabs-tab-item easytabs-active\" tabindex=\"0\" role=\"tab\" data-et-marker=\"tabs-fertibol-pigeon-2\" data-et-handle=\"tabs-usage\" aria-labelledby=\"easytabs-tab-label-6012700852384-0\" aria-selected=\"true\">\n<\/li>\n<\/ul>\n<\/div>\n<\/div>\n","protected":false},"featured_media":23286,"comment_status":"open","ping_status":"closed","template":"","meta":[],"product_brand":[186],"product_cat":[247,237,250,255],"product_tag":[],"class_list":{"0":"post-27615","1":"product","2":"type-product","3":"status-publish","4":"has-post-thumbnail","6":"product_brand-comed-nv","7":"product_cat-complementos-alimenticios-2","8":"product_cat-complementos-alimenticios","9":"product_cat-pajaros","10":"product_cat-palomas","11":"product_shipping_class-postpac-economia-2kg","14":"first","15":"instock","16":"shipping-taxable","17":"purchasable","18":"product-type-variable","19":"has-default-attributes"},"jetpack_sharing_enabled":true,"_links":{"self":[{"href":"https:\/\/avesaguiar.ch\/es\/wp-json\/wp\/v2\/product\/27615","targetHints":{"allow":["GET"]}}],"collection":[{"href":"https:\/\/avesaguiar.ch\/es\/wp-json\/wp\/v2\/product"}],"about":[{"href":"https:\/\/avesaguiar.ch\/es\/wp-json\/wp\/v2\/types\/product"}],"replies":[{"embeddable":true,"href":"https:\/\/avesaguiar.ch\/es\/wp-json\/wp\/v2\/comments?post=27615"}],"wp:featuredmedia":[{"embeddable":true,"href":"https:\/\/avesaguiar.ch\/es\/wp-json\/wp\/v2\/media\/23286"}],"wp:attachment":[{"href":"https:\/\/avesaguiar.ch\/es\/wp-json\/wp\/v2\/media?parent=27615"}],"wp:term":[{"taxonomy":"product_brand","embeddable":true,"href":"https:\/\/avesaguiar.ch\/es\/wp-json\/wp\/v2\/product_brand?post=27615"},{"taxonomy":"product_cat","embeddable":true,"href":"https:\/\/avesaguiar.ch\/es\/wp-json\/wp\/v2\/product_cat?post=27615"},{"taxonomy":"product_tag","embeddable":true,"href":"https:\/\/avesaguiar.ch\/es\/wp-json\/wp\/v2\/product_tag?post=27615"}],"curies":[{"name":"wp","href":"https:\/\/api.w.org\/{rel}","templated":true}]}}