{"id":27650,"date":"2025-01-05T21:20:17","date_gmt":"2025-01-05T21:20:17","guid":{"rendered":"https:\/\/avesaguiar.ch\/produit\/poste-doble-de-madera\/"},"modified":"2025-01-05T21:20:17","modified_gmt":"2025-01-05T21:20:17","slug":"poste-doble-de-madera","status":"publish","type":"product","link":"https:\/\/avesaguiar.ch\/es\/produit\/poste-doble-de-madera\/","title":{"rendered":"POSTE DOBLE DE MADERA"},"content":{"rendered":"<p>UN JUGUETE DE MADERA PARA JAULAS, ESTILO ESCALERA O PUENTE: T\u00da ELIGES.<\/p>\n<p>DISE\u00d1ADO PARA ESTIMULAR TODOS LOS SENTIDOS, MANTENIENDO A LOS P\u00c1JAROS ENTRETENIDOS Y ACTIVOS DURANTE TODO EL D\u00cdA.<\/p>\n<p>EL JUGUETE PUEDE COLGARSE DEL TECHO DE LA JAULA O DE CUALQUIERA DE SUS LADOS<\/p>\n<p>LONGITUD X ANCHURA X ALTURA &#8211; 17,5 X 3 X 66<\/p>\n<p>&nbsp;<\/p>\n","protected":false},"excerpt":{"rendered":"<p>EL JUGUETE PUEDE COLGARSE DEL TECHO DE LA JAULA O DE CUALQUIERA DE SUS LADOS<\/p>\n","protected":false},"featured_media":23059,"comment_status":"open","ping_status":"closed","template":"","meta":[],"product_brand":[62],"product_cat":[282,225,250],"product_tag":[],"class_list":{"0":"post-27650","1":"product","2":"type-product","3":"status-publish","4":"has-post-thumbnail","6":"product_brand-benelux","7":"product_cat-accesorios-3","8":"product_cat-juguetes","9":"product_cat-pajaros","10":"product_shipping_class-postpac-economia-2kg","13":"first","14":"instock","15":"shipping-taxable","16":"purchasable","17":"product-type-simple"},"jetpack_sharing_enabled":true,"_links":{"self":[{"href":"https:\/\/avesaguiar.ch\/es\/wp-json\/wp\/v2\/product\/27650","targetHints":{"allow":["GET"]}}],"collection":[{"href":"https:\/\/avesaguiar.ch\/es\/wp-json\/wp\/v2\/product"}],"about":[{"href":"https:\/\/avesaguiar.ch\/es\/wp-json\/wp\/v2\/types\/product"}],"replies":[{"embeddable":true,"href":"https:\/\/avesaguiar.ch\/es\/wp-json\/wp\/v2\/comments?post=27650"}],"wp:featuredmedia":[{"embeddable":true,"href":"https:\/\/avesaguiar.ch\/es\/wp-json\/wp\/v2\/media\/23059"}],"wp:attachment":[{"href":"https:\/\/avesaguiar.ch\/es\/wp-json\/wp\/v2\/media?parent=27650"}],"wp:term":[{"taxonomy":"product_brand","embeddable":true,"href":"https:\/\/avesaguiar.ch\/es\/wp-json\/wp\/v2\/product_brand?post=27650"},{"taxonomy":"product_cat","embeddable":true,"href":"https:\/\/avesaguiar.ch\/es\/wp-json\/wp\/v2\/product_cat?post=27650"},{"taxonomy":"product_tag","embeddable":true,"href":"https:\/\/avesaguiar.ch\/es\/wp-json\/wp\/v2\/product_tag?post=27650"}],"curies":[{"name":"wp","href":"https:\/\/api.w.org\/{rel}","templated":true}]}}