{"id":27671,"date":"2025-01-05T21:36:18","date_gmt":"2025-01-05T21:36:18","guid":{"rendered":"https:\/\/avesaguiar.ch\/produit\/maleta-de-transporte\/"},"modified":"2025-01-05T21:36:18","modified_gmt":"2025-01-05T21:36:18","slug":"maleta-de-transporte","status":"publish","type":"product","link":"https:\/\/avesaguiar.ch\/es\/produit\/maleta-de-transporte\/","title":{"rendered":"Maleta de transporte"},"content":{"rendered":"<p>Maleta de transporte.<\/p>\n<p>Cumple la normativa FOI &#8211; Excelente relaci\u00f3n espacio\/ventilaci\u00f3n<\/p>\n<p>Se muestran los datos certificados de la tapa, para resaltar la capacidad. Estudiada al detalle &#8211; Probada y seleccionada por los mejores criadores. <\/p>\n<p>Antiest\u00e1tico y antibacteriano &#8211; F\u00e1cil de lavar. F\u00e1cil de desmontar &#8211; Pr\u00e1ctico de usar. Superligero &#8211; R\u00e1pido de montar.  <\/p>\n<p>Resistente a los golpes &#8211; Cierres de seguridad.<\/p>\n<p>cm 60 x 38 x h21 peso Kg 2,9<\/p>\n","protected":false},"excerpt":{"rendered":"<p>Jaula de transporte de pl\u00e1stico, ligera y f\u00e1cil de montar. 60x38x20 cm <\/p>\n","protected":false},"featured_media":23206,"comment_status":"open","ping_status":"closed","template":"","meta":[],"product_brand":[62],"product_cat":[327,250],"product_tag":[],"class_list":{"0":"post-27671","1":"product","2":"type-product","3":"status-publish","4":"has-post-thumbnail","6":"product_brand-benelux","7":"product_cat-jaulas","8":"product_cat-pajaros","9":"product_shipping_class-postpac-economia-10kg","12":"first","13":"instock","14":"shipping-taxable","15":"purchasable","16":"product-type-simple"},"jetpack_sharing_enabled":true,"_links":{"self":[{"href":"https:\/\/avesaguiar.ch\/es\/wp-json\/wp\/v2\/product\/27671","targetHints":{"allow":["GET"]}}],"collection":[{"href":"https:\/\/avesaguiar.ch\/es\/wp-json\/wp\/v2\/product"}],"about":[{"href":"https:\/\/avesaguiar.ch\/es\/wp-json\/wp\/v2\/types\/product"}],"replies":[{"embeddable":true,"href":"https:\/\/avesaguiar.ch\/es\/wp-json\/wp\/v2\/comments?post=27671"}],"wp:featuredmedia":[{"embeddable":true,"href":"https:\/\/avesaguiar.ch\/es\/wp-json\/wp\/v2\/media\/23206"}],"wp:attachment":[{"href":"https:\/\/avesaguiar.ch\/es\/wp-json\/wp\/v2\/media?parent=27671"}],"wp:term":[{"taxonomy":"product_brand","embeddable":true,"href":"https:\/\/avesaguiar.ch\/es\/wp-json\/wp\/v2\/product_brand?post=27671"},{"taxonomy":"product_cat","embeddable":true,"href":"https:\/\/avesaguiar.ch\/es\/wp-json\/wp\/v2\/product_cat?post=27671"},{"taxonomy":"product_tag","embeddable":true,"href":"https:\/\/avesaguiar.ch\/es\/wp-json\/wp\/v2\/product_tag?post=27671"}],"curies":[{"name":"wp","href":"https:\/\/api.w.org\/{rel}","templated":true}]}}