{"id":27677,"date":"2024-12-29T14:08:13","date_gmt":"2024-12-29T14:08:13","guid":{"rendered":"https:\/\/avesaguiar.ch\/produit\/calcio\/"},"modified":"2024-12-29T14:08:13","modified_gmt":"2024-12-29T14:08:13","slug":"calcio","status":"publish","type":"product","link":"https:\/\/avesaguiar.ch\/es\/produit\/calcio\/","title":{"rendered":"Calcio+"},"content":{"rendered":"<h1>Calcio+<\/h1>\n<div class=\"product__content\">\n<p>CALCIO+, un complemento alimenticio de m\u00e1xima calidad, es el resultado de una estrecha colaboraci\u00f3n entre veterinarios, nutricionistas, cient\u00edficos y criadores de primera l\u00ednea.<\/p>\n<p>Este complemento alimenticio contiene un 10% de calcio en una forma \u00f3ptima para su asimilaci\u00f3n en el tracto gastrointestinal de las aves. La ingesta de calcio de los piensos depende de la forma en que se incorpore al pienso. <\/p>\n<p>El calcio de calidad en forma de lactato c\u00e1lcico, gluconato c\u00e1lcico y citrato c\u00e1lcico de Calcio+ es f\u00e1cil de absorber. Si el calcio no se aporta en cantidades suficientes en la dieta, el cuerpo extraer\u00e1 el calcio que necesita de los huesos. Esta transferencia debilita los huesos, que se fracturan m\u00e1s f\u00e1cilmente. La adici\u00f3n de vitamina D3 estimula la asimilaci\u00f3n del calcio en el tracto gastrointestinal y su incorporaci\u00f3n al esqueleto y a la c\u00e1scara de los huevos.<\/p>\n<p>La vitamina D3 se aporta parcialmente en la dieta y se sintetiza parcialmente en la piel bajo la influencia de los rayos UV del sol. Por tanto, es esencial suplementar esta vitamina en las aves que se mantienen en el interior sin contacto directo con los rayos del sol. Su composici\u00f3n \u00fanica favorece la formaci\u00f3n de la c\u00e1scara del huevo y del esqueleto, y estimula la funci\u00f3n del sistema nervioso.  <\/p>\n<\/div>\n","protected":false},"excerpt":{"rendered":"<p>Calcio+ CALCIO+, un complemento alimenticio de m\u00e1xima calidad, es el resultado de una estrecha colaboraci\u00f3n entre veterinarios, nutricionistas, cient\u00edficos y criadores de primera l\u00ednea. Este complemento alimenticio contiene un 10% de calcio en una forma \u00f3ptima para su asimilaci\u00f3n en el tracto gastrointestinal de las aves. La ingesta de calcio de los piensos depende de [&hellip;]<\/p>\n","protected":false},"featured_media":22932,"comment_status":"open","ping_status":"closed","template":"","meta":[],"product_brand":[182],"product_cat":[237,242,250],"product_tag":[],"class_list":{"0":"post-27677","1":"product","2":"type-product","3":"status-publish","4":"has-post-thumbnail","6":"product_brand-beyers","7":"product_cat-complementos-alimenticios","8":"product_cat-fuente-de-alimentacion-2","9":"product_cat-pajaros","12":"first","13":"instock","14":"shipping-taxable","15":"purchasable","16":"product-type-simple"},"jetpack_sharing_enabled":true,"_links":{"self":[{"href":"https:\/\/avesaguiar.ch\/es\/wp-json\/wp\/v2\/product\/27677","targetHints":{"allow":["GET"]}}],"collection":[{"href":"https:\/\/avesaguiar.ch\/es\/wp-json\/wp\/v2\/product"}],"about":[{"href":"https:\/\/avesaguiar.ch\/es\/wp-json\/wp\/v2\/types\/product"}],"replies":[{"embeddable":true,"href":"https:\/\/avesaguiar.ch\/es\/wp-json\/wp\/v2\/comments?post=27677"}],"wp:featuredmedia":[{"embeddable":true,"href":"https:\/\/avesaguiar.ch\/es\/wp-json\/wp\/v2\/media\/22932"}],"wp:attachment":[{"href":"https:\/\/avesaguiar.ch\/es\/wp-json\/wp\/v2\/media?parent=27677"}],"wp:term":[{"taxonomy":"product_brand","embeddable":true,"href":"https:\/\/avesaguiar.ch\/es\/wp-json\/wp\/v2\/product_brand?post=27677"},{"taxonomy":"product_cat","embeddable":true,"href":"https:\/\/avesaguiar.ch\/es\/wp-json\/wp\/v2\/product_cat?post=27677"},{"taxonomy":"product_tag","embeddable":true,"href":"https:\/\/avesaguiar.ch\/es\/wp-json\/wp\/v2\/product_tag?post=27677"}],"curies":[{"name":"wp","href":"https:\/\/api.w.org\/{rel}","templated":true}]}}