{"id":27678,"date":"2024-12-15T07:44:42","date_gmt":"2024-12-15T07:44:42","guid":{"rendered":"https:\/\/avesaguiar.ch\/produit\/euro-premium-derma-salmon-adulto-10kg-sin-cereales-75-proteina\/"},"modified":"2024-12-15T07:44:42","modified_gmt":"2024-12-15T07:44:42","slug":"euro-premium-derma-salmon-adulto-10kg-sin-cereales-75-proteina","status":"publish","type":"product","link":"https:\/\/avesaguiar.ch\/es\/produit\/euro-premium-derma-salmon-adulto-10kg-sin-cereales-75-proteina\/","title":{"rendered":"Euro Premium- Derma+ (Salm\u00f3n) Adulto 10kg (Sin cereales) 75% Prote\u00edna"},"content":{"rendered":"<p>Euro-Premium Derma+ Razas Grandes y Medianas Adultos<\/p>\n<p><strong>Prote\u00ednas animales: 75%.<\/strong><\/p>\n<p>Funcional es el alimento sin cereales perfecto para perros adultos con necesidades especiales, ya sean \u00e9stas consecuencia de una digesti\u00f3n dif\u00edcil, problemas de piel y pelo o esterilizaci\u00f3n\/castraci\u00f3n.<\/p>\n<p>Como sugiere el nombre de nuestra gama, los alimentos Functionnal contienen ingredientes funcionales que tratan determinados problemas y mejoran la salud general de tu perro. Por tanto, estos alimentos tambi\u00e9n pueden administrarse a tu mascota como medida preventiva. <\/p>\n<p>Los productos Functionnal contienen antioxidantes naturales y una mezcla \u00fanica de extractos de plantas. Estos antioxidantes, derivados de la c\u00farcuma, el romero, el clavo, la vid y los c\u00edtricos, ayudan a equilibrar y reforzar el sistema inmunitario de tu perro. <\/p>\n<p>La gama Funcional tambi\u00e9n contiene una potente mezcla de probi\u00f3ticos como FOS, MOS y XOS. Esta mezcla de fibras solubles e insolubles garantiza una digesti\u00f3n \u00f3ptima de los alimentos. <\/p>\n<p>\u00bfEl ingrediente principal de los productos funcionales? Carne o pescado, fuentes importantes de amino\u00e1cidos que tambi\u00e9n facilitan la digesti\u00f3n. <\/p>\n<p>Por \u00faltimo, los alimentos funcionales no contienen cereales. \u00c9stos se sustituyen por patatas y verduras, que aportan una cantidad equivalente de energ\u00eda. \u00bfPor qu\u00e9 eliminar los cereales de la alimentaci\u00f3n? Porque algunos perros son intolerantes a ellos, mientras que las patatas y las verduras no suponen un riesgo comparable. Adem\u00e1s, estos sustitutos de los cereales son naturalmente ricos en vitamina C.    <\/p>\n<p>\u00bfTu perro tiene la piel o el pelo fr\u00e1giles? Elige Derma+. <\/p>\n<p>Para los perros con piel o pelo sensibles, es importante elegir una fuente de prote\u00ednas de alta calidad con bajo riesgo de reacci\u00f3n. En los alimentos Derma+, esta fuente no es otra que el salm\u00f3n. Combinado con krill ant\u00e1rtico y aceite de pescado, el salm\u00f3n proporciona una proporci\u00f3n \u00f3ptima de omega 3 y omega 6, as\u00ed como suficiente EPA y DHA para una piel y un pelo sanos. El zinc, la biotina y la L-tirosina tambi\u00e9n desempe\u00f1an un papel crucial, ya que esta \u00faltima previene la decoloraci\u00f3n del pelaje. Derma+ no contiene cereales ni productos l\u00e1cteos.    <\/p>\n<p>Alimento completo superpremium para perros adultos (&gt;1 a\u00f1o) de razas medianas y grandes (&gt;10kg). &#8211; Recomendado para perros con piel y pelo sensibles. La proporci\u00f3n ideal de \u00e1cidos grasos omega-3 y omega-6 y el excelente contenido de zink y biotina devuelven la luminosidad a la piel y el pelo. Algunos ingredientes pueden causar problemas estomacales, digestivos y\/o cut\u00e1neos. Esta selecci\u00f3n \u00fanica de ingredientes naturales, salm\u00f3n y patatas minimiza el riesgo de reacciones al\u00e9rgicas. Este alimento de calidad tambi\u00e9n est\u00e1 enriquecido con extractos de plantas para favorecer el desarrollo del sistema inmunitario natural. Los prebi\u00f3ticos (FOS, MOS y XOS) y la pulpa de remolacha favorecen una buena digesti\u00f3n y refuerzan el sistema inmunitario.      <\/p>\n<p>Salm\u00f3n (50%, rehidratado), patatas, grasa de pollo, guisantes, h\u00edgado de ave hidrolizado, levadura, pulpa de remolacha, salm\u00f3n hidrolizado, carbonato c\u00e1lcico, krill ant\u00e1rtico, algas, aceite de pescado refinado, glucosamina, condroit\u00edn sulfato, FOS, MOS, XOS, lecitina, extractos vegetales (Citrus sp. Syzygium sp., C\u00farcuma sp., Romero sp. y Vitis sp.).<\/p>\n<p>Prote\u00edna bruta: 25,5% &#8211; contenido en grasa: 15% &#8211; fibra bruta: 2,5% &#8211; ceniza bruta: 7,5% &#8211; calcio: 1,35% &#8211; f\u00f3sforo: 0,9%.<\/p>\n<p>DISPONIBLE EN -10kg<\/p>\n","protected":false},"excerpt":{"rendered":"<p>Funcional es el alimento sin cereales perfecto para perros adultos con necesidades especiales, ya sean \u00e9stas consecuencia de una digesti\u00f3n dif\u00edcil, problemas de piel y pelo o esterilizaci\u00f3n\/castraci\u00f3n.<\/p>\n","protected":false},"featured_media":22534,"comment_status":"open","ping_status":"closed","template":"","meta":[],"product_brand":[182],"product_cat":[335,258],"product_tag":[],"class_list":{"0":"post-27678","1":"product","2":"type-product","3":"status-publish","4":"has-post-thumbnail","6":"product_brand-beyers","7":"product_cat-fuente-de-alimentacion-3","8":"product_cat-perro","11":"first","12":"instock","13":"sale","14":"shipping-taxable","15":"purchasable","16":"product-type-simple"},"jetpack_sharing_enabled":true,"_links":{"self":[{"href":"https:\/\/avesaguiar.ch\/es\/wp-json\/wp\/v2\/product\/27678","targetHints":{"allow":["GET"]}}],"collection":[{"href":"https:\/\/avesaguiar.ch\/es\/wp-json\/wp\/v2\/product"}],"about":[{"href":"https:\/\/avesaguiar.ch\/es\/wp-json\/wp\/v2\/types\/product"}],"replies":[{"embeddable":true,"href":"https:\/\/avesaguiar.ch\/es\/wp-json\/wp\/v2\/comments?post=27678"}],"wp:featuredmedia":[{"embeddable":true,"href":"https:\/\/avesaguiar.ch\/es\/wp-json\/wp\/v2\/media\/22534"}],"wp:attachment":[{"href":"https:\/\/avesaguiar.ch\/es\/wp-json\/wp\/v2\/media?parent=27678"}],"wp:term":[{"taxonomy":"product_brand","embeddable":true,"href":"https:\/\/avesaguiar.ch\/es\/wp-json\/wp\/v2\/product_brand?post=27678"},{"taxonomy":"product_cat","embeddable":true,"href":"https:\/\/avesaguiar.ch\/es\/wp-json\/wp\/v2\/product_cat?post=27678"},{"taxonomy":"product_tag","embeddable":true,"href":"https:\/\/avesaguiar.ch\/es\/wp-json\/wp\/v2\/product_tag?post=27678"}],"curies":[{"name":"wp","href":"https:\/\/api.w.org\/{rel}","templated":true}]}}