{"id":27686,"date":"2024-12-29T14:14:41","date_gmt":"2024-12-29T14:14:41","guid":{"rendered":"https:\/\/avesaguiar.ch\/produit\/raza\/"},"modified":"2024-12-29T14:14:41","modified_gmt":"2024-12-29T14:14:41","slug":"raza","status":"publish","type":"product","link":"https:\/\/avesaguiar.ch\/es\/produit\/raza\/","title":{"rendered":"Raza+"},"content":{"rendered":"<h1>Raza+<\/h1>\n<div class=\"product__content\">\n<p>BREED+, un complemento alimenticio de m\u00e1xima calidad, es el resultado de una estrecha colaboraci\u00f3n entre veterinarios, nutricionistas, cient\u00edficos y criadores de primera l\u00ednea.<\/p>\n<p>Breed+ es el resultado de una combinaci\u00f3n \u00fanica de amino\u00e1cidos, minerales y vitaminas. La adici\u00f3n de oligoelementos org\u00e1nicos proporciona una biodisponibilidad superior, lo que permite que las aves los absorban mejor. <\/p>\n<p>Su alto contenido en vitamina E (2.500 mg) lo convierte en el suplemento ideal cuando se prepara a las aves para el apareamiento y durante el periodo de cr\u00eda. Gracias a la L-Carnitina, \u00a1Cr\u00eda+ estimula la fertilidad! La adici\u00f3n de antioxidantes, como la vitamina E, y \u00e1cidos f\u00f3licos protegen el embri\u00f3n y mejoran la eclosi\u00f3n.    <\/p>\n<p>Disponible en 500gr.<\/p>\n<\/div>\n","protected":false},"excerpt":{"rendered":"<p>Raza+ BREED+, un complemento alimenticio de m\u00e1xima calidad, es el resultado de una estrecha colaboraci\u00f3n entre veterinarios, nutricionistas, cient\u00edficos y criadores de primera l\u00ednea. Breed+ es el resultado de una combinaci\u00f3n \u00fanica de amino\u00e1cidos, minerales y vitaminas. La adici\u00f3n de oligoelementos org\u00e1nicos proporciona una biodisponibilidad superior, lo que permite que las aves los absorban mejor. [&hellip;]<\/p>\n","protected":false},"featured_media":22985,"comment_status":"open","ping_status":"closed","template":"","meta":[],"product_brand":[182],"product_cat":[237,242,250],"product_tag":[],"class_list":{"0":"post-27686","1":"product","2":"type-product","3":"status-publish","4":"has-post-thumbnail","6":"product_brand-beyers","7":"product_cat-complementos-alimenticios","8":"product_cat-fuente-de-alimentacion-2","9":"product_cat-pajaros","12":"first","13":"instock","14":"shipping-taxable","15":"purchasable","16":"product-type-simple"},"jetpack_sharing_enabled":true,"_links":{"self":[{"href":"https:\/\/avesaguiar.ch\/es\/wp-json\/wp\/v2\/product\/27686","targetHints":{"allow":["GET"]}}],"collection":[{"href":"https:\/\/avesaguiar.ch\/es\/wp-json\/wp\/v2\/product"}],"about":[{"href":"https:\/\/avesaguiar.ch\/es\/wp-json\/wp\/v2\/types\/product"}],"replies":[{"embeddable":true,"href":"https:\/\/avesaguiar.ch\/es\/wp-json\/wp\/v2\/comments?post=27686"}],"wp:featuredmedia":[{"embeddable":true,"href":"https:\/\/avesaguiar.ch\/es\/wp-json\/wp\/v2\/media\/22985"}],"wp:attachment":[{"href":"https:\/\/avesaguiar.ch\/es\/wp-json\/wp\/v2\/media?parent=27686"}],"wp:term":[{"taxonomy":"product_brand","embeddable":true,"href":"https:\/\/avesaguiar.ch\/es\/wp-json\/wp\/v2\/product_brand?post=27686"},{"taxonomy":"product_cat","embeddable":true,"href":"https:\/\/avesaguiar.ch\/es\/wp-json\/wp\/v2\/product_cat?post=27686"},{"taxonomy":"product_tag","embeddable":true,"href":"https:\/\/avesaguiar.ch\/es\/wp-json\/wp\/v2\/product_tag?post=27686"}],"curies":[{"name":"wp","href":"https:\/\/api.w.org\/{rel}","templated":true}]}}