{"id":27711,"date":"2024-12-29T13:59:09","date_gmt":"2024-12-29T13:59:09","guid":{"rendered":"https:\/\/avesaguiar.ch\/produit\/base-de-jaula-premium-blanca\/"},"modified":"2024-12-29T13:59:09","modified_gmt":"2024-12-29T13:59:09","slug":"base-de-jaula-premium-blanca","status":"publish","type":"product","link":"https:\/\/avesaguiar.ch\/es\/produit\/base-de-jaula-premium-blanca\/","title":{"rendered":"Base de jaula Premium Blanca"},"content":{"rendered":"<h1>Base de jaula Premium Blanca<\/h1>\n<div class=\"product__content\">\n<ul>\n<li>Es una cubierta de suelo de primera calidad para jaulas de cr\u00eda, jaulas de exhibici\u00f3n y pajareras de interior.<\/li>\n<li>Gracias al an\u00eds, la arena tiene un olor muy agradable y fresco.<\/li>\n<li>El producto no sale a chorros.<\/li>\n<li>Disponible en 5 kg y 20 kg.<\/li>\n<\/ul>\n<\/div>\n","protected":false},"excerpt":{"rendered":"<p>Base de jaula Premium Blanca Es una cubierta de suelo de primera calidad para jaulas de cr\u00eda, jaulas de exhibici\u00f3n y pajareras de interior. Gracias al an\u00eds, la arena tiene un olor muy agradable y fresco. El producto no sale a chorros. Disponible en 5 kg y 20 kg.<\/p>\n","protected":false},"featured_media":28631,"comment_status":"open","ping_status":"closed","template":"","meta":[],"product_brand":[182],"product_cat":[326,250,255],"product_tag":[],"class_list":{"0":"post-27711","1":"product","2":"type-product","3":"status-publish","4":"has-post-thumbnail","6":"product_brand-beyers","7":"product_cat-limpieza","8":"product_cat-pajaros","9":"product_cat-palomas","12":"first","13":"instock","14":"shipping-taxable","15":"purchasable","16":"product-type-simple"},"jetpack_sharing_enabled":true,"_links":{"self":[{"href":"https:\/\/avesaguiar.ch\/es\/wp-json\/wp\/v2\/product\/27711","targetHints":{"allow":["GET"]}}],"collection":[{"href":"https:\/\/avesaguiar.ch\/es\/wp-json\/wp\/v2\/product"}],"about":[{"href":"https:\/\/avesaguiar.ch\/es\/wp-json\/wp\/v2\/types\/product"}],"replies":[{"embeddable":true,"href":"https:\/\/avesaguiar.ch\/es\/wp-json\/wp\/v2\/comments?post=27711"}],"wp:featuredmedia":[{"embeddable":true,"href":"https:\/\/avesaguiar.ch\/es\/wp-json\/wp\/v2\/media\/28631"}],"wp:attachment":[{"href":"https:\/\/avesaguiar.ch\/es\/wp-json\/wp\/v2\/media?parent=27711"}],"wp:term":[{"taxonomy":"product_brand","embeddable":true,"href":"https:\/\/avesaguiar.ch\/es\/wp-json\/wp\/v2\/product_brand?post=27711"},{"taxonomy":"product_cat","embeddable":true,"href":"https:\/\/avesaguiar.ch\/es\/wp-json\/wp\/v2\/product_cat?post=27711"},{"taxonomy":"product_tag","embeddable":true,"href":"https:\/\/avesaguiar.ch\/es\/wp-json\/wp\/v2\/product_tag?post=27711"}],"curies":[{"name":"wp","href":"https:\/\/api.w.org\/{rel}","templated":true}]}}