{"id":27731,"date":"2025-01-12T13:16:20","date_gmt":"2025-01-12T13:16:20","guid":{"rendered":"https:\/\/avesaguiar.ch\/produit\/patee-th-exotico-4kg-raggio-di-sole\/"},"modified":"2025-01-12T13:16:20","modified_gmt":"2025-01-12T13:16:20","slug":"patee-th-exotico-4kg-raggio-di-sole","status":"publish","type":"product","link":"https:\/\/avesaguiar.ch\/es\/produit\/patee-th-exotico-4kg-raggio-di-sole\/","title":{"rendered":"Pat\u00e9e TH Ex\u00f3tico 4kg &#8211; Raggio Di Sole"},"content":{"rendered":"<p><strong>Pat\u00e9 TH Ex\u00f3tico,4 Kg<\/strong><\/p>\n<p>Precios especiales para empresas en grandes cantidades, previa solicitud.<\/p>\n<p>Alimentaci\u00f3n completa para el mantenimiento y la cr\u00eda de aves ex\u00f3ticas africanas, australianas y americanas.<\/p>\n<p>Pat\u00e9 a base de galletas con huevo, fruta, insectos y marisco, rico en prote\u00ednas de alto valor biol\u00f3gico.<\/p>\n<p>Recomendamos utilizarlo humedecido con agua, zumo de verduras, semillas cocidas (Cucina) o germinadas (Germoglio), desde un mes antes de la fecha de cubrici\u00f3n y durante toda la temporada de cr\u00eda. Es ideal para los animales j\u00f3venes en el momento del destete. <\/p>\n<p><b>Informaci\u00f3n importante y exclusiva Raggio di Sole :  <\/b><\/p>\n<p>Este cubo de 4 kg de pat\u00e9 contiene un sobre de 50 g de Fly Premix Pat\u00e9. Para los envases de 12kg, tendr\u00e1s tres, para un total de 150gr. <\/p>\n<p>Este polvo contiene complementos alimenticios de alta calidad muy ricos en nutrientes, como vitaminas, minerales y amino\u00e1cidos esenciales.<\/p>\n<p>Esto garantiza que tu pat\u00e9 se mantenga en su mejor estado tras la apertura, ya que cualquier alimento que entra en contacto con el ox\u00edgeno o la luz se estropea y oxida de forma r\u00e1pida y natural. Uso del sobre: Remueve bien Fly Premix 1% Pat\u00e9 antes de usarlo (equivale a 10 &#8211; 12 g\/kg). <\/p>\n<p>An\u00e1lisis qu\u00edmico: Prote\u00edna 16,20%, Grasa 6,10%, Fibra 3,9%, Ceniza 4,1%.<\/p>\n","protected":false},"excerpt":{"rendered":"<p>Pat\u00e9 TH Ex\u00f3tico,4 Kg Precios especiales para empresas en grandes cantidades, previa solicitud. Alimentaci\u00f3n completa para el mantenimiento y la cr\u00eda de aves ex\u00f3ticas africanas, australianas y americanas. Pat\u00e9 a base de galletas con huevo, fruta, insectos y marisco, rico en prote\u00ednas de alto valor biol\u00f3gico. Recomendamos utilizarlo humedecido con agua, zumo de verduras, semillas [&hellip;]<\/p>\n","protected":false},"featured_media":23993,"comment_status":"open","ping_status":"closed","template":"","meta":[],"product_brand":[60],"product_cat":[242,250],"product_tag":[],"class_list":{"0":"post-27731","1":"product","2":"type-product","3":"status-publish","4":"has-post-thumbnail","6":"product_brand-raggio-di-sole","7":"product_cat-fuente-de-alimentacion-2","8":"product_cat-pajaros","11":"first","12":"instock","13":"shipping-taxable","14":"purchasable","15":"product-type-simple"},"jetpack_sharing_enabled":true,"_links":{"self":[{"href":"https:\/\/avesaguiar.ch\/es\/wp-json\/wp\/v2\/product\/27731","targetHints":{"allow":["GET"]}}],"collection":[{"href":"https:\/\/avesaguiar.ch\/es\/wp-json\/wp\/v2\/product"}],"about":[{"href":"https:\/\/avesaguiar.ch\/es\/wp-json\/wp\/v2\/types\/product"}],"replies":[{"embeddable":true,"href":"https:\/\/avesaguiar.ch\/es\/wp-json\/wp\/v2\/comments?post=27731"}],"wp:featuredmedia":[{"embeddable":true,"href":"https:\/\/avesaguiar.ch\/es\/wp-json\/wp\/v2\/media\/23993"}],"wp:attachment":[{"href":"https:\/\/avesaguiar.ch\/es\/wp-json\/wp\/v2\/media?parent=27731"}],"wp:term":[{"taxonomy":"product_brand","embeddable":true,"href":"https:\/\/avesaguiar.ch\/es\/wp-json\/wp\/v2\/product_brand?post=27731"},{"taxonomy":"product_cat","embeddable":true,"href":"https:\/\/avesaguiar.ch\/es\/wp-json\/wp\/v2\/product_cat?post=27731"},{"taxonomy":"product_tag","embeddable":true,"href":"https:\/\/avesaguiar.ch\/es\/wp-json\/wp\/v2\/product_tag?post=27731"}],"curies":[{"name":"wp","href":"https:\/\/api.w.org\/{rel}","templated":true}]}}