{"id":27756,"date":"2025-01-10T20:12:45","date_gmt":"2025-01-10T20:12:45","guid":{"rendered":"https:\/\/avesaguiar.ch\/produit\/racimo-chino-amarillo\/"},"modified":"2025-01-10T20:12:45","modified_gmt":"2025-01-10T20:12:45","slug":"racimo-chino-amarillo","status":"publish","type":"product","link":"https:\/\/avesaguiar.ch\/es\/produit\/racimo-chino-amarillo\/","title":{"rendered":"Racimo chino amarillo"},"content":{"rendered":"<p>Mijo amarillo chino<\/p>\n<p>El mijo es una golosina natural para todos los p\u00e1jaros.<\/p>\n<p>Es rico en prote\u00ednas e hidratos de carbono y tambi\u00e9n contiene un gran n\u00famero de amino\u00e1cidos.<\/p>\n<p>El mijo es ideal para entretener a tus p\u00e1jaros y evitar el picoteo de las plumas.<\/p>\n<p>El mijo es ideal para p\u00e1jaros ex\u00f3ticos como canarios y periquitos.<\/p>\n<p>Alternar con el mijo rojo, que es m\u00e1s adecuado para alimentar al pinz\u00f3n de Gould.<\/p>\n<p>&nbsp;<\/p>\n","protected":false},"excerpt":{"rendered":"<p>Mijo amarillo chino El mijo es una golosina natural para todos los p\u00e1jaros. Es rico en prote\u00ednas e hidratos de carbono y tambi\u00e9n contiene un gran n\u00famero de amino\u00e1cidos. El mijo es ideal para entretener a tus p\u00e1jaros y evitar el picoteo de las plumas. El mijo es ideal para p\u00e1jaros ex\u00f3ticos como canarios y [&hellip;]<\/p>\n","protected":false},"featured_media":28600,"comment_status":"open","ping_status":"closed","template":"","meta":[],"product_brand":[182],"product_cat":[247,242,250],"product_tag":[],"class_list":{"0":"post-27756","1":"product","2":"type-product","3":"status-publish","4":"has-post-thumbnail","6":"product_brand-beyers","7":"product_cat-complementos-alimenticios-2","8":"product_cat-fuente-de-alimentacion-2","9":"product_cat-pajaros","12":"first","13":"instock","14":"shipping-taxable","15":"purchasable","16":"product-type-variable"},"jetpack_sharing_enabled":true,"_links":{"self":[{"href":"https:\/\/avesaguiar.ch\/es\/wp-json\/wp\/v2\/product\/27756","targetHints":{"allow":["GET"]}}],"collection":[{"href":"https:\/\/avesaguiar.ch\/es\/wp-json\/wp\/v2\/product"}],"about":[{"href":"https:\/\/avesaguiar.ch\/es\/wp-json\/wp\/v2\/types\/product"}],"replies":[{"embeddable":true,"href":"https:\/\/avesaguiar.ch\/es\/wp-json\/wp\/v2\/comments?post=27756"}],"wp:featuredmedia":[{"embeddable":true,"href":"https:\/\/avesaguiar.ch\/es\/wp-json\/wp\/v2\/media\/28600"}],"wp:attachment":[{"href":"https:\/\/avesaguiar.ch\/es\/wp-json\/wp\/v2\/media?parent=27756"}],"wp:term":[{"taxonomy":"product_brand","embeddable":true,"href":"https:\/\/avesaguiar.ch\/es\/wp-json\/wp\/v2\/product_brand?post=27756"},{"taxonomy":"product_cat","embeddable":true,"href":"https:\/\/avesaguiar.ch\/es\/wp-json\/wp\/v2\/product_cat?post=27756"},{"taxonomy":"product_tag","embeddable":true,"href":"https:\/\/avesaguiar.ch\/es\/wp-json\/wp\/v2\/product_tag?post=27756"}],"curies":[{"name":"wp","href":"https:\/\/api.w.org\/{rel}","templated":true}]}}