{"id":27782,"date":"2025-01-09T13:17:26","date_gmt":"2025-01-09T13:17:26","guid":{"rendered":"https:\/\/avesaguiar.ch\/produit\/criador-de-pajaros-all-clean-1l\/"},"modified":"2025-01-09T13:17:26","modified_gmt":"2025-01-09T13:17:26","slug":"criador-de-pajaros-all-clean-1l","status":"publish","type":"product","link":"https:\/\/avesaguiar.ch\/es\/produit\/criador-de-pajaros-all-clean-1l\/","title":{"rendered":"Criador de p\u00e1jaros All Clean 1L"},"content":{"rendered":"<p>Criador de Aves Todo Limpio 1,L<\/p>\n<p>&#8211; El limpiador seguro para criadores de aves y aficionados.<\/p>\n<p>&#8211; Elimina la suciedad org\u00e1nica.<\/p>\n<p>-Neutraliza los olores desagradables.<\/p>\n<div>-Con un aroma a la medida del p\u00e1jaro.<\/div>\n<div>-100% biodegradable.<\/div>\n<div>-Cumple las normas APPCC<\/div>\n<div><strong>Aplicaciones<\/strong><\/div>\n<div>&#8211; Jaulas de transporte, pajareras, jaulas de cr\u00eda y de exposici\u00f3n,&#8230; .<\/div>\n<div>&#8211; Para limpiar los fondos de pajareras y cajones.<\/div>\n<div>&#8211; Elimina los restos y excrementos de par\u00e1sitos y pulgas hemat\u00f3fagas de las aberturas m\u00e1s finas.<\/div>\n<div>&#8211; Elimina los dep\u00f3sitos verdes. &#8211; Seguro en todos los materiales. <\/div>\n","protected":false},"excerpt":{"rendered":"<div>Con un aroma adecuado para el p\u00e1jaro.<\/div>\n<div>-100% biodegradable.<\/div>\n","protected":false},"featured_media":23735,"comment_status":"open","ping_status":"closed","template":"","meta":[],"product_brand":[62],"product_cat":[326,250],"product_tag":[],"class_list":{"0":"post-27782","1":"product","2":"type-product","3":"status-publish","4":"has-post-thumbnail","6":"product_brand-benelux","7":"product_cat-limpieza","8":"product_cat-pajaros","11":"first","12":"instock","13":"shipping-taxable","14":"purchasable","15":"product-type-simple"},"jetpack_sharing_enabled":true,"_links":{"self":[{"href":"https:\/\/avesaguiar.ch\/es\/wp-json\/wp\/v2\/product\/27782","targetHints":{"allow":["GET"]}}],"collection":[{"href":"https:\/\/avesaguiar.ch\/es\/wp-json\/wp\/v2\/product"}],"about":[{"href":"https:\/\/avesaguiar.ch\/es\/wp-json\/wp\/v2\/types\/product"}],"replies":[{"embeddable":true,"href":"https:\/\/avesaguiar.ch\/es\/wp-json\/wp\/v2\/comments?post=27782"}],"wp:featuredmedia":[{"embeddable":true,"href":"https:\/\/avesaguiar.ch\/es\/wp-json\/wp\/v2\/media\/23735"}],"wp:attachment":[{"href":"https:\/\/avesaguiar.ch\/es\/wp-json\/wp\/v2\/media?parent=27782"}],"wp:term":[{"taxonomy":"product_brand","embeddable":true,"href":"https:\/\/avesaguiar.ch\/es\/wp-json\/wp\/v2\/product_brand?post=27782"},{"taxonomy":"product_cat","embeddable":true,"href":"https:\/\/avesaguiar.ch\/es\/wp-json\/wp\/v2\/product_cat?post=27782"},{"taxonomy":"product_tag","embeddable":true,"href":"https:\/\/avesaguiar.ch\/es\/wp-json\/wp\/v2\/product_tag?post=27782"}],"curies":[{"name":"wp","href":"https:\/\/api.w.org\/{rel}","templated":true}]}}