{"id":27789,"date":"2025-01-09T20:31:19","date_gmt":"2025-01-09T20:31:19","guid":{"rendered":"https:\/\/avesaguiar.ch\/produit\/pro-smoke-3-pastillas-de-humo\/"},"modified":"2025-01-09T20:31:19","modified_gmt":"2025-01-09T20:31:19","slug":"pro-smoke-3-pastillas-de-humo","status":"publish","type":"product","link":"https:\/\/avesaguiar.ch\/es\/produit\/pro-smoke-3-pastillas-de-humo\/","title":{"rendered":"Pro-Smoke- 3 pastillas de humo"},"content":{"rendered":"<p>Pro-Smoke: 3 pastillas de humo<\/p>\n<p>Repele par\u00e1sitos como moscas, polillas, piojos, etc.<\/p>\n<p>S\u00f3lo contiene ingredientes naturales, plantas y aceites esenciales.<\/p>\n<p>Pro-Smoke tiene un doble efecto para mejorar el bienestar de p\u00e1jaros, palomas y aves de corral. El producto repele par\u00e1sitos como moscas, \u00e1caros, piojos, etc. El producto tiene un efecto positivo, ya que purifica las v\u00edas respiratorias. Las aves, las palomas y las aves de corral pueden seguir el tratamiento con humo de forma f\u00e1cil y segura. Gracias a la composici\u00f3n \u00fanica de Pro-Smoke, se forma una nube flotante de unos 75 m\u00b3.    <\/p>\n<p>Instrucciones de seguridad :<\/p>\n<p>Coloca la repisa sobre una superficie de piedra o terracota para evitar quemar o chamuscar materiales inflamables. Mant\u00e9n la llama en contacto con la repisa el tiempo suficiente para que se produzca la combusti\u00f3n sin apagarse. Evita el contacto con la ceniza apagada durante al menos 15 minutos para evitar lesiones y garantizar que la ceniza apagada pueda transportarse con seguridad. Manipula el producto con cuidado y mantenlo alejado de los ni\u00f1os. Pro-Smoke s\u00f3lo contiene ingredientes naturales, plantas y aceites esenciales.    <\/p>\n<p>&nbsp;<\/p>\n","protected":false},"excerpt":{"rendered":"<p>Repele par\u00e1sitos como moscas, polillas, piojos, etc.<\/p>\n","protected":false},"featured_media":23778,"comment_status":"open","ping_status":"closed","template":"","meta":[],"product_brand":[182],"product_cat":[318,321,250,255],"product_tag":[],"class_list":{"0":"post-27789","1":"product","2":"type-product","3":"status-publish","4":"has-post-thumbnail","6":"product_brand-beyers","7":"product_cat-limpieza-higiene","8":"product_cat-limpieza-higiene-2","9":"product_cat-pajaros","10":"product_cat-palomas","13":"first","14":"onbackorder","15":"shipping-taxable","16":"purchasable","17":"product-type-simple"},"jetpack_sharing_enabled":true,"_links":{"self":[{"href":"https:\/\/avesaguiar.ch\/es\/wp-json\/wp\/v2\/product\/27789","targetHints":{"allow":["GET"]}}],"collection":[{"href":"https:\/\/avesaguiar.ch\/es\/wp-json\/wp\/v2\/product"}],"about":[{"href":"https:\/\/avesaguiar.ch\/es\/wp-json\/wp\/v2\/types\/product"}],"replies":[{"embeddable":true,"href":"https:\/\/avesaguiar.ch\/es\/wp-json\/wp\/v2\/comments?post=27789"}],"wp:featuredmedia":[{"embeddable":true,"href":"https:\/\/avesaguiar.ch\/es\/wp-json\/wp\/v2\/media\/23778"}],"wp:attachment":[{"href":"https:\/\/avesaguiar.ch\/es\/wp-json\/wp\/v2\/media?parent=27789"}],"wp:term":[{"taxonomy":"product_brand","embeddable":true,"href":"https:\/\/avesaguiar.ch\/es\/wp-json\/wp\/v2\/product_brand?post=27789"},{"taxonomy":"product_cat","embeddable":true,"href":"https:\/\/avesaguiar.ch\/es\/wp-json\/wp\/v2\/product_cat?post=27789"},{"taxonomy":"product_tag","embeddable":true,"href":"https:\/\/avesaguiar.ch\/es\/wp-json\/wp\/v2\/product_tag?post=27789"}],"curies":[{"name":"wp","href":"https:\/\/api.w.org\/{rel}","templated":true}]}}