{"id":27790,"date":"2025-02-17T22:09:53","date_gmt":"2025-02-17T22:09:53","guid":{"rendered":"https:\/\/avesaguiar.ch\/produit\/n47-jilguero-light-15kg-deli-nature\/"},"modified":"2025-02-17T22:09:53","modified_gmt":"2025-02-17T22:09:53","slug":"n47-jilguero-light-15kg-deli-nature","status":"publish","type":"product","link":"https:\/\/avesaguiar.ch\/es\/produit\/n47-jilguero-light-15kg-deli-nature\/","title":{"rendered":"N\u00b047 Jilguero Light 15kg &#8211; Deli Nature"},"content":{"rendered":"<p class=\"h1\">N\u00b047 Jilgueros Luz<\/p>\n<div class=\"product__content\">\n<ul>\n<li>Es una mezcla &#8220;ligera&#8221; para jilgueros peque\u00f1os y grandes.<\/li>\n<li>La variedad de semillas especiales y el alto contenido en perilla blanca hacen que esta mezcla sea \u00fanica en su campo.<\/li>\n<li>Disponible en 15 kg.<\/li>\n<\/ul>\n<\/div>\n<div class=\"product__composition\">\n<div class=\"product__composition-summary\" tabindex=\"0\" role=\"button\" data-groupid=\"composition\" data-target=\"[san-id='open-composition']\" data-state=\"open\" data-classlist=\"open\" aria-expanded=\"false\">Composici\u00f3n<\/div>\n<div class=\"product__composition-details open\">Perilla blanca, alpiste, c\u00e1\u00f1amo, achicoria, semillas de azafr\u00e1n, semillas de s\u00e9samo, niger, semillas de lino amarillo, semillas de tr\u00e9bol, ch\u00eda, cardo mariano, girasoles MICRO<\/div>\n<\/div>\n","protected":false},"excerpt":{"rendered":"<p>N\u00b047 Jilgueros Luz Es una mezcla &#8220;ligera&#8221; para jilgueros peque\u00f1os y grandes. La variedad de semillas especiales y el alto contenido en perilla blanca hacen que esta mezcla sea \u00fanica en su campo. Disponible en 15 kg. Composici\u00f3n Perilla blanca, alpiste, c\u00e1\u00f1amo, achicoria, semillas de azafr\u00e1n, semillas de s\u00e9samo, niger, semillas de lino amarillo, semillas [&hellip;]<\/p>\n","protected":false},"featured_media":24270,"comment_status":"open","ping_status":"closed","template":"","meta":[],"product_brand":[184],"product_cat":[242,250],"product_tag":[],"class_list":{"0":"post-27790","1":"product","2":"type-product","3":"status-publish","4":"has-post-thumbnail","6":"product_brand-deli-nature","7":"product_cat-fuente-de-alimentacion-2","8":"product_cat-pajaros","11":"first","12":"instock","13":"shipping-taxable","14":"purchasable","15":"product-type-variable"},"jetpack_sharing_enabled":true,"_links":{"self":[{"href":"https:\/\/avesaguiar.ch\/es\/wp-json\/wp\/v2\/product\/27790","targetHints":{"allow":["GET"]}}],"collection":[{"href":"https:\/\/avesaguiar.ch\/es\/wp-json\/wp\/v2\/product"}],"about":[{"href":"https:\/\/avesaguiar.ch\/es\/wp-json\/wp\/v2\/types\/product"}],"replies":[{"embeddable":true,"href":"https:\/\/avesaguiar.ch\/es\/wp-json\/wp\/v2\/comments?post=27790"}],"wp:featuredmedia":[{"embeddable":true,"href":"https:\/\/avesaguiar.ch\/es\/wp-json\/wp\/v2\/media\/24270"}],"wp:attachment":[{"href":"https:\/\/avesaguiar.ch\/es\/wp-json\/wp\/v2\/media?parent=27790"}],"wp:term":[{"taxonomy":"product_brand","embeddable":true,"href":"https:\/\/avesaguiar.ch\/es\/wp-json\/wp\/v2\/product_brand?post=27790"},{"taxonomy":"product_cat","embeddable":true,"href":"https:\/\/avesaguiar.ch\/es\/wp-json\/wp\/v2\/product_cat?post=27790"},{"taxonomy":"product_tag","embeddable":true,"href":"https:\/\/avesaguiar.ch\/es\/wp-json\/wp\/v2\/product_tag?post=27790"}],"curies":[{"name":"wp","href":"https:\/\/api.w.org\/{rel}","templated":true}]}}