{"id":27798,"date":"2025-01-09T19:57:54","date_gmt":"2025-01-09T19:57:54","guid":{"rendered":"https:\/\/avesaguiar.ch\/produit\/liquido-antipolillas-sin-piojos-500-ml\/"},"modified":"2025-01-09T19:57:54","modified_gmt":"2025-01-09T19:57:54","slug":"liquido-antipolillas-sin-piojos-500-ml","status":"publish","type":"product","link":"https:\/\/avesaguiar.ch\/es\/produit\/liquido-antipolillas-sin-piojos-500-ml\/","title":{"rendered":"L\u00edquido antipolillas sin piojos 500 ml"},"content":{"rendered":"<p><span style=\"font-family: Calibri;\">L\u00edquido sin piojos 500ml<\/span><\/p>\n<p><span style=\"font-family: Calibri;\">El concentrado es una soluci\u00f3n lista para usar para controlar los \u00e1caros o \u00e1caros de las jaulas de p\u00e1jaros, palomas y aves de corral.<\/span><\/p>\n<p><span style=\"font-family: Calibri;\">\u00a1Contra \u00e1caros, piojos de la sangre y pulgas para palomas, p\u00e1jaros y aves de corral!<\/span><\/p>\n<p><span style=\"font-family: Calibri;\">Ingredientes:<\/span><\/p>\n<p><span style=\"font-family: Calibri;\">Silicio.<\/span><\/p>\n<p><span style=\"font-family: Calibri;\">Producto natural de alta calidad y eficacia, cuyo principal componente es el silicio.<\/span><\/p>\n<p><span style=\"font-family: Calibri;\">Act\u00faa por deshidrataci\u00f3n mec\u00e1nica de piojos y liendres.<\/span><\/p>\n<p><span style=\"font-family: Calibri;\">Rastrea la capa protectora de los piojos para fabricarlos, para que se sequen y mueran.<\/span><\/p>\n<p><span style=\"font-family: Calibri;\">C\u00f3mo utilizar :<\/span><\/p>\n<p><span style=\"font-family: Calibri;\">&#8211; 50 ml por litro de agua<\/span><\/p>\n<p><span style=\"font-family: Calibri;\">&#8211; Saca a todas las aves de la jaula o pajarera<\/span><\/p>\n<p><span style=\"font-family: Calibri;\">&#8211; Retira la entrada y todos los comederos y bebederos<\/span><\/p>\n<p><span style=\"font-family: Calibri;\">&#8211; Roc\u00eda todas las partes de la jaula o pajarera sin lecefacci\u00f3n con una ducha de mano<\/span><\/p>\n<p><span style=\"font-family: Calibri;\">&#8211; Tras el tratamiento, los animales pueden ser liberados inmediatamente<\/span><\/p>\n","protected":false},"excerpt":{"rendered":"<p>L\u00edquido sin piojos 500ml El concentrado es una soluci\u00f3n lista para usar para controlar los \u00e1caros o \u00e1caros de las jaulas de p\u00e1jaros, palomas y aves de corral. \u00a1Contra \u00e1caros, piojos de la sangre y pulgas para palomas, p\u00e1jaros y aves de corral! Ingredientes: Silicio. Producto natural de alta calidad y eficacia, cuyo principal componente [&hellip;]<\/p>\n","protected":false},"featured_media":23791,"comment_status":"open","ping_status":"closed","template":"","meta":[],"product_brand":[62],"product_cat":[321,250],"product_tag":[],"class_list":{"0":"post-27798","1":"product","2":"type-product","3":"status-publish","4":"has-post-thumbnail","6":"product_brand-benelux","7":"product_cat-limpieza-higiene-2","8":"product_cat-pajaros","11":"first","12":"instock","13":"shipping-taxable","14":"purchasable","15":"product-type-simple"},"jetpack_sharing_enabled":true,"_links":{"self":[{"href":"https:\/\/avesaguiar.ch\/es\/wp-json\/wp\/v2\/product\/27798","targetHints":{"allow":["GET"]}}],"collection":[{"href":"https:\/\/avesaguiar.ch\/es\/wp-json\/wp\/v2\/product"}],"about":[{"href":"https:\/\/avesaguiar.ch\/es\/wp-json\/wp\/v2\/types\/product"}],"replies":[{"embeddable":true,"href":"https:\/\/avesaguiar.ch\/es\/wp-json\/wp\/v2\/comments?post=27798"}],"wp:featuredmedia":[{"embeddable":true,"href":"https:\/\/avesaguiar.ch\/es\/wp-json\/wp\/v2\/media\/23791"}],"wp:attachment":[{"href":"https:\/\/avesaguiar.ch\/es\/wp-json\/wp\/v2\/media?parent=27798"}],"wp:term":[{"taxonomy":"product_brand","embeddable":true,"href":"https:\/\/avesaguiar.ch\/es\/wp-json\/wp\/v2\/product_brand?post=27798"},{"taxonomy":"product_cat","embeddable":true,"href":"https:\/\/avesaguiar.ch\/es\/wp-json\/wp\/v2\/product_cat?post=27798"},{"taxonomy":"product_tag","embeddable":true,"href":"https:\/\/avesaguiar.ch\/es\/wp-json\/wp\/v2\/product_tag?post=27798"}],"curies":[{"name":"wp","href":"https:\/\/api.w.org\/{rel}","templated":true}]}}