{"id":27805,"date":"2025-01-09T13:05:40","date_gmt":"2025-01-09T13:05:40","guid":{"rendered":"https:\/\/avesaguiar.ch\/produit\/mochila-o-petate-rapido-y-facil\/"},"modified":"2025-01-09T13:05:40","modified_gmt":"2025-01-09T13:05:40","slug":"mochila-o-petate-rapido-y-facil","status":"publish","type":"product","link":"https:\/\/avesaguiar.ch\/es\/produit\/mochila-o-petate-rapido-y-facil\/","title":{"rendered":"MOCHILA O PETATE R\u00c1PIDO Y F\u00c1CIL"},"content":{"rendered":"<p>R\u00e1pido y f\u00e1cil de transportar, un solo hombro, 30 x 33 x 26 cm<\/p>\n<p>C\u00f3modo de llevar &#8211; Plegable y ligero<\/p>\n<p>Supervisi\u00f3n \u00f3ptima de tu mascota gracias a la posici\u00f3n ventral<\/p>\n<p>Tu perro o gato agradecer\u00e1 estar cerca de ti<\/p>\n<p>Apertura con cremallera en la parte delantera y superior de la bolsa<\/p>\n<p>Con malla de ventilaci\u00f3n en la parte delantera y superior de la bolsa<\/p>\n","protected":false},"excerpt":{"rendered":"<p>C\u00f3modo de llevar &#8211; Plegable y ligero<\/p>\n","protected":false},"featured_media":23729,"comment_status":"open","ping_status":"closed","template":"","meta":[],"product_brand":[187],"product_cat":[260,258],"product_tag":[],"class_list":{"0":"post-27805","1":"product","2":"type-product","3":"status-publish","4":"has-post-thumbnail","6":"product_brand-kinlys","7":"product_cat-accesorios","8":"product_cat-perro","11":"first","12":"instock","13":"sale","14":"shipping-taxable","15":"purchasable","16":"product-type-simple"},"jetpack_sharing_enabled":true,"_links":{"self":[{"href":"https:\/\/avesaguiar.ch\/es\/wp-json\/wp\/v2\/product\/27805","targetHints":{"allow":["GET"]}}],"collection":[{"href":"https:\/\/avesaguiar.ch\/es\/wp-json\/wp\/v2\/product"}],"about":[{"href":"https:\/\/avesaguiar.ch\/es\/wp-json\/wp\/v2\/types\/product"}],"replies":[{"embeddable":true,"href":"https:\/\/avesaguiar.ch\/es\/wp-json\/wp\/v2\/comments?post=27805"}],"wp:featuredmedia":[{"embeddable":true,"href":"https:\/\/avesaguiar.ch\/es\/wp-json\/wp\/v2\/media\/23729"}],"wp:attachment":[{"href":"https:\/\/avesaguiar.ch\/es\/wp-json\/wp\/v2\/media?parent=27805"}],"wp:term":[{"taxonomy":"product_brand","embeddable":true,"href":"https:\/\/avesaguiar.ch\/es\/wp-json\/wp\/v2\/product_brand?post=27805"},{"taxonomy":"product_cat","embeddable":true,"href":"https:\/\/avesaguiar.ch\/es\/wp-json\/wp\/v2\/product_cat?post=27805"},{"taxonomy":"product_tag","embeddable":true,"href":"https:\/\/avesaguiar.ch\/es\/wp-json\/wp\/v2\/product_tag?post=27805"}],"curies":[{"name":"wp","href":"https:\/\/api.w.org\/{rel}","templated":true}]}}