{"id":27872,"date":"2025-01-06T16:54:10","date_gmt":"2025-01-06T16:54:10","guid":{"rendered":"https:\/\/avesaguiar.ch\/produit\/roni-protege-la-flora-intestinal\/"},"modified":"2025-01-06T16:54:10","modified_gmt":"2025-01-06T16:54:10","slug":"roni-protege-la-flora-intestinal","status":"publish","type":"product","link":"https:\/\/avesaguiar.ch\/es\/produit\/roni-protege-la-flora-intestinal\/","title":{"rendered":"Roni Protege la flora intestinal"},"content":{"rendered":"<h1 class=\"product-details-product-title\">Roni Paloma\/P\u00e1jaros<\/h1>\n<div class=\"product-description product-details--form-wrapper---below rte\">\n<div class=\"easytabs-text\">\n<p><strong>Protege y refuerza la salud de tus palomas y p\u00e1jaros.<\/strong><\/p>\n<p>Nuestra f\u00f3rmula \u00fanica crea una capa mucosa protectora de hidratos de carbono especiales en la boca, la garganta y el aparato digestivo, haciendo que la paloma sea m\u00e1s resistente a las infecciones. Tambi\u00e9n favorece una flora intestinal sana y una digesti\u00f3n \u00f3ptima. <\/p>\n<p>La composici\u00f3n nutre la flora intestinal beneficiosa a la vez que desactiva (mata de hambre) los g\u00e9rmenes perturbadores.<\/p>\n<p>Es un acondicionador intestinal activo y un complemento ideal de <a href=\"https:\/\/comed.be\/fr\/products\/cometose?_pos=1&amp;_sid=f2f63b9ff&amp;_ss=r\">Cometose<\/a>.<\/p>\n<p>Beneficios<\/p>\n<ul>\n<li>Intestino \u00e1cido &#8211; Intestino sano<\/li>\n<li>Protecci\u00f3n de las mucosas<\/li>\n<li>Estimulaci\u00f3n de la flora intestinal sana<\/li>\n<li>Mejora la digesti\u00f3n<\/li>\n<li>Evita problemas<\/li>\n<li>Interviene en la defensa contra las enfermedades<\/li>\n<li>Mejora el bienestar general<\/li>\n<\/ul>\n<\/div>\n<div id=\"6012700000416\" class=\"easytabs-container tab-widget-6012700000416 easytabs-inited\" data-et-min-width=\"0\" data-et-auto-accordion=\"0\" data-et-cbw=\"1\" data-et-cbr=\"3\" data-et-sta=\"1\" data-et-amp=\"0\" data-et-flx=\"0\" data-et-wt=\"0\" data-et-ao=\"1\" data-et-tabs-width=\"178\">\n<div class=\"easytabs-holder easytabs-accordion\">\n<ul class=\"easytabs-tabs\" role=\"tablist\">\n<li class=\"easytabs-tab-item easytabs-active\" tabindex=\"0\" role=\"tab\" data-et-marker=\"tabs-roni-pigeon-2\" data-et-handle=\"tabs-usage\" aria-labelledby=\"easytabs-tab-label-6012700000416-0\" aria-selected=\"true\">\n \t<\/li>\n<li class=\"easytabs-tab-item\" tabindex=\"-1\" role=\"tab\" data-et-marker=\"tabs-roni-pigeon-3\" data-et-handle=\"tabs-formule\" aria-labelledby=\"easytabs-tab-label-6012700000416-1\" aria-selected=\"false\">\n<\/li>\n<\/ul>\n<div class=\"easytabs-contents\" role=\"tablist\">\n<div class=\"easytabs-content-item easytabs-active\" data-et-marker=\"tabs-roni-pigeon-2\" data-et-handle=\"tabs-usage\">\n<div class=\"easytabs-accordion-item\" tabindex=\"0\" role=\"tab\" aria-labelledby=\"easytabs-slide-label-6012700000416-0\" aria-selected=\"true\"><span id=\"easytabs-slide-label-6012700000416-0\" class=\"easytabs-header-text ui-tabs-anchor js-no-transition\">Utilizaci\u00f3n<\/span><\/div>\n<div class=\"easytabs-content-holder\" role=\"tabpanel\" aria-labelledby=\"easytabs-slide-label-6012700000416-0\" aria-expanded=\"true\" aria-hidden=\"false\">\n<p>10 g (1 cucharada sopera) por 2 l de agua potable o por kg de pienso.<\/p>\n<p>(La soluci\u00f3n est\u00e1 ligeramente turbia).<\/p>\n<p>Dar a diario<\/p>\n<\/div>\n<\/div>\n<\/div>\n<\/div>\n<\/div>\n<\/div>\n","protected":false},"excerpt":{"rendered":"<p>Su composici\u00f3n nutre la flora intestinal beneficiosa a la vez que desactiva (mata de hambre) los g\u00e9rmenes perturbadores.<\/p>\n<p>Es un acondicionador intestinal activo y un complemento ideal de <a href=\"https:\/\/comed.be\/fr\/products\/cometose?_pos=1&amp;_sid=f2f63b9ff&amp;_ss=r\">Cometose<\/a>.<\/p>\n","protected":false},"featured_media":23232,"comment_status":"open","ping_status":"closed","template":"","meta":[],"product_brand":[186],"product_cat":[237,247,250,255],"product_tag":[],"class_list":{"0":"post-27872","1":"product","2":"type-product","3":"status-publish","4":"has-post-thumbnail","6":"product_brand-comed-nv","7":"product_cat-complementos-alimenticios","8":"product_cat-complementos-alimenticios-2","9":"product_cat-pajaros","10":"product_cat-palomas","11":"product_shipping_class-postpac-economia-900g","14":"first","15":"instock","16":"sale","17":"shipping-taxable","18":"purchasable","19":"product-type-variable","20":"has-default-attributes"},"jetpack_sharing_enabled":true,"_links":{"self":[{"href":"https:\/\/avesaguiar.ch\/es\/wp-json\/wp\/v2\/product\/27872","targetHints":{"allow":["GET"]}}],"collection":[{"href":"https:\/\/avesaguiar.ch\/es\/wp-json\/wp\/v2\/product"}],"about":[{"href":"https:\/\/avesaguiar.ch\/es\/wp-json\/wp\/v2\/types\/product"}],"replies":[{"embeddable":true,"href":"https:\/\/avesaguiar.ch\/es\/wp-json\/wp\/v2\/comments?post=27872"}],"wp:featuredmedia":[{"embeddable":true,"href":"https:\/\/avesaguiar.ch\/es\/wp-json\/wp\/v2\/media\/23232"}],"wp:attachment":[{"href":"https:\/\/avesaguiar.ch\/es\/wp-json\/wp\/v2\/media?parent=27872"}],"wp:term":[{"taxonomy":"product_brand","embeddable":true,"href":"https:\/\/avesaguiar.ch\/es\/wp-json\/wp\/v2\/product_brand?post=27872"},{"taxonomy":"product_cat","embeddable":true,"href":"https:\/\/avesaguiar.ch\/es\/wp-json\/wp\/v2\/product_cat?post=27872"},{"taxonomy":"product_tag","embeddable":true,"href":"https:\/\/avesaguiar.ch\/es\/wp-json\/wp\/v2\/product_tag?post=27872"}],"curies":[{"name":"wp","href":"https:\/\/api.w.org\/{rel}","templated":true}]}}