{"id":27905,"date":"2024-12-29T22:24:48","date_gmt":"2024-12-29T22:24:48","guid":{"rendered":"https:\/\/avesaguiar.ch\/produit\/chaise-longue-de-piel-marron\/"},"modified":"2024-12-29T22:24:48","modified_gmt":"2024-12-29T22:24:48","slug":"chaise-longue-de-piel-marron","status":"publish","type":"product","link":"https:\/\/avesaguiar.ch\/es\/produit\/chaise-longue-de-piel-marron\/","title":{"rendered":"Chaise longue de piel marr\u00f3n"},"content":{"rendered":"<p>DESCRIPCI\u00d3N<\/p>\n<p>Tumbona para perros y gatos.<\/p>\n<p>F\u00e1cilmente resellable. Piel suave en los bordes. <\/p>\n<p>\u00a1Perfecto para los que les gusta posarse! Tu compa\u00f1ero se sentir\u00e1 como en casa viendo su pel\u00edcula favorita. <\/p>\n<p>Dimensiones:68x68x42cm<\/p>\n","protected":false},"excerpt":{"rendered":"<p>DESCRIPCI\u00d3N Tumbona para perros y gatos. F\u00e1cilmente resellable. Piel suave en los bordes. \u00a1Perfecto para los que les gusta posarse! Tu compa\u00f1ero se sentir\u00e1 como en casa viendo su pel\u00edcula favorita. Dimensiones:68x68x42cm<\/p>\n","protected":false},"featured_media":23104,"comment_status":"open","ping_status":"closed","template":"","meta":[],"product_brand":[61],"product_cat":[260,258],"product_tag":[],"class_list":{"0":"post-27905","1":"product","2":"type-product","3":"status-publish","4":"has-post-thumbnail","6":"product_brand-2gr","7":"product_cat-accesorios","8":"product_cat-perro","9":"product_shipping_class-postpac-economia-10kg","12":"first","13":"instock","14":"sale","15":"shipping-taxable","16":"purchasable","17":"product-type-simple"},"jetpack_sharing_enabled":true,"_links":{"self":[{"href":"https:\/\/avesaguiar.ch\/es\/wp-json\/wp\/v2\/product\/27905","targetHints":{"allow":["GET"]}}],"collection":[{"href":"https:\/\/avesaguiar.ch\/es\/wp-json\/wp\/v2\/product"}],"about":[{"href":"https:\/\/avesaguiar.ch\/es\/wp-json\/wp\/v2\/types\/product"}],"replies":[{"embeddable":true,"href":"https:\/\/avesaguiar.ch\/es\/wp-json\/wp\/v2\/comments?post=27905"}],"wp:featuredmedia":[{"embeddable":true,"href":"https:\/\/avesaguiar.ch\/es\/wp-json\/wp\/v2\/media\/23104"}],"wp:attachment":[{"href":"https:\/\/avesaguiar.ch\/es\/wp-json\/wp\/v2\/media?parent=27905"}],"wp:term":[{"taxonomy":"product_brand","embeddable":true,"href":"https:\/\/avesaguiar.ch\/es\/wp-json\/wp\/v2\/product_brand?post=27905"},{"taxonomy":"product_cat","embeddable":true,"href":"https:\/\/avesaguiar.ch\/es\/wp-json\/wp\/v2\/product_cat?post=27905"},{"taxonomy":"product_tag","embeddable":true,"href":"https:\/\/avesaguiar.ch\/es\/wp-json\/wp\/v2\/product_tag?post=27905"}],"curies":[{"name":"wp","href":"https:\/\/api.w.org\/{rel}","templated":true}]}}