{"id":27910,"date":"2024-12-29T22:13:48","date_gmt":"2024-12-29T22:13:48","guid":{"rendered":"https:\/\/avesaguiar.ch\/produit\/jaula-de-cria-galvanizada\/"},"modified":"2024-12-29T22:13:48","modified_gmt":"2024-12-29T22:13:48","slug":"jaula-de-cria-galvanizada","status":"publish","type":"product","link":"https:\/\/avesaguiar.ch\/es\/produit\/jaula-de-cria-galvanizada\/","title":{"rendered":"Jaula de cr\u00eda galvanizada"},"content":{"rendered":"<p><strong>Jaula de cr\u00eda de acero galvanizado, 120x40x45 cm<\/strong><\/p>\n<p>Posible jaula con otras jaulas de las mismas dimensiones<\/p>\n<p>2 cajones de pl\u00e1stico para facilitar el mantenimiento<\/p>\n<p>1 Rejilla de acero galvanizado desmontable para dividir la jaula en dos<\/p>\n<p>4 Puertas delanteras<\/p>\n<p>2 Mini puertas para comederos<\/p>\n<p>2 Comederos de pl\u00e1stico para interior<\/p>\n<p>4 perchas<\/p>\n<p>&nbsp;<\/p>\n<p>Dimensiones :<\/p>\n<p>&#8211; dimensiones exteriores (LxAnxAl): 120x40x45cm<\/p>\n<p>&#8211; dimensiones interiores (LxBxH): ca. 118x38x43 cm<\/p>\n<p>&#8211; Volumen: 0,19 m\u00b3.<\/p>\n<p><strong>Normativa suiza sobre protecci\u00f3n de los animales<\/strong><\/p>\n<p>Seg\u00fan la normativa de protecci\u00f3n de los animales, esta jaula para p\u00e1jaros es adecuada para un m\u00e1ximo de 4 canarios o p\u00e1jaros del tama\u00f1o de los agapornis. \u00a1Es importante tener en cuenta que esta informaci\u00f3n representa el m\u00ednimo legal y de ning\u00fan modo una cr\u00eda \u00f3ptima! <\/p>\n<p>Ten en cuenta que los animales deben mantenerse en grupos de al menos 2 y aseg\u00farate de que haya una instalaci\u00f3n de ba\u00f1o disponible. La disposici\u00f3n de la jaula debe dise\u00f1arse para satisfacer las distintas necesidades de sus respectivos habitantes. Proporciona muchas ramas naturales (s\u00f3lo para las psit\u00e1cidas) para que los p\u00e1jaros puedan roer y trepar. Los recintos tambi\u00e9n deben estar estructurados con una variedad de perchas flexibles de distintos grosores y orientaciones, con un tercio del volumen libre de estructuras. La Ley suiza de Protecci\u00f3n de los Animales contiene otras disposiciones legales que regulan la tenencia de aves de forma respetuosa con los animales. Puedes encontrar m\u00e1s informaci\u00f3n aqu\u00ed.     <\/p>\n","protected":false},"excerpt":{"rendered":"<p>Jaula de cr\u00eda de acero galvanizado, 120x40x45 cm Posible jaula con otras jaulas de las mismas dimensiones 2 cajones de pl\u00e1stico para facilitar el mantenimiento 1 Rejilla de acero galvanizado desmontable para dividir la jaula en dos 4 Puertas delanteras 2 Mini puertas para comederos 2 Comederos de pl\u00e1stico para interior 4 perchas &nbsp; Dimensiones [&hellip;]<\/p>\n","protected":false},"featured_media":23114,"comment_status":"open","ping_status":"closed","template":"","meta":[],"product_brand":[62],"product_cat":[327,250],"product_tag":[],"class_list":{"0":"post-27910","1":"product","2":"type-product","3":"status-publish","4":"has-post-thumbnail","6":"product_brand-benelux","7":"product_cat-jaulas","8":"product_cat-pajaros","9":"product_shipping_class-postpac-economia-30kg","12":"first","13":"onbackorder","14":"shipping-taxable","15":"purchasable","16":"product-type-simple"},"jetpack_sharing_enabled":true,"_links":{"self":[{"href":"https:\/\/avesaguiar.ch\/es\/wp-json\/wp\/v2\/product\/27910","targetHints":{"allow":["GET"]}}],"collection":[{"href":"https:\/\/avesaguiar.ch\/es\/wp-json\/wp\/v2\/product"}],"about":[{"href":"https:\/\/avesaguiar.ch\/es\/wp-json\/wp\/v2\/types\/product"}],"replies":[{"embeddable":true,"href":"https:\/\/avesaguiar.ch\/es\/wp-json\/wp\/v2\/comments?post=27910"}],"wp:featuredmedia":[{"embeddable":true,"href":"https:\/\/avesaguiar.ch\/es\/wp-json\/wp\/v2\/media\/23114"}],"wp:attachment":[{"href":"https:\/\/avesaguiar.ch\/es\/wp-json\/wp\/v2\/media?parent=27910"}],"wp:term":[{"taxonomy":"product_brand","embeddable":true,"href":"https:\/\/avesaguiar.ch\/es\/wp-json\/wp\/v2\/product_brand?post=27910"},{"taxonomy":"product_cat","embeddable":true,"href":"https:\/\/avesaguiar.ch\/es\/wp-json\/wp\/v2\/product_cat?post=27910"},{"taxonomy":"product_tag","embeddable":true,"href":"https:\/\/avesaguiar.ch\/es\/wp-json\/wp\/v2\/product_tag?post=27910"}],"curies":[{"name":"wp","href":"https:\/\/api.w.org\/{rel}","templated":true}]}}