{"id":27919,"date":"2024-12-29T22:06:48","date_gmt":"2024-12-29T22:06:48","guid":{"rendered":"https:\/\/avesaguiar.ch\/produit\/mary-birdcage\/"},"modified":"2024-12-29T22:06:48","modified_gmt":"2024-12-29T22:06:48","slug":"mary-birdcage","status":"publish","type":"product","link":"https:\/\/avesaguiar.ch\/es\/produit\/mary-birdcage\/","title":{"rendered":"Mary Birdcage"},"content":{"rendered":"<h4><strong>Jaula Mary sin carrito<\/strong><\/h4>\n<p>Atractiva jaula de interior para p\u00e1jaros de hasta el tama\u00f1o de un Agapornis<\/p>\n<p>Malla de alambre resistente (12 mm de separaci\u00f3n entre barrotes), equipada con 4 perchas, 2 bebederos y comederos.<\/p>\n<p>Una puerta en la parte delantera y otra en el lateral. El fondo tiene bordes altos para evitar la dispersi\u00f3n de semillas y una bandeja para excrementos extra\u00edble. <\/p>\n<p><strong>Dimensiones :<\/strong><\/p>\n<p>&#8211; dimensiones exteriores (LxAnxAl): 70x50x62cm<\/p>\n<p>&#8211; dimensiones interiores (LxBxH): aprox. 68x46x58 cm<\/p>\n<p>&#8211; superficie : 0<sup>,31m2<\/sup><\/p>\n<p>&#8211; volumen: 0<sup>,17 m3<\/sup><\/p>\n<p><strong>Normativa suiza sobre protecci\u00f3n de los animales  <\/strong><\/p>\n<p>Seg\u00fan la normativa de protecci\u00f3n de los animales, esta jaula para p\u00e1jaros es adecuada para un m\u00e1ximo de 4 canarios o p\u00e1jaros del tama\u00f1o de los agapornis. \u00a1Es importante tener en cuenta que esta informaci\u00f3n representa el m\u00ednimo legal y de ning\u00fan modo una cr\u00eda \u00f3ptima! <\/p>\n<p>Ten en cuenta que los animales deben mantenerse en grupos de al menos 2 y aseg\u00farate de que haya una instalaci\u00f3n de ba\u00f1o disponible. La disposici\u00f3n de la jaula debe dise\u00f1arse para satisfacer las distintas necesidades de sus respectivos habitantes. Proporciona muchas ramas naturales (s\u00f3lo para las psit\u00e1cidas) para que los p\u00e1jaros puedan roer y trepar. Los recintos tambi\u00e9n deben estar estructurados con perchas flexibles de distintos grosores y orientaciones, con un tercio del volumen libre de estructuras. La Ley suiza de protecci\u00f3n de los animales contiene otras disposiciones legales que regulan la tenencia de aves de forma respetuosa con los animales.    <\/p>\n","protected":false},"excerpt":{"rendered":"<p>Jaula Mary sin carrito Atractiva jaula de interior para p\u00e1jaros de hasta el tama\u00f1o de un Agapornis Malla de alambre resistente (12 mm de separaci\u00f3n entre barrotes), equipada con 4 perchas, 2 bebederos y comederos. Una puerta en la parte delantera y otra en el lateral. El fondo tiene bordes altos para evitar la dispersi\u00f3n [&hellip;]<\/p>\n","protected":false},"featured_media":26360,"comment_status":"open","ping_status":"closed","template":"","meta":[],"product_brand":[61],"product_cat":[327,250],"product_tag":[],"class_list":{"0":"post-27919","1":"product","2":"type-product","3":"status-publish","4":"has-post-thumbnail","6":"product_brand-2gr","7":"product_cat-jaulas","8":"product_cat-pajaros","9":"product_shipping_class-postpac-economia-30kg","12":"first","13":"instock","14":"shipping-taxable","15":"purchasable","16":"product-type-simple"},"jetpack_sharing_enabled":true,"_links":{"self":[{"href":"https:\/\/avesaguiar.ch\/es\/wp-json\/wp\/v2\/product\/27919","targetHints":{"allow":["GET"]}}],"collection":[{"href":"https:\/\/avesaguiar.ch\/es\/wp-json\/wp\/v2\/product"}],"about":[{"href":"https:\/\/avesaguiar.ch\/es\/wp-json\/wp\/v2\/types\/product"}],"replies":[{"embeddable":true,"href":"https:\/\/avesaguiar.ch\/es\/wp-json\/wp\/v2\/comments?post=27919"}],"wp:featuredmedia":[{"embeddable":true,"href":"https:\/\/avesaguiar.ch\/es\/wp-json\/wp\/v2\/media\/26360"}],"wp:attachment":[{"href":"https:\/\/avesaguiar.ch\/es\/wp-json\/wp\/v2\/media?parent=27919"}],"wp:term":[{"taxonomy":"product_brand","embeddable":true,"href":"https:\/\/avesaguiar.ch\/es\/wp-json\/wp\/v2\/product_brand?post=27919"},{"taxonomy":"product_cat","embeddable":true,"href":"https:\/\/avesaguiar.ch\/es\/wp-json\/wp\/v2\/product_cat?post=27919"},{"taxonomy":"product_tag","embeddable":true,"href":"https:\/\/avesaguiar.ch\/es\/wp-json\/wp\/v2\/product_tag?post=27919"}],"curies":[{"name":"wp","href":"https:\/\/api.w.org\/{rel}","templated":true}]}}