{"id":27926,"date":"2025-01-05T21:02:59","date_gmt":"2025-01-05T21:02:59","guid":{"rendered":"https:\/\/avesaguiar.ch\/produit\/percha-de-madera-multiple-para-pajarera\/"},"modified":"2025-01-05T21:02:59","modified_gmt":"2025-01-05T21:02:59","slug":"percha-de-madera-multiple-para-pajarera","status":"publish","type":"product","link":"https:\/\/avesaguiar.ch\/es\/produit\/percha-de-madera-multiple-para-pajarera\/","title":{"rendered":"Percha de madera m\u00faltiple para pajarera"},"content":{"rendered":"<p>Perchas de madera tipo \u00e1rbol Multiperchas para pajarera &#8211; Grande \u00d811 x h 20 cm<\/p>\n<p>Percha multirama para colgar de un gancho met\u00e1lico.<\/p>\n<p>Incluye 10 perchas para p\u00e1jaros ex\u00f3ticos, canarios y periquitos peque\u00f1os.<\/p>\n<p>Ideal para una pajarera.<\/p>\n","protected":false},"excerpt":{"rendered":"<p>Percha multirama para colgar de un gancho met\u00e1lico.<\/p>\n","protected":false},"featured_media":24933,"comment_status":"open","ping_status":"closed","template":"","meta":[],"product_brand":[201],"product_cat":[282,250],"product_tag":[],"class_list":{"0":"post-27926","1":"product","2":"type-product","3":"status-publish","4":"has-post-thumbnail","6":"product_brand-fauna","7":"product_cat-accesorios-3","8":"product_cat-pajaros","9":"product_shipping_class-postpac-economia-900g","12":"first","13":"instock","14":"shipping-taxable","15":"purchasable","16":"product-type-simple"},"jetpack_sharing_enabled":true,"_links":{"self":[{"href":"https:\/\/avesaguiar.ch\/es\/wp-json\/wp\/v2\/product\/27926","targetHints":{"allow":["GET"]}}],"collection":[{"href":"https:\/\/avesaguiar.ch\/es\/wp-json\/wp\/v2\/product"}],"about":[{"href":"https:\/\/avesaguiar.ch\/es\/wp-json\/wp\/v2\/types\/product"}],"replies":[{"embeddable":true,"href":"https:\/\/avesaguiar.ch\/es\/wp-json\/wp\/v2\/comments?post=27926"}],"wp:featuredmedia":[{"embeddable":true,"href":"https:\/\/avesaguiar.ch\/es\/wp-json\/wp\/v2\/media\/24933"}],"wp:attachment":[{"href":"https:\/\/avesaguiar.ch\/es\/wp-json\/wp\/v2\/media?parent=27926"}],"wp:term":[{"taxonomy":"product_brand","embeddable":true,"href":"https:\/\/avesaguiar.ch\/es\/wp-json\/wp\/v2\/product_brand?post=27926"},{"taxonomy":"product_cat","embeddable":true,"href":"https:\/\/avesaguiar.ch\/es\/wp-json\/wp\/v2\/product_cat?post=27926"},{"taxonomy":"product_tag","embeddable":true,"href":"https:\/\/avesaguiar.ch\/es\/wp-json\/wp\/v2\/product_tag?post=27926"}],"curies":[{"name":"wp","href":"https:\/\/api.w.org\/{rel}","templated":true}]}}