{"id":27934,"date":"2024-12-29T12:05:51","date_gmt":"2024-12-29T12:05:51","guid":{"rendered":"https:\/\/avesaguiar.ch\/produit\/semillas-gallinas-ponedoras\/"},"modified":"2024-12-29T12:05:51","modified_gmt":"2024-12-29T12:05:51","slug":"semillas-gallinas-ponedoras","status":"publish","type":"product","link":"https:\/\/avesaguiar.ch\/es\/produit\/semillas-gallinas-ponedoras\/","title":{"rendered":"Semillas Gallinas Ponedoras"},"content":{"rendered":"<h1>Semillas Gallinas Ponedoras<\/h1>\n<div class=\"product__content\">\n<ul>\n<li>Es una mezcla general de granos para pollitas.<\/li>\n<li>Mezcla de granos de alta calidad elaborada con semillas trituradas, ideal para pollos enanos, gallinas peque\u00f1as y diversas aves ornamentales.<\/li>\n<li>Contiene ma\u00edz triturado y un surtido de cereales y semillas ricos en energ\u00eda y prote\u00ednas, como trigo, sorgo y guisantes verdes triturados, pipas de girasol y cardi.<\/li>\n<li>Este pienso es el complemento ideal de las mezclas para gallinas, gallinas ornamentales, pavos y aves acu\u00e1ticas.<\/li>\n<li>Disponible en 20 kg.<\/li>\n<\/ul>\n<\/div>\n<div class=\"product__composition\">\n<div class=\"product__composition-summary\" tabindex=\"0\" role=\"button\" data-groupid=\"composition\" data-target=\"[san-id='open-composition']\" data-state=\"open\" data-classlist=\"open\" aria-expanded=\"false\"><strong>Composici\u00f3n<\/strong><\/div>\n<div class=\"product__composition-details open\">Ble &#8211; ma\u00edz &#8211; sorgo &#8211; piedra caliza &#8211; guisantes &#8211; toumesoles &#8211; kardi &#8211; aceite de linaza<\/div>\n<div><\/div>\n<\/div>\n<div class=\"product__ingredients\">\n<div class=\"product__ingredients-summary\" tabindex=\"0\" role=\"button\" data-groupid=\"ingredients\" data-target=\"[san-id='open-ingredients']\" data-state=\"open\" data-classlist=\"open\" aria-expanded=\"false\"><strong>Componentes anal\u00edticos<\/strong><\/div>\n<div class=\"product__ingredients-details open\">Prote\u00edna bruta 10,52% &#8211; grasa 3,56% &#8211; ceniza bruta 4,26% &#8211; fibra bruta 3,53% &#8211; lisina 0,30% &#8211; metionina 0,19% &#8211; sodio 0,01% &#8211; f\u00f3sforo 0,30% &#8211; calcio 1,03%.<\/div>\n<\/div>\n","protected":false},"excerpt":{"rendered":"<p>Semillas Gallinas Ponedoras Es una mezcla general de granos para pollitas. Mezcla de granos de alta calidad elaborada con semillas trituradas, ideal para pollos enanos, gallinas peque\u00f1as y diversas aves ornamentales. Contiene ma\u00edz triturado y un surtido de cereales y semillas ricos en energ\u00eda y prote\u00ednas, como trigo, sorgo y guisantes verdes triturados, pipas de [&hellip;]<\/p>\n","protected":false},"featured_media":22816,"comment_status":"open","ping_status":"closed","template":"","meta":[],"product_brand":[],"product_cat":[286],"product_tag":[],"class_list":{"0":"post-27934","1":"product","2":"type-product","3":"status-publish","4":"has-post-thumbnail","6":"product_cat-aves-de-corral","9":"first","10":"instock","11":"shipping-taxable","12":"purchasable","13":"product-type-simple"},"jetpack_sharing_enabled":true,"_links":{"self":[{"href":"https:\/\/avesaguiar.ch\/es\/wp-json\/wp\/v2\/product\/27934","targetHints":{"allow":["GET"]}}],"collection":[{"href":"https:\/\/avesaguiar.ch\/es\/wp-json\/wp\/v2\/product"}],"about":[{"href":"https:\/\/avesaguiar.ch\/es\/wp-json\/wp\/v2\/types\/product"}],"replies":[{"embeddable":true,"href":"https:\/\/avesaguiar.ch\/es\/wp-json\/wp\/v2\/comments?post=27934"}],"wp:featuredmedia":[{"embeddable":true,"href":"https:\/\/avesaguiar.ch\/es\/wp-json\/wp\/v2\/media\/22816"}],"wp:attachment":[{"href":"https:\/\/avesaguiar.ch\/es\/wp-json\/wp\/v2\/media?parent=27934"}],"wp:term":[{"taxonomy":"product_brand","embeddable":true,"href":"https:\/\/avesaguiar.ch\/es\/wp-json\/wp\/v2\/product_brand?post=27934"},{"taxonomy":"product_cat","embeddable":true,"href":"https:\/\/avesaguiar.ch\/es\/wp-json\/wp\/v2\/product_cat?post=27934"},{"taxonomy":"product_tag","embeddable":true,"href":"https:\/\/avesaguiar.ch\/es\/wp-json\/wp\/v2\/product_tag?post=27934"}],"curies":[{"name":"wp","href":"https:\/\/api.w.org\/{rel}","templated":true}]}}