{"id":27951,"date":"2024-12-29T19:47:50","date_gmt":"2024-12-29T19:47:50","guid":{"rendered":"https:\/\/avesaguiar.ch\/produit\/cria-de-loros\/"},"modified":"2024-12-29T19:47:50","modified_gmt":"2024-12-29T19:47:50","slug":"cria-de-loros","status":"publish","type":"product","link":"https:\/\/avesaguiar.ch\/es\/produit\/cria-de-loros\/","title":{"rendered":"Cr\u00eda de loros"},"content":{"rendered":"<h1>62 &#8211; Cr\u00eda de loros<\/h1>\n<div class=\"product__content\">\n<ul>\n<li>Es una mezcla de varias semillas para loros como grises gaboneses, Eclectus, guacamayos, etc.<\/li>\n<li>Disponible en 15 kg.<\/li>\n<\/ul>\n<\/div>\n<div class=\"product__composition\">\n<div class=\"product__composition-summary\" tabindex=\"0\" role=\"button\" data-groupid=\"composition\" data-target=\"[san-id='open-composition']\" data-state=\"open\" data-classlist=\"open\" aria-expanded=\"false\">Composici\u00f3n<\/div>\n<div class=\"product__composition-details open\">Girasol rayado, trigo sarraceno, c\u00e1\u00f1amo, avena cortada, girasol blanco, cardi, mijo blanco, alpiste, arroz con c\u00e1scara, trigo, nueces de cedro, semillas de lino, sorgo dari\/blanco, sorgo rojo, semillas de calabaza<\/div>\n<\/div>\n","protected":false},"excerpt":{"rendered":"<p>62 &#8211; Cr\u00eda de loros Es una mezcla de varias semillas para loros como grises gaboneses, Eclectus, guacamayos, etc. Disponible en 15 kg. Composici\u00f3n Girasol rayado, trigo sarraceno, c\u00e1\u00f1amo, avena cortada, girasol blanco, cardi, mijo blanco, alpiste, arroz con c\u00e1scara, trigo, nueces de cedro, semillas de lino, sorgo dari\/blanco, sorgo rojo, semillas de calabaza<\/p>\n","protected":false},"featured_media":22917,"comment_status":"open","ping_status":"closed","template":"","meta":[],"product_brand":[184],"product_cat":[242,250],"product_tag":[],"class_list":{"0":"post-27951","1":"product","2":"type-product","3":"status-publish","4":"has-post-thumbnail","6":"product_brand-deli-nature","7":"product_cat-fuente-de-alimentacion-2","8":"product_cat-pajaros","9":"product_shipping_class-postpac-economia-30kg","12":"first","13":"instock","14":"sale","15":"shipping-taxable","16":"purchasable","17":"product-type-simple"},"jetpack_sharing_enabled":true,"_links":{"self":[{"href":"https:\/\/avesaguiar.ch\/es\/wp-json\/wp\/v2\/product\/27951","targetHints":{"allow":["GET"]}}],"collection":[{"href":"https:\/\/avesaguiar.ch\/es\/wp-json\/wp\/v2\/product"}],"about":[{"href":"https:\/\/avesaguiar.ch\/es\/wp-json\/wp\/v2\/types\/product"}],"replies":[{"embeddable":true,"href":"https:\/\/avesaguiar.ch\/es\/wp-json\/wp\/v2\/comments?post=27951"}],"wp:featuredmedia":[{"embeddable":true,"href":"https:\/\/avesaguiar.ch\/es\/wp-json\/wp\/v2\/media\/22917"}],"wp:attachment":[{"href":"https:\/\/avesaguiar.ch\/es\/wp-json\/wp\/v2\/media?parent=27951"}],"wp:term":[{"taxonomy":"product_brand","embeddable":true,"href":"https:\/\/avesaguiar.ch\/es\/wp-json\/wp\/v2\/product_brand?post=27951"},{"taxonomy":"product_cat","embeddable":true,"href":"https:\/\/avesaguiar.ch\/es\/wp-json\/wp\/v2\/product_cat?post=27951"},{"taxonomy":"product_tag","embeddable":true,"href":"https:\/\/avesaguiar.ch\/es\/wp-json\/wp\/v2\/product_tag?post=27951"}],"curies":[{"name":"wp","href":"https:\/\/api.w.org\/{rel}","templated":true}]}}