{"id":27954,"date":"2024-12-29T19:43:10","date_gmt":"2024-12-29T19:43:10","guid":{"rendered":"https:\/\/avesaguiar.ch\/produit\/supreme-papagayos-frugivoros\/"},"modified":"2024-12-29T19:43:10","modified_gmt":"2024-12-29T19:43:10","slug":"supreme-papagayos-frugivoros","status":"publish","type":"product","link":"https:\/\/avesaguiar.ch\/es\/produit\/supreme-papagayos-frugivoros\/","title":{"rendered":"Supr\u00e8me Papagayos frug\u00edvoros"},"content":{"rendered":"<h1>64 &#8211; Supr\u00e8me Papagayos frug\u00edvoros<\/h1>\n<div class=\"product__content\">\n<ul>\n<li>Una mezcla nutritiva que contiene un alto porcentaje de distintos tipos de fruta (pi\u00f1a, papaya, uvas, etc.).<\/li>\n<li>Mezcla con un 24% de semillas de girasol, ideal para la mayor\u00eda de las especies de loros.<\/li>\n<li>Una rica mezcla de m\u00e1s de 25 ingredientes.<\/li>\n<li>Sin ma\u00edz ni cacahuetes.<\/li>\n<li>Enriquecido con gr\u00e1nulos extruidos.<\/li>\n<li>Disponible en 15 kg.<\/li>\n<\/ul>\n<\/div>\n<div class=\"product__composition\">\n<div class=\"product__composition-summary\" tabindex=\"0\" role=\"button\" data-groupid=\"composition\" data-target=\"[san-id='open-composition']\" data-state=\"open\" data-classlist=\"open\" aria-expanded=\"false\">Composici\u00f3n<\/div>\n<div class=\"product__composition-details open\">Girasoles blancos, cardi, fruta, trigo sarraceno, girasoles estriados, avena pelada, c\u00e1\u00f1amo, sorgo rojo, sorgo dari\/blanco, trigo, cebada, pellets extrusionados, semillas de calabaza, nueces de cedro<\/div>\n<\/div>\n","protected":false},"excerpt":{"rendered":"<p>64 &#8211; Supr\u00e8me Papagayos frug\u00edvoros Una mezcla nutritiva que contiene un alto porcentaje de distintos tipos de fruta (pi\u00f1a, papaya, uvas, etc.). Mezcla con un 24% de semillas de girasol, ideal para la mayor\u00eda de las especies de loros. Una rica mezcla de m\u00e1s de 25 ingredientes. Sin ma\u00edz ni cacahuetes. Enriquecido con gr\u00e1nulos extruidos. [&hellip;]<\/p>\n","protected":false},"featured_media":22917,"comment_status":"open","ping_status":"closed","template":"","meta":[],"product_brand":[184],"product_cat":[242,250],"product_tag":[],"class_list":{"0":"post-27954","1":"product","2":"type-product","3":"status-publish","4":"has-post-thumbnail","6":"product_brand-deli-nature","7":"product_cat-fuente-de-alimentacion-2","8":"product_cat-pajaros","11":"first","12":"outofstock","13":"shipping-taxable","14":"purchasable","15":"product-type-simple"},"jetpack_sharing_enabled":true,"_links":{"self":[{"href":"https:\/\/avesaguiar.ch\/es\/wp-json\/wp\/v2\/product\/27954","targetHints":{"allow":["GET"]}}],"collection":[{"href":"https:\/\/avesaguiar.ch\/es\/wp-json\/wp\/v2\/product"}],"about":[{"href":"https:\/\/avesaguiar.ch\/es\/wp-json\/wp\/v2\/types\/product"}],"replies":[{"embeddable":true,"href":"https:\/\/avesaguiar.ch\/es\/wp-json\/wp\/v2\/comments?post=27954"}],"wp:featuredmedia":[{"embeddable":true,"href":"https:\/\/avesaguiar.ch\/es\/wp-json\/wp\/v2\/media\/22917"}],"wp:attachment":[{"href":"https:\/\/avesaguiar.ch\/es\/wp-json\/wp\/v2\/media?parent=27954"}],"wp:term":[{"taxonomy":"product_brand","embeddable":true,"href":"https:\/\/avesaguiar.ch\/es\/wp-json\/wp\/v2\/product_brand?post=27954"},{"taxonomy":"product_cat","embeddable":true,"href":"https:\/\/avesaguiar.ch\/es\/wp-json\/wp\/v2\/product_cat?post=27954"},{"taxonomy":"product_tag","embeddable":true,"href":"https:\/\/avesaguiar.ch\/es\/wp-json\/wp\/v2\/product_tag?post=27954"}],"curies":[{"name":"wp","href":"https:\/\/api.w.org\/{rel}","templated":true}]}}