{"id":27965,"date":"2024-12-29T22:20:25","date_gmt":"2024-12-29T22:20:25","guid":{"rendered":"https:\/\/avesaguiar.ch\/produit\/jaula-de-transporte-para-perros-grandes\/"},"modified":"2024-12-29T22:20:25","modified_gmt":"2024-12-29T22:20:25","slug":"jaula-de-transporte-para-perros-grandes","status":"publish","type":"product","link":"https:\/\/avesaguiar.ch\/es\/produit\/jaula-de-transporte-para-perros-grandes\/","title":{"rendered":"Jaula de transporte para perros grandes"},"content":{"rendered":"<div><strong>Jaula de transporte para perros grandes<\/strong><\/div>\n<div><\/div>\n<div>El transport\u00edn para perros grandes es un lugar reservado para tu gran compa\u00f1ero.<\/div>\n<div>Puede instalarse en el maletero de tu coche, para protegerlo eficazmente de los golpes que puedan producirse por el camino.<\/div>\n<div>De f\u00e1cil acceso, tiene una puerta met\u00e1lica que se pliega en dos.<\/div>\n<div><\/div>\n<div>Un pr\u00e1ctico transport\u00edn para perros grandes.<br \/>\nTiene dos asas a lo largo de sus dos anchos superiores, para distribuir uniformemente el peso una vez que el animal est\u00e1 dentro,<\/div>\n<div>lo que facilita su transporte. En los laterales hay rejillas de ventilaci\u00f3n para que el interior est\u00e9 bien oxigenado. <\/div>\n<div>Una base doble perforada extra\u00edble garantiza una mayor higiene.<\/div>\n<div>El material es lavable y f\u00e1cil de cuidar.<\/div>\n<div><\/div>\n<div>Un transport\u00edn de calidad para perros grandes.<\/div>\n<div>El transport\u00edn para perros grandes tiene una estructura de polipropileno de alta calidad que lo protege de los rayos UV, los golpes y las heladas.<\/div>\n<div>Con unas dimensiones de 88 cm de largo, 51 cm de alto y 58 cm de alto, y fabricado en la Uni\u00f3n Europea, el objeto se ofrece a un precio asequible, lo que lo convierte en una jaula de transporte barata, de f\u00e1cil montaje gracias a las instrucciones incluidas.<\/div>\n","protected":false},"excerpt":{"rendered":"<p>Jaula de transporte para perros grandes El transport\u00edn para perros grandes es un lugar reservado para tu gran compa\u00f1ero. Puede instalarse en el maletero de tu coche, para protegerlo eficazmente de los golpes que puedan producirse por el camino. De f\u00e1cil acceso, tiene una puerta met\u00e1lica que se pliega en dos. Un pr\u00e1ctico transport\u00edn para [&hellip;]<\/p>\n","protected":false},"featured_media":23119,"comment_status":"open","ping_status":"closed","template":"","meta":[],"product_brand":[61],"product_cat":[260,258],"product_tag":[],"class_list":{"0":"post-27965","1":"product","2":"type-product","3":"status-publish","4":"has-post-thumbnail","6":"product_brand-2gr","7":"product_cat-accesorios","8":"product_cat-perro","9":"product_shipping_class-postpac-economia-30kg","12":"first","13":"instock","14":"shipping-taxable","15":"purchasable","16":"product-type-simple"},"jetpack_sharing_enabled":true,"_links":{"self":[{"href":"https:\/\/avesaguiar.ch\/es\/wp-json\/wp\/v2\/product\/27965","targetHints":{"allow":["GET"]}}],"collection":[{"href":"https:\/\/avesaguiar.ch\/es\/wp-json\/wp\/v2\/product"}],"about":[{"href":"https:\/\/avesaguiar.ch\/es\/wp-json\/wp\/v2\/types\/product"}],"replies":[{"embeddable":true,"href":"https:\/\/avesaguiar.ch\/es\/wp-json\/wp\/v2\/comments?post=27965"}],"wp:featuredmedia":[{"embeddable":true,"href":"https:\/\/avesaguiar.ch\/es\/wp-json\/wp\/v2\/media\/23119"}],"wp:attachment":[{"href":"https:\/\/avesaguiar.ch\/es\/wp-json\/wp\/v2\/media?parent=27965"}],"wp:term":[{"taxonomy":"product_brand","embeddable":true,"href":"https:\/\/avesaguiar.ch\/es\/wp-json\/wp\/v2\/product_brand?post=27965"},{"taxonomy":"product_cat","embeddable":true,"href":"https:\/\/avesaguiar.ch\/es\/wp-json\/wp\/v2\/product_cat?post=27965"},{"taxonomy":"product_tag","embeddable":true,"href":"https:\/\/avesaguiar.ch\/es\/wp-json\/wp\/v2\/product_tag?post=27965"}],"curies":[{"name":"wp","href":"https:\/\/api.w.org\/{rel}","templated":true}]}}