{"id":27969,"date":"2024-12-16T21:04:33","date_gmt":"2024-12-16T21:04:33","guid":{"rendered":"https:\/\/avesaguiar.ch\/produit\/juguete-de-loro\/"},"modified":"2024-12-16T21:04:33","modified_gmt":"2024-12-16T21:04:33","slug":"juguete-de-loro","status":"publish","type":"product","link":"https:\/\/avesaguiar.ch\/es\/produit\/juguete-de-loro\/","title":{"rendered":"JUGUETE DE LORO"},"content":{"rendered":"<h4>\u00bfPor qu\u00e9 necesitas el juguete Loro?<\/h4>\n<h4>En primer lugar, en estado salvaje, la mayor\u00eda de los loros son sociables, pasan mucho tiempo buscando comida y evitando al enemigo. Sin embargo, una vez que el loro ha sido domesticado, hay mucho m\u00e1s temp pound, la mayor\u00eda de la gente mantiene s\u00f3lo 1 \u00f3 2 loros, lo que puede provocar falta de compa\u00f1eros y ver al Amo como un compa\u00f1ero importante. Por supuesto, esto es algo bueno, pero si no tienes mucho tiempo para pasar con \u00e9l, se sentir\u00e1 aislado y aburrido. As\u00ed que los loros pueden gritar, morder cosas e incluso morderse las plumas para llamar tu atenci\u00f3n.   <\/h4>\n<h4>En segundo lugar, el pico del loro seguir\u00e1 creciendo para mantenerlo afilado. Sin embargo, un pico demasiado largo afectar\u00e1 a la capacidad de comer del loro y perjudicar\u00e1 su salud. El loro salvaje controlar\u00e1 la longitud del pico mordiendo troncos y alimentos duros, y el gusto por morder cosas forma parte de su naturaleza. Si el Loro dom\u00e9stico carece de cosas apropiadas que pueda nouir, bas\u00e1ndose en la salud y en su naturaleza, deber\u00e1 morder las cosas en el maisom esta es la raz\u00f3n por la que los juguetes masticables son imprescindibles para los Loros.   <\/h4>\n<h4>Largo x Ancho x Alto 37 x 14 x 43<\/h4>\n","protected":false},"excerpt":{"rendered":"<p>\u00bfPor qu\u00e9 necesitas el juguete Loro?<\/p>\n<p>En primer lugar, en estado salvaje, la mayor\u00eda de los loros son sociables; pasan mucho tiempo buscando comida y evitando enemigos.<\/p>\n","protected":false},"featured_media":22627,"comment_status":"open","ping_status":"closed","template":"","meta":[],"product_brand":[61],"product_cat":[225,250],"product_tag":[],"class_list":{"0":"post-27969","1":"product","2":"type-product","3":"status-publish","4":"has-post-thumbnail","6":"product_brand-2gr","7":"product_cat-juguetes","8":"product_cat-pajaros","11":"first","12":"instock","13":"shipping-taxable","14":"purchasable","15":"product-type-simple"},"jetpack_sharing_enabled":true,"_links":{"self":[{"href":"https:\/\/avesaguiar.ch\/es\/wp-json\/wp\/v2\/product\/27969","targetHints":{"allow":["GET"]}}],"collection":[{"href":"https:\/\/avesaguiar.ch\/es\/wp-json\/wp\/v2\/product"}],"about":[{"href":"https:\/\/avesaguiar.ch\/es\/wp-json\/wp\/v2\/types\/product"}],"replies":[{"embeddable":true,"href":"https:\/\/avesaguiar.ch\/es\/wp-json\/wp\/v2\/comments?post=27969"}],"wp:featuredmedia":[{"embeddable":true,"href":"https:\/\/avesaguiar.ch\/es\/wp-json\/wp\/v2\/media\/22627"}],"wp:attachment":[{"href":"https:\/\/avesaguiar.ch\/es\/wp-json\/wp\/v2\/media?parent=27969"}],"wp:term":[{"taxonomy":"product_brand","embeddable":true,"href":"https:\/\/avesaguiar.ch\/es\/wp-json\/wp\/v2\/product_brand?post=27969"},{"taxonomy":"product_cat","embeddable":true,"href":"https:\/\/avesaguiar.ch\/es\/wp-json\/wp\/v2\/product_cat?post=27969"},{"taxonomy":"product_tag","embeddable":true,"href":"https:\/\/avesaguiar.ch\/es\/wp-json\/wp\/v2\/product_tag?post=27969"}],"curies":[{"name":"wp","href":"https:\/\/api.w.org\/{rel}","templated":true}]}}