{"id":28007,"date":"2025-01-09T12:43:19","date_gmt":"2025-01-09T12:43:19","guid":{"rendered":"https:\/\/avesaguiar.ch\/produit\/menu-katz-oldies-ages\/"},"modified":"2025-01-09T12:43:19","modified_gmt":"2025-01-09T12:43:19","slug":"menu-katz-oldies-ages","status":"publish","type":"product","link":"https:\/\/avesaguiar.ch\/es\/produit\/menu-katz-oldies-ages\/","title":{"rendered":"Men\u00fa Katz Oldies Ag\u00e9s"},"content":{"rendered":"<p>Cuando tu gato alcance los 9 \u00f3 10 a\u00f1os, empezar\u00e1 a entrar en la categor\u00eda de gatos viejos.<\/p>\n<p>Katz Menu Oldies tiene en cuenta las necesidades diet\u00e9ticas modificadas y se ha desarrollado especialmente para gatos mayores.<\/p>\n<p>Katz Menu Oldies es un alimento equilibrado que mantiene a tu gato senior en buenas condiciones. Es un alimento ligero y digestible, enriquecido adem\u00e1s con L-carnitina, que favorece el intercambio de materia, y cart\u00edlago de tibur\u00f3n, que sirve para mantener flexibles las articulaciones. <\/p>\n<p>Ingesta nutricional recomendada para la edad del gato :<\/p>\n<p>2-3 kg = 20-30 gr 3-5 kg = 30-50 gr &gt;5 kg = 50-80 gr<\/p>\n<p>Composici\u00f3n: carne de ave (m\u00edn. 20%), harina de trigo, prote\u00edna de carne deshidratada, grasa animal, pescado deshidratado, carne de ave hidrolizada, pulpa de remolacha, huevos enteros deshidratados, levadura, lecitina, aceite de pescado refinado, sal, fructooligosac\u00e1ridos.<\/p>\n<p>An\u00e1lisis: Prote\u00edna bruta 28%, grasa bruta 13%, fibra bruta 3%, ceniza bruta 7%,<\/p>\n<p>calcio 1,3%, f\u00f3sforo 1%, taurina 2 g, L-carnitina 50 mg.<\/p>\n<p>&nbsp;<\/p>\n<h3>Envase 2Kg<\/h3>\n","protected":false},"excerpt":{"rendered":"<p>Katz Menu Oldies tiene en cuenta las necesidades diet\u00e9ticas modificadas y est\u00e1 especialmente desarrollado para gatos mayores<\/p>\n<p>Disponible 2 Kg<\/p>\n","protected":false},"featured_media":23692,"comment_status":"open","ping_status":"closed","template":"","meta":[],"product_brand":[182],"product_cat":[349,270],"product_tag":[],"class_list":{"0":"post-28007","1":"product","2":"type-product","3":"status-publish","4":"has-post-thumbnail","6":"product_brand-beyers","7":"product_cat-fuente-de-alimentacion-4","8":"product_cat-gatos","11":"first","12":"instock","13":"shipping-taxable","14":"purchasable","15":"product-type-simple"},"jetpack_sharing_enabled":true,"_links":{"self":[{"href":"https:\/\/avesaguiar.ch\/es\/wp-json\/wp\/v2\/product\/28007","targetHints":{"allow":["GET"]}}],"collection":[{"href":"https:\/\/avesaguiar.ch\/es\/wp-json\/wp\/v2\/product"}],"about":[{"href":"https:\/\/avesaguiar.ch\/es\/wp-json\/wp\/v2\/types\/product"}],"replies":[{"embeddable":true,"href":"https:\/\/avesaguiar.ch\/es\/wp-json\/wp\/v2\/comments?post=28007"}],"wp:featuredmedia":[{"embeddable":true,"href":"https:\/\/avesaguiar.ch\/es\/wp-json\/wp\/v2\/media\/23692"}],"wp:attachment":[{"href":"https:\/\/avesaguiar.ch\/es\/wp-json\/wp\/v2\/media?parent=28007"}],"wp:term":[{"taxonomy":"product_brand","embeddable":true,"href":"https:\/\/avesaguiar.ch\/es\/wp-json\/wp\/v2\/product_brand?post=28007"},{"taxonomy":"product_cat","embeddable":true,"href":"https:\/\/avesaguiar.ch\/es\/wp-json\/wp\/v2\/product_cat?post=28007"},{"taxonomy":"product_tag","embeddable":true,"href":"https:\/\/avesaguiar.ch\/es\/wp-json\/wp\/v2\/product_tag?post=28007"}],"curies":[{"name":"wp","href":"https:\/\/api.w.org\/{rel}","templated":true}]}}