{"id":28021,"date":"2025-01-09T11:24:40","date_gmt":"2025-01-09T11:24:40","guid":{"rendered":"https:\/\/avesaguiar.ch\/produit\/euro-premium-cordero-adulto-grande-sin-gluten\/"},"modified":"2025-01-09T11:24:40","modified_gmt":"2025-01-09T11:24:40","slug":"euro-premium-cordero-adulto-grande-sin-gluten","status":"publish","type":"product","link":"https:\/\/avesaguiar.ch\/es\/produit\/euro-premium-cordero-adulto-grande-sin-gluten\/","title":{"rendered":"Euro Premium &#8211; Cordero Adulto Grande (Sin Gluten)"},"content":{"rendered":"<p>Euro- Premium &#8211; Adulto Grande Cordero y Arroz 12Kg<\/p>\n<p><strong>Prote\u00ednas animales: 74%.<\/strong><\/p>\n<p><strong>Original es un alimento de alta calidad, sabroso y sin gluten, que seguro que os gustar\u00e1 a ti y a tu perro. El ingrediente b\u00e1sico de la gama Original es la carne. Ninguno de los productos contiene trigo, ma\u00edz o cebada para una digestibilidad \u00f3ptima. Los alimentos Original son adecuados para perros de todas las edades y razas.   <\/strong><\/p>\n<p>La carne es la mejor fuente de prote\u00ednas para tu fiel compa\u00f1ero. En la elaboraci\u00f3n de Original food utilizamos principalmente cecina de pollo o cordero, lo que significa que alrededor del 80% de las prote\u00ednas del alimento proceden de estas carnes. <\/p>\n<p>La gama Original tambi\u00e9n contiene romero y selenio, antioxidantes naturales que refuerzan el sistema inmunitario de tu perro, as\u00ed como probi\u00f3ticos como FOS y MOS. No hay nada igual para una digesti\u00f3n \u00f3ptima de los alimentos. <\/p>\n<p><strong>Alimento completo superpremium para perros adultos (&gt;18 meses) de razas grandes (25-45kg).<\/strong> Esta f\u00f3rmula no contiene trigo ni gluten. Incorpora FOS y MOS para una digesti\u00f3n \u00f3ptima. La glucosamina y el sulfato de condroitina ayudan a mantener unas articulaciones fuertes y flexibles. F   <\/p>\n<p>Harina de cordero (deshidratada38%), arroz (gerehydrateerd 29%), grasa de pollo, guisantes, patatas, potatoreeiwit, pulpa de remolacha, hidrolizado de h\u00edgado de ave, fosfato dic\u00e1lcico, carbonato c\u00e1lcico, cloruro s\u00f3dico, levadura, aceite de pescado refinado, F.O.S, M.O.S, lecitina, glucosamina, sulfato de condroitina, semillas de uva, romero.<\/p>\n<p>Prote\u00edna bruta: 24% &#8211; contenido en grasa: 13,5% &#8211; fibra bruta: 2,5% &#8211; ceniza bruta: 7,5% &#8211; calcio: 1,6% &#8211; f\u00f3sforo: 0,9%.<\/p>\n","protected":false},"excerpt":{"rendered":"<p><strong>Alimento completo superpremium para perros adultos (&gt;18 meses) de razas grandes (25-45kg).<\/strong> Esta f\u00f3rmula no contiene trigo ni gluten. Incorpora FOS y MOS para una digesti\u00f3n \u00f3ptima. La glucosamina y el sulfato de condroitina ayudan a mantener unas articulaciones fuertes y flexibles.  <\/p>\n","protected":false},"featured_media":23638,"comment_status":"open","ping_status":"closed","template":"","meta":[],"product_brand":[182],"product_cat":[335,258],"product_tag":[],"class_list":{"0":"post-28021","1":"product","2":"type-product","3":"status-publish","4":"has-post-thumbnail","6":"product_brand-beyers","7":"product_cat-fuente-de-alimentacion-3","8":"product_cat-perro","11":"first","12":"instock","13":"shipping-taxable","14":"purchasable","15":"product-type-simple"},"jetpack_sharing_enabled":true,"_links":{"self":[{"href":"https:\/\/avesaguiar.ch\/es\/wp-json\/wp\/v2\/product\/28021","targetHints":{"allow":["GET"]}}],"collection":[{"href":"https:\/\/avesaguiar.ch\/es\/wp-json\/wp\/v2\/product"}],"about":[{"href":"https:\/\/avesaguiar.ch\/es\/wp-json\/wp\/v2\/types\/product"}],"replies":[{"embeddable":true,"href":"https:\/\/avesaguiar.ch\/es\/wp-json\/wp\/v2\/comments?post=28021"}],"wp:featuredmedia":[{"embeddable":true,"href":"https:\/\/avesaguiar.ch\/es\/wp-json\/wp\/v2\/media\/23638"}],"wp:attachment":[{"href":"https:\/\/avesaguiar.ch\/es\/wp-json\/wp\/v2\/media?parent=28021"}],"wp:term":[{"taxonomy":"product_brand","embeddable":true,"href":"https:\/\/avesaguiar.ch\/es\/wp-json\/wp\/v2\/product_brand?post=28021"},{"taxonomy":"product_cat","embeddable":true,"href":"https:\/\/avesaguiar.ch\/es\/wp-json\/wp\/v2\/product_cat?post=28021"},{"taxonomy":"product_tag","embeddable":true,"href":"https:\/\/avesaguiar.ch\/es\/wp-json\/wp\/v2\/product_tag?post=28021"}],"curies":[{"name":"wp","href":"https:\/\/api.w.org\/{rel}","templated":true}]}}