{"id":28025,"date":"2025-01-09T12:12:14","date_gmt":"2025-01-09T12:12:14","guid":{"rendered":"https:\/\/avesaguiar.ch\/produit\/pollo-adulto-esterilizado\/"},"modified":"2025-01-09T12:12:14","modified_gmt":"2025-01-09T12:12:14","slug":"pollo-adulto-esterilizado","status":"publish","type":"product","link":"https:\/\/avesaguiar.ch\/es\/produit\/pollo-adulto-esterilizado\/","title":{"rendered":"POLLO ADULTO ESTERILIZADO"},"content":{"rendered":"<div class=\"product__headings\">\n<p>POLLO ADULTO ESTERILIZADO<\/p>\n<\/div>\n<div class=\"product__description\">\n<p>Los gatos esterilizados necesitan una dieta menos energ\u00e9tica debido a su metabolismo alterado. El psilio y la pulpa de remolacha proporcionan una mayor sensaci\u00f3n de saciedad y tambi\u00e9n ayudan a reducir la formaci\u00f3n de bolas de pelo. Se a\u00f1ade L-carnitina para estimular la quema de grasas. La mezcla \u00fanica de plantas secas -naturalmente ricas en antioxidantes- contribuye a una buena inmunidad. Los estudios cl\u00ednicos demuestran que la formaci\u00f3n de placa dental y sarro se ve limitada por la vitamina C fosforilada. La cantidad de minerales est\u00e1 adaptada para contribuir a una buena salud del tracto urinario. El aceite de pescado favorece la salud de la piel y el pelaje. Por \u00faltimo, tambi\u00e9n se han a\u00f1adido elementos para favorecer las articulaciones. Sin ma\u00edz ni trigo.        <\/p>\n<h1>Disponible en 2 kg<\/h1>\n<\/div>\n","protected":false},"excerpt":{"rendered":"<p>(Gatos con sobrepeso y problemas urinarios)<\/p>\n<p>Disponible 2kg<\/p>\n","protected":false},"featured_media":23681,"comment_status":"open","ping_status":"closed","template":"","meta":[],"product_brand":[182],"product_cat":[349,270],"product_tag":[],"class_list":{"0":"post-28025","1":"product","2":"type-product","3":"status-publish","4":"has-post-thumbnail","6":"product_brand-beyers","7":"product_cat-fuente-de-alimentacion-4","8":"product_cat-gatos","11":"first","12":"instock","13":"shipping-taxable","14":"purchasable","15":"product-type-simple"},"jetpack_sharing_enabled":true,"_links":{"self":[{"href":"https:\/\/avesaguiar.ch\/es\/wp-json\/wp\/v2\/product\/28025","targetHints":{"allow":["GET"]}}],"collection":[{"href":"https:\/\/avesaguiar.ch\/es\/wp-json\/wp\/v2\/product"}],"about":[{"href":"https:\/\/avesaguiar.ch\/es\/wp-json\/wp\/v2\/types\/product"}],"replies":[{"embeddable":true,"href":"https:\/\/avesaguiar.ch\/es\/wp-json\/wp\/v2\/comments?post=28025"}],"wp:featuredmedia":[{"embeddable":true,"href":"https:\/\/avesaguiar.ch\/es\/wp-json\/wp\/v2\/media\/23681"}],"wp:attachment":[{"href":"https:\/\/avesaguiar.ch\/es\/wp-json\/wp\/v2\/media?parent=28025"}],"wp:term":[{"taxonomy":"product_brand","embeddable":true,"href":"https:\/\/avesaguiar.ch\/es\/wp-json\/wp\/v2\/product_brand?post=28025"},{"taxonomy":"product_cat","embeddable":true,"href":"https:\/\/avesaguiar.ch\/es\/wp-json\/wp\/v2\/product_cat?post=28025"},{"taxonomy":"product_tag","embeddable":true,"href":"https:\/\/avesaguiar.ch\/es\/wp-json\/wp\/v2\/product_tag?post=28025"}],"curies":[{"name":"wp","href":"https:\/\/api.w.org\/{rel}","templated":true}]}}