{"id":28031,"date":"2025-01-10T19:50:01","date_gmt":"2025-01-10T19:50:01","guid":{"rendered":"https:\/\/avesaguiar.ch\/produit\/mijo-racimo-chino-rojo\/"},"modified":"2025-01-10T19:50:01","modified_gmt":"2025-01-10T19:50:01","slug":"mijo-racimo-chino-rojo","status":"publish","type":"product","link":"https:\/\/avesaguiar.ch\/es\/produit\/mijo-racimo-chino-rojo\/","title":{"rendered":"Mijo &#8211; Racimo chino rojo"},"content":{"rendered":"<p>Mijo rojo chino.<\/p>\n<p>El mijo es el alimento b\u00e1sico de todas las aves.<\/p>\n<p>Es rica en prote\u00ednas e hidratos de carbono y tambi\u00e9n contiene un gran n\u00famero de amino\u00e1cidos.<\/p>\n<p>El mijo en manojo es ideal para distraer a tus p\u00e1jaros y evitar el picoteo de las plumas.<\/p>\n<p>El mijo rojo es una buena fuente de vitaminas y minerales. Les encanta a todos los p\u00e1jaros. <\/p>\n<p>&nbsp;<\/p>\n","protected":false},"excerpt":{"rendered":"<p>Mijo rojo chino. El mijo es el alimento b\u00e1sico de todas las aves. Es rica en prote\u00ednas e hidratos de carbono y tambi\u00e9n contiene un gran n\u00famero de amino\u00e1cidos. El mijo en manojo es ideal para distraer a tus p\u00e1jaros y evitar el picoteo de las plumas. El mijo rojo es una buena fuente de [&hellip;]<\/p>\n","protected":false},"featured_media":28605,"comment_status":"open","ping_status":"closed","template":"","meta":[],"product_brand":[182],"product_cat":[247,242,250],"product_tag":[],"class_list":{"0":"post-28031","1":"product","2":"type-product","3":"status-publish","4":"has-post-thumbnail","6":"product_brand-beyers","7":"product_cat-complementos-alimenticios-2","8":"product_cat-fuente-de-alimentacion-2","9":"product_cat-pajaros","12":"first","13":"instock","14":"shipping-taxable","15":"purchasable","16":"product-type-variable"},"jetpack_sharing_enabled":true,"_links":{"self":[{"href":"https:\/\/avesaguiar.ch\/es\/wp-json\/wp\/v2\/product\/28031","targetHints":{"allow":["GET"]}}],"collection":[{"href":"https:\/\/avesaguiar.ch\/es\/wp-json\/wp\/v2\/product"}],"about":[{"href":"https:\/\/avesaguiar.ch\/es\/wp-json\/wp\/v2\/types\/product"}],"replies":[{"embeddable":true,"href":"https:\/\/avesaguiar.ch\/es\/wp-json\/wp\/v2\/comments?post=28031"}],"wp:featuredmedia":[{"embeddable":true,"href":"https:\/\/avesaguiar.ch\/es\/wp-json\/wp\/v2\/media\/28605"}],"wp:attachment":[{"href":"https:\/\/avesaguiar.ch\/es\/wp-json\/wp\/v2\/media?parent=28031"}],"wp:term":[{"taxonomy":"product_brand","embeddable":true,"href":"https:\/\/avesaguiar.ch\/es\/wp-json\/wp\/v2\/product_brand?post=28031"},{"taxonomy":"product_cat","embeddable":true,"href":"https:\/\/avesaguiar.ch\/es\/wp-json\/wp\/v2\/product_cat?post=28031"},{"taxonomy":"product_tag","embeddable":true,"href":"https:\/\/avesaguiar.ch\/es\/wp-json\/wp\/v2\/product_tag?post=28031"}],"curies":[{"name":"wp","href":"https:\/\/api.w.org\/{rel}","templated":true}]}}