{"id":28053,"date":"2025-01-09T11:01:22","date_gmt":"2025-01-09T11:01:22","guid":{"rendered":"https:\/\/avesaguiar.ch\/produit\/bano-de-lujo\/"},"modified":"2025-01-09T11:01:22","modified_gmt":"2025-01-09T11:01:22","slug":"bano-de-lujo","status":"publish","type":"product","link":"https:\/\/avesaguiar.ch\/es\/produit\/bano-de-lujo\/","title":{"rendered":"Ba\u00f1o de lujo"},"content":{"rendered":"<p>Ba\u00f1era de pl\u00e1stico para p\u00e1jaros (canarios, ex\u00f3ticos).<\/p>\n<p>Adecuada para diamantes, canarios, tarines, periquitos.<\/p>\n<p>Tiene dos ganchos en la parte delantera de la ba\u00f1era para fijarla f\u00e1cilmente a los barrotes de la jaula, adem\u00e1s de un borde que sirve de percha.<\/p>\n<p>Dimensiones: 13 x 13 x 13 cm<\/p>\n","protected":false},"excerpt":{"rendered":"<p>Ba\u00f1era de pl\u00e1stico para p\u00e1jaros (canarios, ex\u00f3ticos)<\/p>\n","protected":false},"featured_media":23609,"comment_status":"open","ping_status":"closed","template":"","meta":[],"product_brand":[61],"product_cat":[282,250],"product_tag":[],"class_list":{"0":"post-28053","1":"product","2":"type-product","3":"status-publish","4":"has-post-thumbnail","6":"product_brand-2gr","7":"product_cat-accesorios-3","8":"product_cat-pajaros","11":"first","12":"instock","13":"shipping-taxable","14":"purchasable","15":"product-type-simple"},"jetpack_sharing_enabled":true,"_links":{"self":[{"href":"https:\/\/avesaguiar.ch\/es\/wp-json\/wp\/v2\/product\/28053","targetHints":{"allow":["GET"]}}],"collection":[{"href":"https:\/\/avesaguiar.ch\/es\/wp-json\/wp\/v2\/product"}],"about":[{"href":"https:\/\/avesaguiar.ch\/es\/wp-json\/wp\/v2\/types\/product"}],"replies":[{"embeddable":true,"href":"https:\/\/avesaguiar.ch\/es\/wp-json\/wp\/v2\/comments?post=28053"}],"wp:featuredmedia":[{"embeddable":true,"href":"https:\/\/avesaguiar.ch\/es\/wp-json\/wp\/v2\/media\/23609"}],"wp:attachment":[{"href":"https:\/\/avesaguiar.ch\/es\/wp-json\/wp\/v2\/media?parent=28053"}],"wp:term":[{"taxonomy":"product_brand","embeddable":true,"href":"https:\/\/avesaguiar.ch\/es\/wp-json\/wp\/v2\/product_brand?post=28053"},{"taxonomy":"product_cat","embeddable":true,"href":"https:\/\/avesaguiar.ch\/es\/wp-json\/wp\/v2\/product_cat?post=28053"},{"taxonomy":"product_tag","embeddable":true,"href":"https:\/\/avesaguiar.ch\/es\/wp-json\/wp\/v2\/product_tag?post=28053"}],"curies":[{"name":"wp","href":"https:\/\/api.w.org\/{rel}","templated":true}]}}