{"id":28069,"date":"2024-12-28T19:42:55","date_gmt":"2024-12-28T19:42:55","guid":{"rendered":"https:\/\/avesaguiar.ch\/produit\/beyers-galaxy-mue-20kg\/"},"modified":"2024-12-28T19:42:55","modified_gmt":"2024-12-28T19:42:55","slug":"beyers-galaxy-mue-20kg","status":"publish","type":"product","link":"https:\/\/avesaguiar.ch\/es\/produit\/beyers-galaxy-mue-20kg\/","title":{"rendered":"Beyers-Galaxy Mue 20Kg"},"content":{"rendered":"<p><strong>BEYERS MUE GALAXY. 20Kg <\/strong><\/p>\n<div id=\"tab-description\" class=\"tab-content\">\n<p>Aunque todav\u00eda se subestima, el periodo de muda es uno de los m\u00e1s importantes, y tambi\u00e9n dif\u00edciles, para tus palomas. Las palomas necesitan renovar la mayor parte de su plumaje en poco tiempo, sobre todo si han estado a la luz o a la sombra. Necesitan los amino\u00e1cidos y prote\u00ednas necesarios para desarrollar un plumaje fuerte y grasa para mantenerlo suave y brillante. Al mismo tiempo, hay que encontrar el equilibrio ideal entre los distintos nutrientes y suficiente fibra bruta para que las palomas no engorden demasiado. Las palomas demasiado gordas mudan peor. Galaxy Moult se compone de nada menos que 27 ingredientes diferentes. La mezcla contiene 4 tipos de ma\u00edz (ma\u00edz cribbs, ma\u00edz cribbs peque\u00f1o, ma\u00edz merano y ma\u00edz bordel\u00e9s), guisantes, katjang idjoe, vezas y lentejas -que aportan las prote\u00ednas y amino\u00e1cidos necesarios- y muchas semillas peque\u00f1as, ricas en grasa, que favorecen una perfecta renovaci\u00f3n del plumaje, como c\u00e1\u00f1amo, linaza, colza, nabina y alpiste. La cebada, el arroz integral y el girasol estriado aportan la fibra necesaria, y el cardo mariano ayuda al buen funcionamiento del h\u00edgado.       <\/p>\n<p>&nbsp;<\/p>\n<p><strong>Composici\u00f3n<\/strong><\/p>\n<p>Trigo blanco 12%, sorgo blanco 11%, cebada 5%, cardi 5%, guisantes amarillos 5%, guisantes verdes 5%, ma\u00edz cribado peque\u00f1o 5%, ma\u00edz cribado 5%, vezas 5%, ma\u00edz merano 4%, soja tostada 4%, arroz paddy 4%, ma\u00edz bordeaux 4%, avena pelada 3%, arroz de carga 2%, girasol estriado 2%, semillas blancas 2%, guisantes arce 2%, nabos 2%, semillas de lino 2%, c\u00e1\u00f1amo 2%, Kadjang Idjoe 2%, colza 2%, lentejas 2%, mijo amarillo 1%, mijo blanco 1%, cardo mariano 1%.<\/p>\n<p><strong>An\u00e1lisis<\/strong><\/p>\n<p>Hidratos de carbono 51,80%, prote\u00edna bruta 15,19%, grasa bruta 8,59%, fibra bruta 6,59%, ceniza bruta 2,41%, lisina 0,69%, f\u00f3sforo 0,37%, metionina 0,21%, calcio 0,12%.<\/p>\n<\/div>\n","protected":false},"excerpt":{"rendered":"<p>BEYERS MUE GALAXY. 20Kg Aunque todav\u00eda se subestima, el periodo de muda es uno de los m\u00e1s importantes, y tambi\u00e9n dif\u00edciles, para tus palomas. Las palomas necesitan renovar la mayor parte de su plumaje en poco tiempo, sobre todo si han estado a la luz o a la sombra. Necesitan los amino\u00e1cidos y prote\u00ednas necesarios [&hellip;]<\/p>\n","protected":false},"featured_media":25963,"comment_status":"open","ping_status":"closed","template":"","meta":[],"product_brand":[182],"product_cat":[235],"product_tag":[],"class_list":{"0":"post-28069","1":"product","2":"type-product","3":"status-publish","4":"has-post-thumbnail","6":"product_brand-beyers","7":"product_cat-fuente-de-alimentacion","10":"first","11":"instock","12":"shipping-taxable","13":"purchasable","14":"product-type-simple"},"jetpack_sharing_enabled":true,"_links":{"self":[{"href":"https:\/\/avesaguiar.ch\/es\/wp-json\/wp\/v2\/product\/28069","targetHints":{"allow":["GET"]}}],"collection":[{"href":"https:\/\/avesaguiar.ch\/es\/wp-json\/wp\/v2\/product"}],"about":[{"href":"https:\/\/avesaguiar.ch\/es\/wp-json\/wp\/v2\/types\/product"}],"replies":[{"embeddable":true,"href":"https:\/\/avesaguiar.ch\/es\/wp-json\/wp\/v2\/comments?post=28069"}],"wp:featuredmedia":[{"embeddable":true,"href":"https:\/\/avesaguiar.ch\/es\/wp-json\/wp\/v2\/media\/25963"}],"wp:attachment":[{"href":"https:\/\/avesaguiar.ch\/es\/wp-json\/wp\/v2\/media?parent=28069"}],"wp:term":[{"taxonomy":"product_brand","embeddable":true,"href":"https:\/\/avesaguiar.ch\/es\/wp-json\/wp\/v2\/product_brand?post=28069"},{"taxonomy":"product_cat","embeddable":true,"href":"https:\/\/avesaguiar.ch\/es\/wp-json\/wp\/v2\/product_cat?post=28069"},{"taxonomy":"product_tag","embeddable":true,"href":"https:\/\/avesaguiar.ch\/es\/wp-json\/wp\/v2\/product_tag?post=28069"}],"curies":[{"name":"wp","href":"https:\/\/api.w.org\/{rel}","templated":true}]}}