{"id":28074,"date":"2025-01-09T10:59:19","date_gmt":"2025-01-09T10:59:19","guid":{"rendered":"https:\/\/avesaguiar.ch\/produit\/banera-reggio\/"},"modified":"2025-01-09T10:59:19","modified_gmt":"2025-01-09T10:59:19","slug":"banera-reggio","status":"publish","type":"product","link":"https:\/\/avesaguiar.ch\/es\/produit\/banera-reggio\/","title":{"rendered":"Ba\u00f1era Reggio"},"content":{"rendered":"<p>Ba\u00f1era Reggio 13 x 11 x 13 cm<\/p>\n<p>Ba\u00f1era de pl\u00e1stico con 2 ganchos met\u00e1licos.<\/p>\n<p>Se fija f\u00e1cilmente a los frentes de las jaulas.<\/p>\n<p>&nbsp;<\/p>\n","protected":false},"excerpt":{"rendered":"<p>Ba\u00f1era Reggio 13 x 11 x 13 cm<\/p>\n","protected":false},"featured_media":23614,"comment_status":"open","ping_status":"closed","template":"","meta":[],"product_brand":[61],"product_cat":[282,250],"product_tag":[],"class_list":{"0":"post-28074","1":"product","2":"type-product","3":"status-publish","4":"has-post-thumbnail","6":"product_brand-2gr","7":"product_cat-accesorios-3","8":"product_cat-pajaros","11":"first","12":"instock","13":"shipping-taxable","14":"purchasable","15":"product-type-simple"},"jetpack_sharing_enabled":true,"_links":{"self":[{"href":"https:\/\/avesaguiar.ch\/es\/wp-json\/wp\/v2\/product\/28074","targetHints":{"allow":["GET"]}}],"collection":[{"href":"https:\/\/avesaguiar.ch\/es\/wp-json\/wp\/v2\/product"}],"about":[{"href":"https:\/\/avesaguiar.ch\/es\/wp-json\/wp\/v2\/types\/product"}],"replies":[{"embeddable":true,"href":"https:\/\/avesaguiar.ch\/es\/wp-json\/wp\/v2\/comments?post=28074"}],"wp:featuredmedia":[{"embeddable":true,"href":"https:\/\/avesaguiar.ch\/es\/wp-json\/wp\/v2\/media\/23614"}],"wp:attachment":[{"href":"https:\/\/avesaguiar.ch\/es\/wp-json\/wp\/v2\/media?parent=28074"}],"wp:term":[{"taxonomy":"product_brand","embeddable":true,"href":"https:\/\/avesaguiar.ch\/es\/wp-json\/wp\/v2\/product_brand?post=28074"},{"taxonomy":"product_cat","embeddable":true,"href":"https:\/\/avesaguiar.ch\/es\/wp-json\/wp\/v2\/product_cat?post=28074"},{"taxonomy":"product_tag","embeddable":true,"href":"https:\/\/avesaguiar.ch\/es\/wp-json\/wp\/v2\/product_tag?post=28074"}],"curies":[{"name":"wp","href":"https:\/\/api.w.org\/{rel}","templated":true}]}}