{"id":28234,"date":"2026-01-23T20:15:51","date_gmt":"2026-01-23T20:15:51","guid":{"rendered":"https:\/\/avesaguiar.ch\/?post_type=product&#038;p=28234"},"modified":"2026-01-23T20:16:10","modified_gmt":"2026-01-23T20:16:10","slug":"abreuvoir-speciale-1-5litre","status":"publish","type":"product","link":"https:\/\/avesaguiar.ch\/es\/produit\/abreuvoir-speciale-1-5litre\/","title":{"rendered":"Abreuvoir Sp\u00e9ciale 1.5Litre"},"content":{"rendered":"<p>ABREUVOIR SP\u00c9CIALIS\u00c9<br \/>\nCompos\u00e9 de deux \u00e9l\u00e9ments : une partie sup\u00e9rieure, termin\u00e9e par une poign\u00e9e servant \u00e0<br \/>\ntransporter l&#8217;abreuvoir, et une partie inf\u00e9rieure avec un verrou.<\/p>\n<p>L&#8217;eau se remplit automatiquement sous l&#8217;effet de la diff\u00e9rence de pression.<\/p>\n<p>L&#8217;abreuvoir est tr\u00e8s pratique et facile \u00e0 nettoyer.<\/p>\n","protected":false},"excerpt":{"rendered":"<p>ABREUVOIR SP\u00c9CIALIS\u00c9 Compos\u00e9 de deux \u00e9l\u00e9ments : une partie sup\u00e9rieure, termin\u00e9e par une poign\u00e9e servant \u00e0 transporter l&#8217;abreuvoir, et une partie inf\u00e9rieure avec un verrou. L&#8217;eau se remplit automatiquement sous l&#8217;effet de la diff\u00e9rence de pression. L&#8217;abreuvoir est tr\u00e8s pratique et facile \u00e0 nettoyer.<\/p>\n","protected":false},"featured_media":28235,"comment_status":"open","ping_status":"closed","template":"","meta":[],"product_brand":[62],"product_cat":[169,172],"product_tag":[],"class_list":{"0":"post-28234","1":"product","2":"type-product","3":"status-publish","4":"has-post-thumbnail","6":"product_brand-benelux","7":"product_cat-pigeons","8":"product_cat-pigeons-accessoires","11":"first","12":"instock","13":"shipping-taxable","14":"purchasable","15":"product-type-simple"},"jetpack_sharing_enabled":true,"_links":{"self":[{"href":"https:\/\/avesaguiar.ch\/es\/wp-json\/wp\/v2\/product\/28234","targetHints":{"allow":["GET"]}}],"collection":[{"href":"https:\/\/avesaguiar.ch\/es\/wp-json\/wp\/v2\/product"}],"about":[{"href":"https:\/\/avesaguiar.ch\/es\/wp-json\/wp\/v2\/types\/product"}],"replies":[{"embeddable":true,"href":"https:\/\/avesaguiar.ch\/es\/wp-json\/wp\/v2\/comments?post=28234"}],"wp:featuredmedia":[{"embeddable":true,"href":"https:\/\/avesaguiar.ch\/es\/wp-json\/wp\/v2\/media\/28235"}],"wp:attachment":[{"href":"https:\/\/avesaguiar.ch\/es\/wp-json\/wp\/v2\/media?parent=28234"}],"wp:term":[{"taxonomy":"product_brand","embeddable":true,"href":"https:\/\/avesaguiar.ch\/es\/wp-json\/wp\/v2\/product_brand?post=28234"},{"taxonomy":"product_cat","embeddable":true,"href":"https:\/\/avesaguiar.ch\/es\/wp-json\/wp\/v2\/product_cat?post=28234"},{"taxonomy":"product_tag","embeddable":true,"href":"https:\/\/avesaguiar.ch\/es\/wp-json\/wp\/v2\/product_tag?post=28234"}],"curies":[{"name":"wp","href":"https:\/\/api.w.org\/{rel}","templated":true}]}}