{"id":28412,"date":"2026-01-24T22:35:40","date_gmt":"2026-01-24T22:35:40","guid":{"rendered":"https:\/\/avesaguiar.ch\/?post_type=product&#038;p=28412"},"modified":"2026-01-24T22:36:42","modified_gmt":"2026-01-24T22:36:42","slug":"panier-dentrainement-en-bois-avec-separation","status":"publish","type":"product","link":"https:\/\/avesaguiar.ch\/es\/produit\/panier-dentrainement-en-bois-avec-separation\/","title":{"rendered":"Panier d&#8217;entra\u00eenement en bois, avec s\u00e9paration"},"content":{"rendered":"<p>Panier d&#8217;entra\u00eenement en bois,\u00a0<strong>avec s\u00e9paration<\/strong><\/p>\n<p><span lang=\"fr\" xml:lang=\"fr\">Ces paniers d\u2019entra\u00eenement conviennent parfaitement \u00e0 l\u2019entra\u00eenement de jeunes pigeons.<\/span><\/p>\n<p>Dimension : 80x40x22 cm<\/p>\n","protected":false},"excerpt":{"rendered":"<p>Panier d&#8217;entra\u00eenement en bois,\u00a0avec s\u00e9paration Ces paniers d\u2019entra\u00eenement conviennent parfaitement \u00e0 l\u2019entra\u00eenement de jeunes pigeons. Dimension : 80x40x22 cm<\/p>\n","protected":false},"featured_media":28413,"comment_status":"open","ping_status":"closed","template":"","meta":[],"product_brand":[62],"product_cat":[169,172],"product_tag":[],"class_list":{"0":"post-28412","1":"product","2":"type-product","3":"status-publish","4":"has-post-thumbnail","6":"product_brand-benelux","7":"product_cat-pigeons","8":"product_cat-pigeons-accessoires","11":"first","12":"outofstock","13":"shipping-taxable","14":"purchasable","15":"product-type-simple"},"jetpack_sharing_enabled":true,"_links":{"self":[{"href":"https:\/\/avesaguiar.ch\/es\/wp-json\/wp\/v2\/product\/28412","targetHints":{"allow":["GET"]}}],"collection":[{"href":"https:\/\/avesaguiar.ch\/es\/wp-json\/wp\/v2\/product"}],"about":[{"href":"https:\/\/avesaguiar.ch\/es\/wp-json\/wp\/v2\/types\/product"}],"replies":[{"embeddable":true,"href":"https:\/\/avesaguiar.ch\/es\/wp-json\/wp\/v2\/comments?post=28412"}],"wp:featuredmedia":[{"embeddable":true,"href":"https:\/\/avesaguiar.ch\/es\/wp-json\/wp\/v2\/media\/28413"}],"wp:attachment":[{"href":"https:\/\/avesaguiar.ch\/es\/wp-json\/wp\/v2\/media?parent=28412"}],"wp:term":[{"taxonomy":"product_brand","embeddable":true,"href":"https:\/\/avesaguiar.ch\/es\/wp-json\/wp\/v2\/product_brand?post=28412"},{"taxonomy":"product_cat","embeddable":true,"href":"https:\/\/avesaguiar.ch\/es\/wp-json\/wp\/v2\/product_cat?post=28412"},{"taxonomy":"product_tag","embeddable":true,"href":"https:\/\/avesaguiar.ch\/es\/wp-json\/wp\/v2\/product_tag?post=28412"}],"curies":[{"name":"wp","href":"https:\/\/api.w.org\/{rel}","templated":true}]}}