{"id":28585,"date":"2026-02-01T10:35:37","date_gmt":"2026-02-01T10:35:37","guid":{"rendered":"https:\/\/avesaguiar.ch\/?post_type=product&#038;p=28585"},"modified":"2026-02-01T10:35:37","modified_gmt":"2026-02-01T10:35:37","slug":"graines-de-sante-premium-3kg","status":"publish","type":"product","link":"https:\/\/avesaguiar.ch\/es\/produit\/graines-de-sante-premium-3kg\/","title":{"rendered":"Graines de sant\u00e9 Premium 3kg"},"content":{"rendered":"<h1>Graines de Sant\u00e9 Premium<\/h1>\n<div class=\"product__content\">\n<ul>\n<li>M\u00e9lange \u00e0 base de graines d\u2019herbes et de l\u00e9gumes.<\/li>\n<li>Suppl\u00e9ment id\u00e9al pour toutes les esp\u00e8ces d\u2019oiseaux, des canaris aux cacato\u00e8s\/perroquets.<\/li>\n<li>Se m\u00e9langent parfaitement \u00e0 la p\u00e2t\u00e9e aux \u0153ufs.<\/li>\n<li>Id\u00e9ales comme graines de condition.<\/li>\n<\/ul>\n<\/div>\n<div class=\"product__available\">Lors de la vente de ce produit, l`emballage peut \u00eatre diff\u00e9rent.<\/div>\n<div class=\"product__composition\">\n<div class=\"product__composition-summary\" tabindex=\"0\" role=\"button\" data-groupid=\"composition\" data-target=\"[san-id='open-composition']\" data-state=\"open\" data-classlist=\"open\" aria-expanded=\"false\">Composition<\/div>\n<div class=\"product__composition-details open\">Colza, millet jaune, graines d\u2019\u00e9pinard, graines de carottes, semences gramin\u00e9es, graines de tr\u00e8fle, sorgho rouge, graines de radis, graines de lin, sarrasin, graines d\u2019anis<\/div>\n<\/div>\n","protected":false},"excerpt":{"rendered":"<p>Graines de Sant\u00e9 Premium M\u00e9lange \u00e0 base de graines d\u2019herbes et de l\u00e9gumes. Suppl\u00e9ment id\u00e9al pour toutes les esp\u00e8ces d\u2019oiseaux, des canaris aux cacato\u00e8s\/perroquets. Se m\u00e9langent parfaitement \u00e0 la p\u00e2t\u00e9e aux \u0153ufs. Id\u00e9ales comme graines de condition. Lors de la vente de ce produit, l`emballage peut \u00eatre diff\u00e9rent. Composition Colza, millet jaune, graines d\u2019\u00e9pinard, graines [&hellip;]<\/p>\n","protected":false},"featured_media":28586,"comment_status":"open","ping_status":"closed","template":"","meta":[],"product_brand":[182],"product_cat":[103,173,169,171,100],"product_tag":[],"class_list":{"0":"post-28585","1":"product","2":"type-product","3":"status-publish","4":"has-post-thumbnail","6":"product_brand-beyers","7":"product_cat-oiseaux","8":"product_cat-oiseaux-alimentation","9":"product_cat-pigeons","10":"product_cat-pigeons-alimentation","11":"product_cat-pigeons-complements-alimentaires","14":"first","15":"outofstock","16":"shipping-taxable","17":"purchasable","18":"product-type-simple"},"jetpack_sharing_enabled":true,"_links":{"self":[{"href":"https:\/\/avesaguiar.ch\/es\/wp-json\/wp\/v2\/product\/28585","targetHints":{"allow":["GET"]}}],"collection":[{"href":"https:\/\/avesaguiar.ch\/es\/wp-json\/wp\/v2\/product"}],"about":[{"href":"https:\/\/avesaguiar.ch\/es\/wp-json\/wp\/v2\/types\/product"}],"replies":[{"embeddable":true,"href":"https:\/\/avesaguiar.ch\/es\/wp-json\/wp\/v2\/comments?post=28585"}],"wp:featuredmedia":[{"embeddable":true,"href":"https:\/\/avesaguiar.ch\/es\/wp-json\/wp\/v2\/media\/28586"}],"wp:attachment":[{"href":"https:\/\/avesaguiar.ch\/es\/wp-json\/wp\/v2\/media?parent=28585"}],"wp:term":[{"taxonomy":"product_brand","embeddable":true,"href":"https:\/\/avesaguiar.ch\/es\/wp-json\/wp\/v2\/product_brand?post=28585"},{"taxonomy":"product_cat","embeddable":true,"href":"https:\/\/avesaguiar.ch\/es\/wp-json\/wp\/v2\/product_cat?post=28585"},{"taxonomy":"product_tag","embeddable":true,"href":"https:\/\/avesaguiar.ch\/es\/wp-json\/wp\/v2\/product_tag?post=28585"}],"curies":[{"name":"wp","href":"https:\/\/api.w.org\/{rel}","templated":true}]}}