{"id":28649,"date":"2026-02-01T14:09:26","date_gmt":"2026-02-01T14:09:26","guid":{"rendered":"https:\/\/avesaguiar.ch\/?post_type=product&#038;p=28649"},"modified":"2026-02-01T14:09:26","modified_gmt":"2026-02-01T14:09:26","slug":"beyers-garlic-juice-jus-dail","status":"publish","type":"product","link":"https:\/\/avesaguiar.ch\/es\/produit\/beyers-garlic-juice-jus-dail\/","title":{"rendered":"Beyers Garlic Juice (jus d&#8217;ail)"},"content":{"rendered":"<p>Garlic Juice (jus d&#8217;ail) 400ml<\/p>\n<p><strong>JUS D\u2019AIL<\/strong><\/p>\n<ul>\n<li>Favorise le m\u00e9tabolisme et aide \u00e0 renforcer la r\u00e9sistance naturelle.<\/li>\n<li>Purifie \u00e9galement le sang.<\/li>\n<\/ul>\n<p><strong>MODE D\u2019EMPLOI<\/strong><\/p>\n<ul>\n<li>40 ml \/ 2 l d\u2019eau potable ou 1 kg d\u2019aliments.<\/li>\n<li>Tout au long de l\u2019ann\u00e9e: 1 \u00e0 2 x par semaine (pendant la saison sportive: de pr\u00e9f\u00e9rence au d\u00e9but de la semaine).<\/li>\n<\/ul>\n<p id=\"ignorePDF\"><b>Cat\u00e9gorie<\/b><\/p>\n<div id=\"ignorePDF\" class=\"symbols\"><img decoding=\"async\" class=\"symbol ls-is-cached lazyloaded\" src=\"https:\/\/beyersbelgium.be\/wp-content\/themes\/wpbase_v2.0\/assets\/images\/symbol-Support.svg\" alt=\"Support\" width=\"80px\" height=\"80px\" data-src=\"\/wp-content\/themes\/wpbase_v2.0\/assets\/images\/symbol-Support.svg\" \/><b>Support<\/b><img decoding=\"async\" class=\"symbol ls-is-cached lazyloaded\" src=\"https:\/\/beyersbelgium.be\/wp-content\/themes\/wpbase_v2.0\/assets\/images\/symbol-Yearround.svg\" alt=\"Yearround\" width=\"80px\" height=\"80px\" data-src=\"\/wp-content\/themes\/wpbase_v2.0\/assets\/images\/symbol-Yearround.svg\" \/><b>Yearround<\/b><\/div>\n","protected":false},"excerpt":{"rendered":"<p>Garlic Juice (jus d&#8217;ail) 400ml JUS D\u2019AIL Favorise le m\u00e9tabolisme et aide \u00e0 renforcer la r\u00e9sistance naturelle. Purifie \u00e9galement le sang. MODE D\u2019EMPLOI 40 ml \/ 2 l d\u2019eau potable ou 1 kg d\u2019aliments. Tout au long de l\u2019ann\u00e9e: 1 \u00e0 2 x par semaine (pendant la saison sportive: de pr\u00e9f\u00e9rence au d\u00e9but de la [&hellip;]<\/p>\n","protected":false},"featured_media":28178,"comment_status":"open","ping_status":"closed","template":"","meta":[],"product_brand":[182],"product_cat":[169,100],"product_tag":[],"class_list":{"0":"post-28649","1":"product","2":"type-product","3":"status-publish","4":"has-post-thumbnail","6":"product_brand-beyers","7":"product_cat-pigeons","8":"product_cat-pigeons-complements-alimentaires","11":"first","12":"instock","13":"shipping-taxable","14":"purchasable","15":"product-type-simple"},"jetpack_sharing_enabled":true,"_links":{"self":[{"href":"https:\/\/avesaguiar.ch\/es\/wp-json\/wp\/v2\/product\/28649","targetHints":{"allow":["GET"]}}],"collection":[{"href":"https:\/\/avesaguiar.ch\/es\/wp-json\/wp\/v2\/product"}],"about":[{"href":"https:\/\/avesaguiar.ch\/es\/wp-json\/wp\/v2\/types\/product"}],"replies":[{"embeddable":true,"href":"https:\/\/avesaguiar.ch\/es\/wp-json\/wp\/v2\/comments?post=28649"}],"wp:featuredmedia":[{"embeddable":true,"href":"https:\/\/avesaguiar.ch\/es\/wp-json\/wp\/v2\/media\/28178"}],"wp:attachment":[{"href":"https:\/\/avesaguiar.ch\/es\/wp-json\/wp\/v2\/media?parent=28649"}],"wp:term":[{"taxonomy":"product_brand","embeddable":true,"href":"https:\/\/avesaguiar.ch\/es\/wp-json\/wp\/v2\/product_brand?post=28649"},{"taxonomy":"product_cat","embeddable":true,"href":"https:\/\/avesaguiar.ch\/es\/wp-json\/wp\/v2\/product_cat?post=28649"},{"taxonomy":"product_tag","embeddable":true,"href":"https:\/\/avesaguiar.ch\/es\/wp-json\/wp\/v2\/product_tag?post=28649"}],"curies":[{"name":"wp","href":"https:\/\/api.w.org\/{rel}","templated":true}]}}