{"id":28650,"date":"2026-02-01T14:17:15","date_gmt":"2026-02-01T14:17:15","guid":{"rendered":"https:\/\/avesaguiar.ch\/?post_type=product&#038;p=28650"},"modified":"2026-02-01T14:17:15","modified_gmt":"2026-02-01T14:17:15","slug":"amin-vita-complexe-acides-amines-400ml","status":"publish","type":"product","link":"https:\/\/avesaguiar.ch\/es\/produit\/amin-vita-complexe-acides-amines-400ml\/","title":{"rendered":"Amin-Vita (complexe acides amin\u00e9s) 400ml"},"content":{"rendered":"<p>Amin-Vita (complexe acides amin\u00e9s) 400ml<\/p>\n<p><strong>UN COMPLEX DE TOUS LES ACIDES AMIN\u00c9S ESSENTIELS ET DE VITAMINES<\/strong><\/p>\n<ul>\n<li>Contient tous les acides amin\u00e9s essentiels (arginine, fenylalaline, histidine, isoleucine, leucine, lysine, methionine, threonine, tryptofaan et valine) ainsi qu\u2019une gamme \u00e9tendue de vitamines (A-D3-E-B1-B2-B3-B5-B6-B12-C-K3-choline et biotine).<\/li>\n<li>Pour mettre en forme vos pigeons pendant la saison sportive.<\/li>\n<li>Un compl\u00e9ment id\u00e9al \u00e0 l\u2019alimentation pendant la mue lorsque les besoins en acides amin\u00e9s soufr\u00e9s sont augment\u00e9s en raison de la fabrication d\u2019un nouveau plumage.<\/li>\n<\/ul>\n<p><strong>MODE D\u2019EMPLOI<\/strong><\/p>\n<ul>\n<li>30 ml \/ 2 litres d\u2019eau potable ou 1 kg d\u2019aliments.<\/li>\n<li><em>Pendant la saison sportive<\/em>: 2 x par semaine.<\/li>\n<li><em>Pendant la saison de mue<\/em>: 1 x par semaine.<\/li>\n<\/ul>\n<p id=\"ignorePDF\"><b>Cat\u00e9gorie<\/b><\/p>\n<div id=\"ignorePDF\" class=\"symbols\"><img decoding=\"async\" class=\"symbol lazyloaded\" src=\"https:\/\/beyersbelgium.be\/wp-content\/themes\/wpbase_v2.0\/assets\/images\/symbol-Recovery.svg\" alt=\"Recovery\" width=\"80px\" height=\"80px\" data-src=\"\/wp-content\/themes\/wpbase_v2.0\/assets\/images\/symbol-Recovery.svg\" \/><b>Recovery<\/b><img decoding=\"async\" class=\"symbol ls-is-cached lazyloaded\" src=\"https:\/\/beyersbelgium.be\/wp-content\/themes\/wpbase_v2.0\/assets\/images\/symbol-Yearround.svg\" alt=\"Yearround\" width=\"80px\" height=\"80px\" data-src=\"\/wp-content\/themes\/wpbase_v2.0\/assets\/images\/symbol-Yearround.svg\" \/><b>Yearround<\/b><\/div>\n","protected":false},"excerpt":{"rendered":"<p>Amin-Vita (complexe acides amin\u00e9s) 400ml UN COMPLEX DE TOUS LES ACIDES AMIN\u00c9S ESSENTIELS ET DE VITAMINES Contient tous les acides amin\u00e9s essentiels (arginine, fenylalaline, histidine, isoleucine, leucine, lysine, methionine, threonine, tryptofaan et valine) ainsi qu\u2019une gamme \u00e9tendue de vitamines (A-D3-E-B1-B2-B3-B5-B6-B12-C-K3-choline et biotine). Pour mettre en forme vos pigeons pendant la saison sportive. Un compl\u00e9ment id\u00e9al [&hellip;]<\/p>\n","protected":false},"featured_media":28652,"comment_status":"open","ping_status":"closed","template":"","meta":[],"product_brand":[182],"product_cat":[193,169,100],"product_tag":[],"class_list":{"0":"post-28650","1":"product","2":"type-product","3":"status-publish","4":"has-post-thumbnail","6":"product_brand-beyers","7":"product_cat-oiseaux-complements-alimentaires","8":"product_cat-pigeons","9":"product_cat-pigeons-complements-alimentaires","12":"first","13":"instock","14":"shipping-taxable","15":"purchasable","16":"product-type-simple"},"jetpack_sharing_enabled":true,"_links":{"self":[{"href":"https:\/\/avesaguiar.ch\/es\/wp-json\/wp\/v2\/product\/28650","targetHints":{"allow":["GET"]}}],"collection":[{"href":"https:\/\/avesaguiar.ch\/es\/wp-json\/wp\/v2\/product"}],"about":[{"href":"https:\/\/avesaguiar.ch\/es\/wp-json\/wp\/v2\/types\/product"}],"replies":[{"embeddable":true,"href":"https:\/\/avesaguiar.ch\/es\/wp-json\/wp\/v2\/comments?post=28650"}],"wp:featuredmedia":[{"embeddable":true,"href":"https:\/\/avesaguiar.ch\/es\/wp-json\/wp\/v2\/media\/28652"}],"wp:attachment":[{"href":"https:\/\/avesaguiar.ch\/es\/wp-json\/wp\/v2\/media?parent=28650"}],"wp:term":[{"taxonomy":"product_brand","embeddable":true,"href":"https:\/\/avesaguiar.ch\/es\/wp-json\/wp\/v2\/product_brand?post=28650"},{"taxonomy":"product_cat","embeddable":true,"href":"https:\/\/avesaguiar.ch\/es\/wp-json\/wp\/v2\/product_cat?post=28650"},{"taxonomy":"product_tag","embeddable":true,"href":"https:\/\/avesaguiar.ch\/es\/wp-json\/wp\/v2\/product_tag?post=28650"}],"curies":[{"name":"wp","href":"https:\/\/api.w.org\/{rel}","templated":true}]}}