{"id":28712,"date":"2026-02-01T15:26:40","date_gmt":"2026-02-01T15:26:40","guid":{"rendered":"https:\/\/avesaguiar.ch\/?post_type=product&#038;p=28712"},"modified":"2026-03-06T19:40:55","modified_gmt":"2026-03-06T19:40:55","slug":"rohnfried-optibreed-1kg","status":"publish","type":"product","link":"https:\/\/avesaguiar.ch\/es\/produit\/rohnfried-optibreed-1kg\/","title":{"rendered":"Rohnfried-Optibreed 1kg"},"content":{"rendered":"<p>Optibreed 1kg<\/p>\n<p>OptiBreed contient un complexe de substances actives qui am\u00e9liorent sa synth\u00e8se prot\u00e9ique gr\u00e2ce \u00e0 sa fonction.<\/p>\n<p>Cela se refl\u00e8te dans la croissance rapide des jeunes animaux.<\/p>\n<p>OptiBreed contient un complexe de substances actives qui am\u00e9liorent sa synth\u00e8se prot\u00e9ique gr\u00e2ce \u00e0 sa fonction. Cela se refl\u00e8te dans la croissance rapide des jeunes animaux. D&#8217;autres composants stabilisent le tractus intestinal, ce qui renforce le syst\u00e8me immunitaire. Riche en vitamine E, la joie de reproduction est augment\u00e9e et les p\u00e9nuries sont \u00e9vit\u00e9es.<\/p>\n<p>Composition:<\/p>\n<p>Tourbe, glyc\u00e9rine, levures et parties de levures, eau, propyl\u00e8ne glycol, herbes.<\/p>\n<p>Conservation:<\/p>\n<p>Conservez dans un endroit frais et sec.<\/p>\n<p>Utilisation:<\/p>\n<p>40 g (1 cuill\u00e8re \u00e0 soupe) par 1 kg de nourriture.<\/p>\n<p>Remuez bien avant utilisation.<\/p>\n","protected":false},"excerpt":{"rendered":"<p>Optibreed 1kg OptiBreed contient un complexe de substances actives qui am\u00e9liorent sa synth\u00e8se prot\u00e9ique gr\u00e2ce \u00e0 sa fonction. Cela se refl\u00e8te dans la croissance rapide des jeunes animaux. OptiBreed contient un complexe de substances actives qui am\u00e9liorent sa synth\u00e8se prot\u00e9ique gr\u00e2ce \u00e0 sa fonction. Cela se refl\u00e8te dans la croissance rapide des jeunes animaux. D&#8217;autres [&hellip;]<\/p>\n","protected":false},"featured_media":28713,"comment_status":"open","ping_status":"closed","template":"","meta":[],"product_brand":[63],"product_cat":[169,100],"product_tag":[],"class_list":{"0":"post-28712","1":"product","2":"type-product","3":"status-publish","4":"has-post-thumbnail","6":"product_brand-roehnfried","7":"product_cat-pigeons","8":"product_cat-pigeons-complements-alimentaires","11":"first","12":"instock","13":"shipping-taxable","14":"purchasable","15":"product-type-simple"},"jetpack_sharing_enabled":true,"_links":{"self":[{"href":"https:\/\/avesaguiar.ch\/es\/wp-json\/wp\/v2\/product\/28712","targetHints":{"allow":["GET"]}}],"collection":[{"href":"https:\/\/avesaguiar.ch\/es\/wp-json\/wp\/v2\/product"}],"about":[{"href":"https:\/\/avesaguiar.ch\/es\/wp-json\/wp\/v2\/types\/product"}],"replies":[{"embeddable":true,"href":"https:\/\/avesaguiar.ch\/es\/wp-json\/wp\/v2\/comments?post=28712"}],"wp:featuredmedia":[{"embeddable":true,"href":"https:\/\/avesaguiar.ch\/es\/wp-json\/wp\/v2\/media\/28713"}],"wp:attachment":[{"href":"https:\/\/avesaguiar.ch\/es\/wp-json\/wp\/v2\/media?parent=28712"}],"wp:term":[{"taxonomy":"product_brand","embeddable":true,"href":"https:\/\/avesaguiar.ch\/es\/wp-json\/wp\/v2\/product_brand?post=28712"},{"taxonomy":"product_cat","embeddable":true,"href":"https:\/\/avesaguiar.ch\/es\/wp-json\/wp\/v2\/product_cat?post=28712"},{"taxonomy":"product_tag","embeddable":true,"href":"https:\/\/avesaguiar.ch\/es\/wp-json\/wp\/v2\/product_tag?post=28712"}],"curies":[{"name":"wp","href":"https:\/\/api.w.org\/{rel}","templated":true}]}}