{"id":28744,"date":"2026-02-01T18:31:35","date_gmt":"2026-02-01T18:31:35","guid":{"rendered":"https:\/\/avesaguiar.ch\/?post_type=product&#038;p=28744"},"modified":"2026-03-06T19:36:29","modified_gmt":"2026-03-06T19:36:29","slug":"rohnfried-ro-200-ready-600gr","status":"publish","type":"product","link":"https:\/\/avesaguiar.ch\/es\/produit\/rohnfried-ro-200-ready-600gr\/","title":{"rendered":"Rohnfried-RO 200 Ready 600gr"},"content":{"rendered":"<h4 class=\"h1\">RO 200 Ready (poudre de condition, administrer sur les graines) 600gr<\/h4>\n<p>RO 200 ready est un m\u00e9lange de pr\u00e9biotiques, d&#8217;\u00e9lectrolytes, d&#8217;acides amin\u00e9s, de sources d&#8217;\u00e9nergie, de min\u00e9raux, d&#8217;oligo-\u00e9l\u00e9ments et de polyvitamines. Les vitamines contenues sont parfaitement adapt\u00e9es aux besoins des pigeons et optimisent le m\u00e9tabolisme vers le jour du vol. Les pr\u00e9biotiques contenus stabilisent la flore intestinale et am\u00e9liorent ainsi la sant\u00e9 intestinale.<\/p>\n<p><strong>INDICATIONS<\/strong><br \/>\n&#8211; RO Ready est recommand\u00e9 tout au long de l&#8217;ann\u00e9e.<br \/>\n&#8211; Durant le d\u00e9m\u00e9nagement fournit le pigeon avec des substances n\u00e9cessaires \u00e0 la formation d&#8217;un nouveau plumage.<br \/>\n&#8211; Au cours de l&#8217;\u00e9levage assure une croissance optimale.<br \/>\n&#8211; Pendant la saison des comp\u00e9titions assure bonne r\u00e9cup\u00e9ration physique apr\u00e8s la lib\u00e9ration et donne les r\u00e9serves \u00e9nerg\u00e9tiques du corps.<\/p>\n<p><strong>COMPOSITION<\/strong><br \/>\n&#8211; \u00e9lectrolytes<br \/>\n&#8211; Acides amin\u00e9s<br \/>\n&#8211; Min\u00e9raux<br \/>\n&#8211; Les oligo-\u00e9l\u00e9ments<br \/>\n&#8211; multivitamines<br \/>\n&#8211; Les probiotiques<\/p>\n<p><strong>INSTRUCTIONS<\/strong><br \/>\n&#8211; 20 grammes par litre d&#8217;eau potable ou de nourriture 750gr<br \/>\n&#8211; Pendant la mue ou d&#8217;\u00e9levage, \u00e9tant donn\u00e9 2-3 fois par semaine.<br \/>\n&#8211; Pendant la saison de course, trois fois par semaine<\/p>\n","protected":false},"excerpt":{"rendered":"<p>RO 200 Ready (poudre de condition, administrer sur les graines) 600gr RO 200 ready est un m\u00e9lange de pr\u00e9biotiques, d&#8217;\u00e9lectrolytes, d&#8217;acides amin\u00e9s, de sources d&#8217;\u00e9nergie, de min\u00e9raux, d&#8217;oligo-\u00e9l\u00e9ments et de polyvitamines. Les vitamines contenues sont parfaitement adapt\u00e9es aux besoins des pigeons et optimisent le m\u00e9tabolisme vers le jour du vol. Les pr\u00e9biotiques contenus stabilisent la [&hellip;]<\/p>\n","protected":false},"featured_media":28745,"comment_status":"open","ping_status":"closed","template":"","meta":[],"product_brand":[63],"product_cat":[100,169],"product_tag":[],"class_list":{"0":"post-28744","1":"product","2":"type-product","3":"status-publish","4":"has-post-thumbnail","6":"product_brand-roehnfried","7":"product_cat-pigeons-complements-alimentaires","8":"product_cat-pigeons","11":"first","12":"instock","13":"shipping-taxable","14":"purchasable","15":"product-type-simple"},"jetpack_sharing_enabled":true,"_links":{"self":[{"href":"https:\/\/avesaguiar.ch\/es\/wp-json\/wp\/v2\/product\/28744","targetHints":{"allow":["GET"]}}],"collection":[{"href":"https:\/\/avesaguiar.ch\/es\/wp-json\/wp\/v2\/product"}],"about":[{"href":"https:\/\/avesaguiar.ch\/es\/wp-json\/wp\/v2\/types\/product"}],"replies":[{"embeddable":true,"href":"https:\/\/avesaguiar.ch\/es\/wp-json\/wp\/v2\/comments?post=28744"}],"wp:featuredmedia":[{"embeddable":true,"href":"https:\/\/avesaguiar.ch\/es\/wp-json\/wp\/v2\/media\/28745"}],"wp:attachment":[{"href":"https:\/\/avesaguiar.ch\/es\/wp-json\/wp\/v2\/media?parent=28744"}],"wp:term":[{"taxonomy":"product_brand","embeddable":true,"href":"https:\/\/avesaguiar.ch\/es\/wp-json\/wp\/v2\/product_brand?post=28744"},{"taxonomy":"product_cat","embeddable":true,"href":"https:\/\/avesaguiar.ch\/es\/wp-json\/wp\/v2\/product_cat?post=28744"},{"taxonomy":"product_tag","embeddable":true,"href":"https:\/\/avesaguiar.ch\/es\/wp-json\/wp\/v2\/product_tag?post=28744"}],"curies":[{"name":"wp","href":"https:\/\/api.w.org\/{rel}","templated":true}]}}