{"id":28750,"date":"2026-02-01T18:38:20","date_gmt":"2026-02-01T18:38:20","guid":{"rendered":"https:\/\/avesaguiar.ch\/?post_type=product&#038;p=28750"},"modified":"2026-03-06T19:34:58","modified_gmt":"2026-03-06T19:34:58","slug":"bt-amin-forte-acides-amines-et-electrolytes-1l","status":"publish","type":"product","link":"https:\/\/avesaguiar.ch\/es\/produit\/bt-amin-forte-acides-amines-et-electrolytes-1l\/","title":{"rendered":"Rohnfried-BT-Amin Forte (acides amin\u00e9s et \u00e9lectrolytes) 1L"},"content":{"rendered":"<p>Bt-Amin Forte 1 L<\/p>\n<p>Bt-Amin forte contient de fortes doses d&#8217;acides amin\u00e9s, d&#8217;\u00e9lectrolytes et de vitamines B dans une composition d\u00e9finie. Les acides amin\u00e9s essentiels sont facilement disponibles et constituent donc un soulagement optimal pendant les traitements m\u00e9dicamenteux et pendant la saison de course. Les nombreuses vitamines B \u00e0 fortes doses sont essentielles \u00e0 la formation du sang et tonifient les nerfs pendant la saison.<\/p>\n<p>&nbsp;<\/p>\n<p>INDICATIONS:<br \/>\n&#8211; Acc\u00e9l\u00e9rer et assure une bonne r\u00e9cup\u00e9ration apr\u00e8s les maladies et les conditions de faiblesse<br \/>\n&#8211; Am\u00e9liore la condition physique<br \/>\n&#8211; Prend en charge la formation de cellules<br \/>\n&#8211; Am\u00e9liore les performances<br \/>\n&#8211; Purifie le sang<\/p>\n<p>COMPOSITION:<br \/>\n&#8211; Acides amin\u00e9s<br \/>\n&#8211; Vitamines B<br \/>\n&#8211; \u00e9lectrolytes<\/p>\n<p>INSTRUCTIONS:<br \/>\n&#8211; Dose: 15 ml par litre d&#8217;eau potable<br \/>\n&#8211; Pendant le traitement: Appliquer quotidiennement<br \/>\n&#8211; Dans le premier buveur le jour du vol.<br \/>\n&#8211; Pendant la mue: 3 fois par semaine<\/p>\n","protected":false},"excerpt":{"rendered":"<p>Bt-Amin Forte 1 L Bt-Amin forte contient de fortes doses d&#8217;acides amin\u00e9s, d&#8217;\u00e9lectrolytes et de vitamines B dans une composition d\u00e9finie. Les acides amin\u00e9s essentiels sont facilement disponibles et constituent donc un soulagement optimal pendant les traitements m\u00e9dicamenteux et pendant la saison de course. Les nombreuses vitamines B \u00e0 fortes doses sont essentielles \u00e0 la [&hellip;]<\/p>\n","protected":false},"featured_media":28751,"comment_status":"open","ping_status":"closed","template":"","meta":[],"product_brand":[63],"product_cat":[169,100],"product_tag":[],"class_list":{"0":"post-28750","1":"product","2":"type-product","3":"status-publish","4":"has-post-thumbnail","6":"product_brand-roehnfried","7":"product_cat-pigeons","8":"product_cat-pigeons-complements-alimentaires","11":"first","12":"instock","13":"shipping-taxable","14":"purchasable","15":"product-type-simple"},"jetpack_sharing_enabled":true,"_links":{"self":[{"href":"https:\/\/avesaguiar.ch\/es\/wp-json\/wp\/v2\/product\/28750","targetHints":{"allow":["GET"]}}],"collection":[{"href":"https:\/\/avesaguiar.ch\/es\/wp-json\/wp\/v2\/product"}],"about":[{"href":"https:\/\/avesaguiar.ch\/es\/wp-json\/wp\/v2\/types\/product"}],"replies":[{"embeddable":true,"href":"https:\/\/avesaguiar.ch\/es\/wp-json\/wp\/v2\/comments?post=28750"}],"wp:featuredmedia":[{"embeddable":true,"href":"https:\/\/avesaguiar.ch\/es\/wp-json\/wp\/v2\/media\/28751"}],"wp:attachment":[{"href":"https:\/\/avesaguiar.ch\/es\/wp-json\/wp\/v2\/media?parent=28750"}],"wp:term":[{"taxonomy":"product_brand","embeddable":true,"href":"https:\/\/avesaguiar.ch\/es\/wp-json\/wp\/v2\/product_brand?post=28750"},{"taxonomy":"product_cat","embeddable":true,"href":"https:\/\/avesaguiar.ch\/es\/wp-json\/wp\/v2\/product_cat?post=28750"},{"taxonomy":"product_tag","embeddable":true,"href":"https:\/\/avesaguiar.ch\/es\/wp-json\/wp\/v2\/product_tag?post=28750"}],"curies":[{"name":"wp","href":"https:\/\/api.w.org\/{rel}","templated":true}]}}