{"id":28768,"date":"2026-02-01T19:09:56","date_gmt":"2026-02-01T19:09:56","guid":{"rendered":"https:\/\/avesaguiar.ch\/?post_type=product&#038;p=28768"},"modified":"2026-03-06T19:31:04","modified_gmt":"2026-03-06T19:31:04","slug":"rohnfrierd-carni-speed","status":"publish","type":"product","link":"https:\/\/avesaguiar.ch\/es\/produit\/rohnfrierd-carni-speed\/","title":{"rendered":"Rohnfrierd-Carni-Speed"},"content":{"rendered":"<h5 class=\"h1\">Carni-Speed (avec L-carnitine, magn\u00e9sium, s\u00e9l\u00e9nium et vit. B12) 500ml<\/h5>\n<p>L\u2019ingr\u00e9dient principal de Carni \u2013 Speed\u200b est la L-carnitine. Cette substance , qui est semblable \u00e0 une vitamine, joue un r\u00f4le central dans le m\u00e9tabolisme des pigeons.<\/p>\n<p>Le s\u00e9l\u00e9nium et le magn\u00e9sium qu\u2019elle contient servent aussi de protection du muscle.Les pigeons voient leurs endurances augment\u00e9es.<\/p>\n","protected":false},"excerpt":{"rendered":"<p>Carni-Speed (avec L-carnitine, magn\u00e9sium, s\u00e9l\u00e9nium et vit. B12) 500ml L\u2019ingr\u00e9dient principal de Carni \u2013 Speed\u200b est la L-carnitine. Cette substance , qui est semblable \u00e0 une vitamine, joue un r\u00f4le central dans le m\u00e9tabolisme des pigeons. Le s\u00e9l\u00e9nium et le magn\u00e9sium qu\u2019elle contient servent aussi de protection du muscle.Les pigeons voient leurs endurances augment\u00e9es.<\/p>\n","protected":false},"featured_media":28769,"comment_status":"open","ping_status":"closed","template":"","meta":[],"product_brand":[63],"product_cat":[169,100],"product_tag":[],"class_list":{"0":"post-28768","1":"product","2":"type-product","3":"status-publish","4":"has-post-thumbnail","6":"product_brand-roehnfried","7":"product_cat-pigeons","8":"product_cat-pigeons-complements-alimentaires","11":"first","12":"instock","13":"shipping-taxable","14":"purchasable","15":"product-type-simple"},"jetpack_sharing_enabled":true,"_links":{"self":[{"href":"https:\/\/avesaguiar.ch\/es\/wp-json\/wp\/v2\/product\/28768","targetHints":{"allow":["GET"]}}],"collection":[{"href":"https:\/\/avesaguiar.ch\/es\/wp-json\/wp\/v2\/product"}],"about":[{"href":"https:\/\/avesaguiar.ch\/es\/wp-json\/wp\/v2\/types\/product"}],"replies":[{"embeddable":true,"href":"https:\/\/avesaguiar.ch\/es\/wp-json\/wp\/v2\/comments?post=28768"}],"wp:featuredmedia":[{"embeddable":true,"href":"https:\/\/avesaguiar.ch\/es\/wp-json\/wp\/v2\/media\/28769"}],"wp:attachment":[{"href":"https:\/\/avesaguiar.ch\/es\/wp-json\/wp\/v2\/media?parent=28768"}],"wp:term":[{"taxonomy":"product_brand","embeddable":true,"href":"https:\/\/avesaguiar.ch\/es\/wp-json\/wp\/v2\/product_brand?post=28768"},{"taxonomy":"product_cat","embeddable":true,"href":"https:\/\/avesaguiar.ch\/es\/wp-json\/wp\/v2\/product_cat?post=28768"},{"taxonomy":"product_tag","embeddable":true,"href":"https:\/\/avesaguiar.ch\/es\/wp-json\/wp\/v2\/product_tag?post=28768"}],"curies":[{"name":"wp","href":"https:\/\/api.w.org\/{rel}","templated":true}]}}