{"id":28983,"date":"2026-02-08T20:21:10","date_gmt":"2026-02-08T20:21:10","guid":{"rendered":"https:\/\/avesaguiar.ch\/?post_type=product&#038;p=28983"},"modified":"2026-03-15T18:31:55","modified_gmt":"2026-03-15T18:31:55","slug":"psittacus-lory-diet","status":"publish","type":"product","link":"https:\/\/avesaguiar.ch\/es\/produit\/psittacus-lory-diet\/","title":{"rendered":"Psittacus &#8211; Lory Diet"},"content":{"rendered":"<p>LORY DIET\u00a0 &#8211; 5 Kg- 15Kg<\/p>\n<p>Aliment complet pour psittacid\u00e9s adultes de la tribu des Loriini. Peut \u00eatre donn\u00e9 sec et\/ou m\u00e9lang\u00e9 \u00e0 de l&#8217;eau sous forme de bouillie.<\/p>\n<p>DESCRIPTION<br \/>\nLoryDiet est un aliment complet, riche en sucres, formul\u00e9 pour les psittacid\u00e9s adultes de la tribu des Loriini. Il contient des pommes d\u00e9shydrat\u00e9es et des \u0153ufs entiers d\u00e9shydrat\u00e9s. Il peut \u00eatre donn\u00e9 sec et\/ou m\u00e9lang\u00e9 \u00e0 de l&#8217;eau. Son utilisation \u00e0 sec am\u00e9liore la consistance des fientes.<\/p>\n<p>RECOMMANDATIONS<br \/>\nSi LoryDiet est m\u00e9lang\u00e9 \u00e0 de l&#8217;eau, le m\u00e9lange doit avoir la consistance d&#8217;une bouillie cr\u00e9meuse. Compl\u00e9tez avec des fruits et l\u00e9gumes frais pour varier l&#8217;alimentation.<br \/>\nRenouvelez quotidiennement la nourriture et l&#8217;eau. Si vous utilisez le produit m\u00e9lang\u00e9 \u00e0 de l&#8217;eau, ne pr\u00e9parez que la quantit\u00e9 qui sera consomm\u00e9e dans un court laps de temps afin d&#8217;\u00e9viter la fermentation et la contamination.<br \/>\nLorsque des oisillons doivent \u00eatre nourris dans le nid, il est recommand\u00e9 de mettre \u00e9galement \u00e0 la disposition des oiseaux la bouillie Frugivorous Neonatal ou Lory Special (en fonction de l&#8217;\u00e2ge des oisillons).<br \/>\nIl n&#8217;est pas conseill\u00e9 d&#8217;ajouter des compl\u00e9ments vitaminiques ou min\u00e9raux aux perroquets nourris avec Psittacus Lory Diet.<br \/>\nUne fois le sachet ouvert, il doit \u00eatre conserv\u00e9 dans un r\u00e9cipient herm\u00e9tique, dans un endroit frais et sec.<\/p>\n<p>CONSOMMATION QUOTIDIENNE<br \/>\n\u00c0 titre indicatif, ces oiseaux consomment entre 8 et 16 g de nectar sec pour 100 g de poids corporel.<br \/>\nLa temp\u00e9rature ambiante a un effet notable sur la consommation.<\/p>\n<p>COMPOSITION :<br \/>\nSucres, c\u00e9r\u00e9ales et sous-produits de c\u00e9r\u00e9ales, graines ol\u00e9agineuses, fruits et sous-produits de fruits, pulpe de pomme s\u00e9ch\u00e9e, huiles v\u00e9g\u00e9tales (tournesol \u00e0 haute teneur en acide ol\u00e9ique, lin raffin\u00e9), min\u00e9raux et sous-produits min\u00e9raux,<br \/>\nLevure de bi\u00e8re s\u00e9ch\u00e9e, \u0153uf entier d\u00e9shydrat\u00e9, pollen, inuline (Cichorium intybus), farine de souci (Tagetes erecta), yucca de Mojave.<\/p>\n<p>ADDITIFS :<br \/>\nVitamines : 3a672a Vitamine A : 2750 UI\/kg ; 3a671 Vitamine D3 : 800 UI\/kg ; 3a700 Vitamine E : 140 mg\/kg ; 3a300 Vitamine C : 50<br \/>\nmg\/kg ; 3a710 Vitamine K3 : 3,3 mg\/kg ; 3a820 Vitamine B1 : 20 mg\/kg ; 3a825i Vitamine B2 : 13 mg\/kg ; 3a831 Vitamine<br \/>\nB6\/chlorhydrate de pyridoxine : 17 mg\/kg ; Vitamine B12\/cyanocobalamine : 65 \u03bcg\/kg ; 3a841 D-pantoth\u00e9nate de calcium : 13 mg\/kg ;<br \/>\n3a314Niacine : 80 mg\/kg ; 3a316Acide folique : 2,3 mg\/kg ; 3a880Biotine : 550 \u03bcg\/kg ; 3a890Chlorure de choline : 1000 mg\/kg ; 3a160<br \/>\n(a) B\u00eata-carot\u00e8ne : 16 mg\/kg ; 3a920 B\u00e9ta\u00efne anhydre : 165 mg\/kg. Oligo-\u00e9l\u00e9ments : 3b106 Fer (ch\u00e9late d&#8217;acide amin\u00e9 de fer (II), hydrat\u00e9) : 17 mg\/kg ; 3b406 Cuivre (ch\u00e9late d&#8217;acide amin\u00e9 de cuivre (II), hydrat\u00e9) : 1 mg\/kg ; 3b504 Mangan\u00e8se<br \/>\n(ch\u00e9late d&#8217;acide amin\u00e9 hydrat\u00e9 de mangan\u00e8se (II)) : 38 mg\/kg ; 3b606 Zinc (ch\u00e9late d&#8217;acide amin\u00e9 hydrat\u00e9 de zinc) : 29<br \/>\nmg\/kg ; 3b202 Iode (iodate de calcium anhydre) : 0,6 mg\/kg ; 3b814 S\u00e9l\u00e9nium (analogue hydroxy de la s\u00e9l\u00e9nom\u00e9thionine) : 190 \u03bcg\/kg. Antioxydants : 1b306 (ii) Extraits d&#8217;huiles v\u00e9g\u00e9tales riches en tocoph\u00e9rols (riches en delta-tocoph\u00e9rol) : 49 mg\/kg ; 1b304<br \/>\nPalmitate d&#8217;ascorbyle : 13 mg\/kg. Ar\u00f4mes : 1,11 g\/kg.<\/p>\n<p>CONSTITUANTS ANALYTIQUES :<br \/>\nHumidit\u00e9 8,0 %, prot\u00e9ines brutes 13,0 %, mati\u00e8res grasses brutes 5,0 %, fibres brutes 3,2 %, cendres brutes 3,6 %.<\/p>\n","protected":false},"excerpt":{"rendered":"<p><img decoding=\"async\" class=\"alignnone size-full wp-image-29155\" src=\"https:\/\/avesaguiar.ch\/wp-content\/uploads\/2026\/02\/public-copie.png\" alt=\"\" width=\"260\" height=\"54\" \/><img fetchpriority=\"high\" decoding=\"async\" class=\"alignnone size-medium wp-image-28996\" src=\"https:\/\/avesaguiar.ch\/wp-content\/uploads\/2026\/02\/mobile-20-210x300.jpg\" alt=\"\" width=\"210\" height=\"300\" \/><\/p>\n","protected":false},"featured_media":28986,"comment_status":"open","ping_status":"closed","template":"","meta":[],"product_brand":[386],"product_cat":[103,173],"product_tag":[],"class_list":{"0":"post-28983","1":"product","2":"type-product","3":"status-publish","4":"has-post-thumbnail","6":"product_brand-psittacus","7":"product_cat-oiseaux","8":"product_cat-oiseaux-alimentation","11":"first","12":"instock","13":"shipping-taxable","14":"purchasable","15":"product-type-variable"},"jetpack_sharing_enabled":true,"_links":{"self":[{"href":"https:\/\/avesaguiar.ch\/es\/wp-json\/wp\/v2\/product\/28983","targetHints":{"allow":["GET"]}}],"collection":[{"href":"https:\/\/avesaguiar.ch\/es\/wp-json\/wp\/v2\/product"}],"about":[{"href":"https:\/\/avesaguiar.ch\/es\/wp-json\/wp\/v2\/types\/product"}],"replies":[{"embeddable":true,"href":"https:\/\/avesaguiar.ch\/es\/wp-json\/wp\/v2\/comments?post=28983"}],"wp:featuredmedia":[{"embeddable":true,"href":"https:\/\/avesaguiar.ch\/es\/wp-json\/wp\/v2\/media\/28986"}],"wp:attachment":[{"href":"https:\/\/avesaguiar.ch\/es\/wp-json\/wp\/v2\/media?parent=28983"}],"wp:term":[{"taxonomy":"product_brand","embeddable":true,"href":"https:\/\/avesaguiar.ch\/es\/wp-json\/wp\/v2\/product_brand?post=28983"},{"taxonomy":"product_cat","embeddable":true,"href":"https:\/\/avesaguiar.ch\/es\/wp-json\/wp\/v2\/product_cat?post=28983"},{"taxonomy":"product_tag","embeddable":true,"href":"https:\/\/avesaguiar.ch\/es\/wp-json\/wp\/v2\/product_tag?post=28983"}],"curies":[{"name":"wp","href":"https:\/\/api.w.org\/{rel}","templated":true}]}}