{"id":29274,"date":"2026-02-22T21:42:58","date_gmt":"2026-02-22T21:42:58","guid":{"rendered":"https:\/\/avesaguiar.ch\/?post_type=product&#038;p=29274"},"modified":"2026-02-22T21:54:32","modified_gmt":"2026-02-22T21:54:32","slug":"psittacus-minor","status":"publish","type":"product","link":"https:\/\/avesaguiar.ch\/es\/produit\/psittacus-minor\/","title":{"rendered":"Psittacus-Minor"},"content":{"rendered":"<p lang=\"\"><span style=\"font-size: small;\">Psittacus-Minor 450g &#8211; 3Kg -12Kg<\/span><\/p>\n<p lang=\"\"><span style=\"font-size: small;\">Minor est un aliment complet pour oiseaux psittaciformes.<\/span><\/p>\n<p lang=\"\"><span style=\"font-size: small;\">Formule pour les esp\u00e8ces de petite taille (genres Agapornis, Cyanoramphus, Pyrrhura, Forpus) qui, dans la nature, consomment une grande vari\u00e9t\u00e9 d&#8217;aliments, tels que des graines, des fruits, des baies, des feuilles, des pousses et m\u00eame certains invert\u00e9br\u00e9s.<\/span><\/p>\n<p lang=\"\"><span style=\"font-size: small;\">Sa formule a \u00e9t\u00e9 con\u00e7ue pour la phase d&#8217;inactivit\u00e9 reproductive. Sa composition permet de couvrir facilement l<\/span><\/p>\n<p lang=\"\"><span style=\"font-size: small;\">Cet aliment est formul\u00e9 pour couvrir 100 % des besoins alimentaires du perroquet. D&#8217;autres aliments tels que des fruits et des l\u00e9gumes peuvent \u00eatre ajout\u00e9s pour varier l&#8217;alimentation, \u00e0 condition que la proportion de Minor ne soit pas inf\u00e9rieure \u00e0 70 % du total.<\/span><\/p>\n<p lang=\"\"><span style=\"font-size: small;\">La consommation quotidienne varie entre 10 et 18 % du poids de l&#8217;animal.es besoins nutritionnels pendant ces p\u00e9riodes.<\/span><\/p>\n<p lang=\"\"><span style=\"font-size: small;\">Minor est un aliment complet pour oiseaux psittaciformes.<\/span><\/p>\n<p><span style=\"font-size: small;\"><span lang=\"\">COMPOSITION :<\/span><\/span><\/p>\n<p><span style=\"font-size: small;\"><span lang=\"\">C\u00e9r\u00e9ales en grains et leurs d\u00e9riv\u00e9s, graines ol\u00e9agineuses, fruits ol\u00e9agineux et leurs d\u00e9riv\u00e9s, huiles v\u00e9g\u00e9tales (colza brut, palme raffin\u00e9), graines de l\u00e9gumineuses et leurs d\u00e9riv\u00e9s, <\/span><\/span><span style=\"font-family: Calibri, sans-serif;\"><span style=\"font-size: small;\"><span lang=\"\">\u0153ufs entiers d<\/span><\/span><\/span><span style=\"font-size: small;\"><span lang=\"\">\u00e9shydrat\u00e9s, levure de bi\u00e8re s\u00e9ch\u00e9e, substances min\u00e9rales et leurs d\u00e9riv\u00e9s, inuline (Cichorium intybus), yucca Mojave.<\/span><\/span><\/p>\n<p lang=\"\"><span style=\"font-size: small;\">ADDITIFS : <\/span><\/p>\n<p lang=\"\"><span style=\"font-size: small;\">Vitamines : 3a672a Vitamine A : 5000 UI\/kg ; 3a671 Vitamine D3 : 1100 UI\/kg ; 3a700 Vitamine E : 250 mg\/kg ; 3a300 Vitamine C : 200 mg\/kg ; 3a710 Vitamine K3 : 4 mg\/kg ; 3a820 Vitamine B1 : 20 mg\/kg ; 3a825i Vitamine B2 : 16 mg\/kg ; 3a831 Vitamine B6\/Chlorhydrate de pyridoxine : 20 mg\/kg ; Vitamine B12\/Cyanocobalamine : 80 \u00b5g\/kg ; 3a841 D-pantoth\u00e9nate de calcium : 16 mg\/kg ; 3a314 Niacine : 100 mg\/kg ; 3a316 Acide folique : 4 mg\/kg ; 3a880 Biotine : 700 \u00b5g\/kg ; 3a890 Chlorure de choline : 1400 mg\/kg ; 3a160 (a) B\u00eata-carot\u00e8ne : 15 mg\/kg ; 3a920 B\u00e9ta\u00efne anhydre : 200 mg\/kg. Oligo-\u00e9l\u00e9ments : 3b106 Fer (ch\u00e9late d&#8217;acides amin\u00e9s de fer hydrat\u00e9 (II) : 23 mg\/kg ; 3b406 Cuivre (ch\u00e9late d&#8217;acides amin\u00e9s de cuivre (II) hydrat\u00e9) : 2 mg\/kg ; 3b504 Mangan\u00e8se (ch\u00e9late d&#8217;acide amin\u00e9 de mangan\u00e8se hydrat\u00e9) : 55 mg\/kg ; 3b606 Zinc (ch\u00e9late d&#8217;acides amin\u00e9s de zinc hydrat\u00e9) : 18 mg\/kg ; 3b202 Iode (iodate de calcium anhydre) : 1 mg\/kg ; 3b814 S\u00e9l\u00e9nium (analogue hydroxyl\u00e9 de la s\u00e9l\u00e9nom\u00e9thionine) : 300 \u00b5g\/kg. Acides amin\u00e9s, leurs sels et analogues : 3.2.3 L-lysine : 155 mg\/kg ; 3c301 DL-m\u00e9thionine : 191,2 mg\/kg.<\/span><\/p>\n","protected":false},"excerpt":{"rendered":"<p><img decoding=\"async\" class=\"alignnone size-full wp-image-29155\" src=\"https:\/\/avesaguiar.ch\/wp-content\/uploads\/2026\/02\/public-copie.png\" alt=\"\" width=\"260\" height=\"54\" \/><\/p>\n","protected":false},"featured_media":29278,"comment_status":"open","ping_status":"closed","template":"","meta":[],"product_brand":[386],"product_cat":[103,173],"product_tag":[],"class_list":{"0":"post-29274","1":"product","2":"type-product","3":"status-publish","4":"has-post-thumbnail","6":"product_brand-psittacus","7":"product_cat-oiseaux","8":"product_cat-oiseaux-alimentation","11":"first","12":"instock","13":"shipping-taxable","14":"purchasable","15":"product-type-variable"},"jetpack_sharing_enabled":true,"_links":{"self":[{"href":"https:\/\/avesaguiar.ch\/es\/wp-json\/wp\/v2\/product\/29274","targetHints":{"allow":["GET"]}}],"collection":[{"href":"https:\/\/avesaguiar.ch\/es\/wp-json\/wp\/v2\/product"}],"about":[{"href":"https:\/\/avesaguiar.ch\/es\/wp-json\/wp\/v2\/types\/product"}],"replies":[{"embeddable":true,"href":"https:\/\/avesaguiar.ch\/es\/wp-json\/wp\/v2\/comments?post=29274"}],"wp:featuredmedia":[{"embeddable":true,"href":"https:\/\/avesaguiar.ch\/es\/wp-json\/wp\/v2\/media\/29278"}],"wp:attachment":[{"href":"https:\/\/avesaguiar.ch\/es\/wp-json\/wp\/v2\/media?parent=29274"}],"wp:term":[{"taxonomy":"product_brand","embeddable":true,"href":"https:\/\/avesaguiar.ch\/es\/wp-json\/wp\/v2\/product_brand?post=29274"},{"taxonomy":"product_cat","embeddable":true,"href":"https:\/\/avesaguiar.ch\/es\/wp-json\/wp\/v2\/product_cat?post=29274"},{"taxonomy":"product_tag","embeddable":true,"href":"https:\/\/avesaguiar.ch\/es\/wp-json\/wp\/v2\/product_tag?post=29274"}],"curies":[{"name":"wp","href":"https:\/\/api.w.org\/{rel}","templated":true}]}}