{"id":26426,"date":"2025-11-23T20:11:11","date_gmt":"2025-11-23T20:11:11","guid":{"rendered":"https:\/\/avesaguiar.ch\/produit\/piccioni-beyers-original-25-kg\/"},"modified":"2025-11-23T20:11:11","modified_gmt":"2025-11-23T20:11:11","slug":"piccioni-beyers-original-25-kg","status":"publish","type":"product","link":"https:\/\/avesaguiar.ch\/it\/produit\/piccioni-beyers-original-25-kg\/","title":{"rendered":"Piccioni Beyers-Original 25 kg"},"content":{"rendered":"<h2>Piccioni originali &#8211; 25 kg<\/h2>\n<ul>\n<li>Da \u00b15-6 settimane dopo lo svezzamento a 2 settimane prima dell&#8217;allenamento, da aggiungere gradualmente in combinazione con <strong>ORIGINAL \u00c9LEVAGE<\/strong>.<\/li>\n<li>Questa miscela leggera e facilmente digeribile \u00e8 ideale per l&#8217;allenamento e le gare di velocit\u00e0, con una durata di volo fino a 3 ore per i piccioni.<\/li>\n<li>Durante la stagione sportiva (fino a 3 ore di volo), <strong>ORIGINAL PIGEONNEAUX<\/strong> pu\u00f2 essere integrato negli ultimi momenti di alimentazione prima del cesto con <strong>PREMIUM HI-DIGEST ENERGY<\/strong>, una miscela leggera, facilmente digeribile ma ricca di grassi.<\/li>\n<\/ul>\n<h2>Composizione<\/h2>\n<p>Mais Cribbed &#8211; sorgo rosso &#8211; grano &#8211; dari bianchi &#8211; orzo &#8211; piselli gialli &#8211; cardi &#8211; piselli verdi &#8211; avena decorticata &#8211; piselli d&#8217;acero &#8211; risone &#8211; mais merano &#8211; dunpea &#8211; grano saraceno &#8211; miglio giallo &#8211; girasoli striati &#8211; rape &#8211; colza &#8211; piselli verdi &#8211; piselli gialli &#8211; piselli verdi piccoli &#8211; trapper<\/p>\n<h2>Componenti analitici<\/h2>\n<p>Carboidrati 62,7% &#8211; proteine grezze 12,5% &#8211; grassi grezzi 5,8% &#8211; fibre grezze 5,8% &#8211; ceneri grezze 1,9% &#8211; lisina 0,50% &#8211; fosforo 0,30% &#8211; metionina 0,17% &#8211; calcio 0,07%.<\/p>\n","protected":false},"excerpt":{"rendered":"<p>Piccioni originali &#8211; 25 kg Da \u00b15-6 settimane dopo lo svezzamento a 2 settimane prima dell&#8217;allenamento, da aggiungere gradualmente in combinazione con ORIGINAL \u00c9LEVAGE. Questa miscela leggera e facilmente digeribile \u00e8 ideale per l&#8217;allenamento e le gare di velocit\u00e0, con una durata di volo fino a 3 ore per i piccioni. Durante la stagione sportiva [&hellip;]<\/p>\n","protected":false},"featured_media":26026,"comment_status":"open","ping_status":"closed","template":"","meta":[],"product_brand":[182],"product_cat":[213],"product_tag":[],"class_list":{"0":"post-26426","1":"product","2":"type-product","3":"status-publish","4":"has-post-thumbnail","6":"product_brand-beyers","7":"product_cat-alimentazione","8":"product_shipping_class-postpac-economy-30kg","11":"first","12":"instock","13":"sale","14":"shipping-taxable","15":"purchasable","16":"product-type-simple"},"jetpack_sharing_enabled":true,"_links":{"self":[{"href":"https:\/\/avesaguiar.ch\/it\/wp-json\/wp\/v2\/product\/26426","targetHints":{"allow":["GET"]}}],"collection":[{"href":"https:\/\/avesaguiar.ch\/it\/wp-json\/wp\/v2\/product"}],"about":[{"href":"https:\/\/avesaguiar.ch\/it\/wp-json\/wp\/v2\/types\/product"}],"replies":[{"embeddable":true,"href":"https:\/\/avesaguiar.ch\/it\/wp-json\/wp\/v2\/comments?post=26426"}],"wp:featuredmedia":[{"embeddable":true,"href":"https:\/\/avesaguiar.ch\/it\/wp-json\/wp\/v2\/media\/26026"}],"wp:attachment":[{"href":"https:\/\/avesaguiar.ch\/it\/wp-json\/wp\/v2\/media?parent=26426"}],"wp:term":[{"taxonomy":"product_brand","embeddable":true,"href":"https:\/\/avesaguiar.ch\/it\/wp-json\/wp\/v2\/product_brand?post=26426"},{"taxonomy":"product_cat","embeddable":true,"href":"https:\/\/avesaguiar.ch\/it\/wp-json\/wp\/v2\/product_cat?post=26426"},{"taxonomy":"product_tag","embeddable":true,"href":"https:\/\/avesaguiar.ch\/it\/wp-json\/wp\/v2\/product_tag?post=26426"}],"curies":[{"name":"wp","href":"https:\/\/api.w.org\/{rel}","templated":true}]}}