{"id":26443,"date":"2025-11-23T20:38:43","date_gmt":"2025-11-23T20:38:43","guid":{"rendered":"https:\/\/avesaguiar.ch\/produit\/miscela-minerale-beyers-urtica-chlorella-5-kg\/"},"modified":"2025-11-23T20:38:43","modified_gmt":"2025-11-23T20:38:43","slug":"miscela-minerale-beyers-urtica-chlorella-5-kg","status":"publish","type":"product","link":"https:\/\/avesaguiar.ch\/it\/produit\/miscela-minerale-beyers-urtica-chlorella-5-kg\/","title":{"rendered":"Miscela minerale Beyers-Urtica-Chlorella 5 Kg"},"content":{"rendered":"<p><strong>MIX MINERALE CON PRODOTTI DI QUALIT\u00c0 ESSENZIALI COME GRANIGLIA, GHIAIA E ARGILLA, INTEGRATI CON PIANTE RICCHE DI OLIO, SEMI E GRANULI. CI\u00d2 CHE RENDE IL MIX MINERALE URTICA CHLORELLA COS\u00cc UNICO \u00c8 L&#8217;AGGIUNTA DI ORTICA E CLORELLA. <\/strong><\/p>\n<ul>\n<li>L&#8217;ortica (nome botanico = Urtica dioica) purifica il sangue e ha anche propriet\u00e0 antiallergiche. Inoltre, favorisce l&#8217;eliminazione dell&#8217;acido urico muscolare e delle tossine. L&#8217;ortica \u00e8 anche ricca di calcio e ferro.  <\/li>\n<li>L&#8217;alga d&#8217;acqua dolce Chlorella \u00e8 a sua volta nota per il suo alto contenuto di clorofilla. La clorella essiccata ha un contenuto proteico del 60%. Queste proteine contribuiscono alla formazione dei muscoli dei tuoi piccioni.  <\/li>\n<li>La combinazione di prodotti a base di graniglia e argilla, piccoli semi ricchi di grassi con un contenuto proteico molto utile (semi di colza, semi di lino, cardi, semi di sesamo, fagioli mung,&#8230;), rende Urtica Chlorella Mineral Mix un prodotto vario che non dovrebbe mancare nella cura quotidiana dei tuoi piccioni e che ti aiuter\u00e0 a mantenerli in condizioni ottimali.<\/li>\n<\/ul>\n<p><strong>ISTRUZIONI PER L&#8217;USO<\/strong><\/p>\n<ul>\n<li><em>Durante l&#8217;allevamento, la stagione sportiva e la muta <\/em>: fino al 10% della razione alimentare su base giornaliera.<\/li>\n<li><em>Durante i periodi di riposo <\/em>: ogni giorno fino al 5% della razione alimentare.<\/li>\n<\/ul>\n<p><strong>COMPOSIZIONE<\/strong><\/p>\n<p>Gusci di calcare, pietra rossa, gastroliti, semi di colza, semi di lino, sorgo bianco, dari, scagliola, cardi, riso, semi di sesamo, miglio giallo, miglio bianco, sorgo rosso, carbonato di calcio, cloruro di sodio, fagioli mung, avena decorticata, frumento, glutine di mais, mais, glutine di frumento per mangimi, ortica, clorella, lievito, olio di soia, fosfato bicalcico, radice proteica di riso, lecitina&#8230;<\/p>\n<p><strong>COMPONENTI ANALITICI<\/strong><\/p>\n<ul>\n<li>Calcio 14,00<\/li>\n<li>Fosforo 0,19<\/li>\n<li>Sodio 0,90<\/li>\n<li>Lisina 0,18<\/li>\n<li>Metionina 0,10<\/li>\n<li><img decoding=\"async\" class=\"\" src=\"https:\/\/beyersbelgium.be\/wp-content\/themes\/wpbase_v2.0\/assets\/images\/symbol-Support.svg\" alt=\"Supporto\" width=\"70\" height=\"70\"><img decoding=\"async\" class=\"\" src=\"https:\/\/beyersbelgium.be\/wp-content\/themes\/wpbase_v2.0\/assets\/images\/symbol-Yearround.svg\" alt=\"Tutto l'anno\" width=\"64\" height=\"64\"><\/li>\n<\/ul>\n","protected":false},"excerpt":{"rendered":"<p>MIX MINERALE CON PRODOTTI DI QUALIT\u00c0 ESSENZIALI COME GRANIGLIA, GHIAIA E ARGILLA, INTEGRATI CON PIANTE RICCHE DI OLIO, SEMI E GRANULI. CI\u00d2 CHE RENDE IL MIX MINERALE URTICA CHLORELLA COS\u00cc UNICO \u00c8 L&#8217;AGGIUNTA DI ORTICA E CLORELLA. L&#8217;ortica (nome botanico = Urtica dioica) purifica il sangue e ha anche propriet\u00e0 antiallergiche. Inoltre, favorisce l&#8217;eliminazione dell&#8217;acido [&hellip;]<\/p>\n","protected":false},"featured_media":26061,"comment_status":"open","ping_status":"closed","template":"","meta":[],"product_brand":[182],"product_cat":[213,212],"product_tag":[],"class_list":{"0":"post-26443","1":"product","2":"type-product","3":"status-publish","4":"has-post-thumbnail","6":"product_brand-beyers","7":"product_cat-alimentazione","8":"product_cat-integratori-alimentari","9":"product_shipping_class-postpac-economia-10kg","12":"first","13":"instock","14":"shipping-taxable","15":"purchasable","16":"product-type-simple"},"jetpack_sharing_enabled":true,"_links":{"self":[{"href":"https:\/\/avesaguiar.ch\/it\/wp-json\/wp\/v2\/product\/26443","targetHints":{"allow":["GET"]}}],"collection":[{"href":"https:\/\/avesaguiar.ch\/it\/wp-json\/wp\/v2\/product"}],"about":[{"href":"https:\/\/avesaguiar.ch\/it\/wp-json\/wp\/v2\/types\/product"}],"replies":[{"embeddable":true,"href":"https:\/\/avesaguiar.ch\/it\/wp-json\/wp\/v2\/comments?post=26443"}],"wp:featuredmedia":[{"embeddable":true,"href":"https:\/\/avesaguiar.ch\/it\/wp-json\/wp\/v2\/media\/26061"}],"wp:attachment":[{"href":"https:\/\/avesaguiar.ch\/it\/wp-json\/wp\/v2\/media?parent=26443"}],"wp:term":[{"taxonomy":"product_brand","embeddable":true,"href":"https:\/\/avesaguiar.ch\/it\/wp-json\/wp\/v2\/product_brand?post=26443"},{"taxonomy":"product_cat","embeddable":true,"href":"https:\/\/avesaguiar.ch\/it\/wp-json\/wp\/v2\/product_cat?post=26443"},{"taxonomy":"product_tag","embeddable":true,"href":"https:\/\/avesaguiar.ch\/it\/wp-json\/wp\/v2\/product_tag?post=26443"}],"curies":[{"name":"wp","href":"https:\/\/api.w.org\/{rel}","templated":true}]}}