{"id":26447,"date":"2025-11-21T20:38:20","date_gmt":"2025-11-21T20:38:20","guid":{"rendered":"https:\/\/avesaguiar.ch\/produit\/bevo-pasta-gialla-per-bestiame-sacco-da-5-kg\/"},"modified":"2025-11-21T20:38:20","modified_gmt":"2025-11-21T20:38:20","slug":"bevo-pasta-gialla-per-bestiame-sacco-da-5-kg","status":"publish","type":"product","link":"https:\/\/avesaguiar.ch\/it\/produit\/bevo-pasta-gialla-per-bestiame-sacco-da-5-kg\/","title":{"rendered":"BEVO PASTA GIALLA PER BESTIAME SACCO DA 5 KG"},"content":{"rendered":"<h3 style=\"font-weight: 400;\">DESCRIZIONE<\/h3>\n<p style=\"font-weight: 400;\">Questo <b>sacco da 5 kg<\/b> di <b>Bevo Yellow Patee Elevage<\/b> \u00e8 stato appositamente formulato per soddisfare le esigenze nutrizionali degli uccelli ornamentali. Con un peso di 5 kg, questo alimento \u00e8 ideale per i proprietari che desiderano fornire ai loro uccelli un pasto equilibrato e nutriente. Il mangime per uova Benelux contiene nutrienti e vitamine essenziali per sostenere la salute e la vitalit\u00e0 degli uccelli ornamentali.  <\/p>\n<p style=\"font-weight: 400;\">Il mangime per uova giallo Bevo \u00e8 facilmente digeribile e pu\u00f2 aiutare a promuovere un piumaggio sano e una crescita ottimale. Il colore giallo del mangime per uova stimoler\u00e0 sicuramente l&#8217;appetito dei tuoi uccelli e costituir\u00e0 un&#8217;aggiunta colorata alla loro dieta. Grazie alla comprovata qualit\u00e0 Benelux, puoi essere certo che i tuoi uccelli ornamentali ricevano il cibo migliore che meritano.  <\/p>\n<p style=\"font-weight: 400;\">Dai ai tuoi uccelli ornamentali il nutrimento di cui hanno bisogno e ordina oggi stesso il <b>sacco da 5 kg di Patee elevage yellow Bevo<\/b> da Benelux. I tuoi amici pennuti ti ringrazieranno! 24.95<\/p>\n","protected":false},"excerpt":{"rendered":"<p>DESCRIZIONE Questo sacco da 5 kg di Bevo Yellow Patee Elevage \u00e8 stato appositamente formulato per soddisfare le esigenze nutrizionali degli uccelli ornamentali. Con un peso di 5 kg, questo alimento \u00e8 ideale per i proprietari che desiderano fornire ai loro uccelli un pasto equilibrato e nutriente. Il mangime per uova Benelux contiene nutrienti e [&hellip;]<\/p>\n","protected":false},"featured_media":25772,"comment_status":"open","ping_status":"closed","template":"","meta":[],"product_brand":[187],"product_cat":[244],"product_tag":[],"class_list":{"0":"post-26447","1":"product","2":"type-product","3":"status-publish","4":"has-post-thumbnail","6":"product_brand-kinlys","7":"product_cat-alimentazione-2","8":"product_shipping_class-postpac-economia-10kg","11":"first","12":"instock","13":"shipping-taxable","14":"purchasable","15":"product-type-simple"},"jetpack_sharing_enabled":true,"_links":{"self":[{"href":"https:\/\/avesaguiar.ch\/it\/wp-json\/wp\/v2\/product\/26447","targetHints":{"allow":["GET"]}}],"collection":[{"href":"https:\/\/avesaguiar.ch\/it\/wp-json\/wp\/v2\/product"}],"about":[{"href":"https:\/\/avesaguiar.ch\/it\/wp-json\/wp\/v2\/types\/product"}],"replies":[{"embeddable":true,"href":"https:\/\/avesaguiar.ch\/it\/wp-json\/wp\/v2\/comments?post=26447"}],"wp:featuredmedia":[{"embeddable":true,"href":"https:\/\/avesaguiar.ch\/it\/wp-json\/wp\/v2\/media\/25772"}],"wp:attachment":[{"href":"https:\/\/avesaguiar.ch\/it\/wp-json\/wp\/v2\/media?parent=26447"}],"wp:term":[{"taxonomy":"product_brand","embeddable":true,"href":"https:\/\/avesaguiar.ch\/it\/wp-json\/wp\/v2\/product_brand?post=26447"},{"taxonomy":"product_cat","embeddable":true,"href":"https:\/\/avesaguiar.ch\/it\/wp-json\/wp\/v2\/product_cat?post=26447"},{"taxonomy":"product_tag","embeddable":true,"href":"https:\/\/avesaguiar.ch\/it\/wp-json\/wp\/v2\/product_tag?post=26447"}],"curies":[{"name":"wp","href":"https:\/\/api.w.org\/{rel}","templated":true}]}}